{"id":3302,"date":"2018-04-12T09:09:47","date_gmt":"2018-04-12T06:09:47","guid":{"rendered":"http:\/\/www.ttistanbulspor.org\/?post_type=product&#038;p=3302"},"modified":"2018-04-12T09:09:47","modified_gmt":"2018-04-12T06:09:47","slug":"yildiz-sayan-agac","status":"publish","type":"product","link":"https:\/\/www.ttistanbulspor.org\/index.php\/urun\/yildiz-sayan-agac\/","title":{"rendered":"YILDIZ SAYAN A\u011eA\u00c7"},"content":{"rendered":"<p>\u00c7ocuk sorunlar\u0131 ve edebiyat\u0131na hayat\u0131n\u0131 vakfetmi\u015f olan Mustafa Ruhi \u015eirin&#8217;in toplu \u015fiirleri&#8230;<\/p>\n","protected":false},"excerpt":{"rendered":"<p>\u00c7ocuk sorunlar\u0131 ve edebiyat\u0131na hayat\u0131n\u0131 vakfetmi\u015f olan Mustafa Ruhi \u015eirin&#8217;in toplu \u015fiirleri&#8230;<\/p>\n","protected":false},"featured_media":0,"comment_status":"open","ping_status":"closed","template":"","meta":[],"class_list":["post-3302","product","type-product","status-publish","hentry","product_cat-edebiyat"],"_links":{"self":[{"href":"https:\/\/www.ttistanbulspor.org\/index.php\/wp-json\/wp\/v2\/product\/3302","targetHints":{"allow":["GET"]}}],"collection":[{"href":"https:\/\/www.ttistanbulspor.org\/index.php\/wp-json\/wp\/v2\/product"}],"about":[{"href":"https:\/\/www.ttistanbulspor.org\/index.php\/wp-json\/wp\/v2\/types\/product"}],"replies":[{"embeddable":true,"href":"https:\/\/www.ttistanbulspor.org\/index.php\/wp-json\/wp\/v2\/comments?post=3302"}],"wp:attachment":[{"href":"https:\/\/www.ttistanbulspor.org\/index.php\/wp-json\/wp\/v2\/media?parent=3302"}],"curies":[{"name":"wp","href":"https:\/\/api.w.org\/{rel}","templated":true}]}}