{"id":3118,"date":"2018-04-05T11:16:08","date_gmt":"2018-04-05T08:16:08","guid":{"rendered":"http:\/\/www.ttistanbulspor.org\/?post_type=product&#038;p=3118"},"modified":"2018-04-05T11:16:08","modified_gmt":"2018-04-05T08:16:08","slug":"her-yer-kerbela","status":"publish","type":"product","link":"https:\/\/www.ttistanbulspor.org\/index.php\/urun\/her-yer-kerbela\/","title":{"rendered":"Her Yer Kerbela"},"content":{"rendered":"<p>Hz. Muhammed&#8217;in kutlu soyundan gelen Hz. Fat\u0131ma ile, onun kutlu e\u015fi, Peygamber&#8217;in amcas\u0131n\u0131n o\u011flu, Allah&#8217;\u0131n arslan\u0131, velilerin sultan\u0131, bilgeli\u011fin b\u00fcy\u00fck k\u0131lavuzu Hz. Ali ile; yine cennet gen\u00e7lerinin efendisi olan Hz. Hasan ve H\u00fcseyin, \u0130slam gelene\u011finin bir bak\u0131ma kurucu ailesini olu\u015fturur.<\/p>\n<p>Peygamber&#8217;in sevgili torunu Hz. H\u00fcseyin&#8217;in, \u0130slam&#8217;\u0131n kurucu ilkeleri u\u011fruna can\u0131n\u0131 verdi\u011fi Kerbela, \u0130slam tarihindeki en \u00f6nemli k\u0131r\u0131lma anlar\u0131ndan biridir.<\/p>\n<p>Elinizdeki kitap, bu kutlu soyun u\u011frad\u0131\u011f\u0131 zulme, bu b\u00fcy\u00fck zulm\u00fcn manevi anlam\u0131na, Kerbela&#8217;da ya\u015fanan o y\u00fcrek da\u011flay\u0131c\u0131 olaya, \u00f6ncesi ve sonras\u0131na, irfani ve tarihi y\u00f6nleriyle \u0131\u015f\u0131k tutmaya \u00e7al\u0131\u015fan \u00e7e\u015fitli konu\u015fmalardan olu\u015fuyor.<\/p>\n<p>Seyyid H\u00fcseyin Nasr&#8217;dan Abdulkerim S\u00fcru\u015f&#8221;a, Prof. Dr. Ahmet Ya\u015far Ocaktan Reha \u00c7amuro\u011flu&#8217;na, H\u00fcseyin Hatemi&#8217;den, Caferi cemaatinin k\u0131lavuzu Alevi dedelerinden Selahattin \u00d6zg\u00fcnd\u00fcz hocaya kadar bir\u00e7ok Ehlibeyt \u00e2\u015f\u0131\u011f\u0131 ve uzman\u0131yla yap\u0131lm\u0131\u015f bu s\u00f6yle\u015filer, okuyanda Ehlibeyt sevgi ve sayg\u0131s\u0131n\u0131 derinle\u015ftirecek, Kerbela&#8217;n\u0131n hat\u0131ras\u0131n\u0131 canl\u0131 tutacak ve Hz. H\u00fcseyin&#8217;in insanl\u0131\u011fa verdi\u011fi dersi bir kez daha hat\u0131rlatacakt\u0131r.<\/p>\n","protected":false},"excerpt":{"rendered":"<p>Hz. Muhammed&#8217;in kutlu soyundan gelen Hz. Fat\u0131ma ile, onun kutlu e\u015fi, Peygamber&#8217;in amcas\u0131n\u0131n o\u011flu, Allah&#8217;\u0131n [&#8230;]<\/p>\n","protected":false},"featured_media":0,"comment_status":"open","ping_status":"closed","template":"","meta":[],"class_list":["post-3118","product","type-product","status-publish","hentry","product_cat-din-mitoloji"],"_links":{"self":[{"href":"https:\/\/www.ttistanbulspor.org\/index.php\/wp-json\/wp\/v2\/product\/3118","targetHints":{"allow":["GET"]}}],"collection":[{"href":"https:\/\/www.ttistanbulspor.org\/index.php\/wp-json\/wp\/v2\/product"}],"about":[{"href":"https:\/\/www.ttistanbulspor.org\/index.php\/wp-json\/wp\/v2\/types\/product"}],"replies":[{"embeddable":true,"href":"https:\/\/www.ttistanbulspor.org\/index.php\/wp-json\/wp\/v2\/comments?post=3118"}],"wp:attachment":[{"href":"https:\/\/www.ttistanbulspor.org\/index.php\/wp-json\/wp\/v2\/media?parent=3118"}],"curies":[{"name":"wp","href":"https:\/\/api.w.org\/{rel}","templated":true}]}}