{"id":3117,"date":"2018-04-05T08:35:32","date_gmt":"2018-04-05T05:35:32","guid":{"rendered":"http:\/\/www.ttistanbulspor.org\/?post_type=product&#038;p=3117"},"modified":"2018-04-05T08:35:32","modified_gmt":"2018-04-05T05:35:32","slug":"yasasin-hayat","status":"publish","type":"product","link":"https:\/\/www.ttistanbulspor.org\/index.php\/urun\/yasasin-hayat\/","title":{"rendered":"Ya\u015fas\u0131n Hayat"},"content":{"rendered":"<p>Teknolojik ilerlemeler, hastal\u0131klar\u0131n te\u015fhis ve tedavisinde de kolayl\u0131klar sa\u011flad\u0131 ve eski zamanlara oranla insan \u00f6mr\u00fc epeyce uzad\u0131. Modern t\u0131p her ne kadar ileri bir geli\u015fkinlik d\u00fczeyine ula\u015fsa da ya\u015faman\u0131n kalitesi insana ba\u011fl\u0131. \u0130leri toplumlarda iyi g\u00f6rmeyen, iyi duymayan ya\u015fl\u0131 n\u00fcfusun \u00e7oklu\u011fu, toplumun her katman\u0131nda hastal\u0131k derecesine varan \u015fi\u015fmanl\u0131klar, kalp-damar, beyin-damar hastal\u0131klar\u0131nda say\u0131n\u0131n artmas\u0131na neden oluyor.<\/p>\n","protected":false},"excerpt":{"rendered":"<p>Teknolojik ilerlemeler, hastal\u0131klar\u0131n te\u015fhis ve tedavisinde de kolayl\u0131klar sa\u011flad\u0131 ve eski zamanlara oranla insan \u00f6mr\u00fc [&#8230;]<\/p>\n","protected":false},"featured_media":0,"comment_status":"open","ping_status":"closed","template":"","meta":[],"class_list":["post-3117","product","type-product","status-publish","hentry","product_cat-saglik"],"_links":{"self":[{"href":"https:\/\/www.ttistanbulspor.org\/index.php\/wp-json\/wp\/v2\/product\/3117","targetHints":{"allow":["GET"]}}],"collection":[{"href":"https:\/\/www.ttistanbulspor.org\/index.php\/wp-json\/wp\/v2\/product"}],"about":[{"href":"https:\/\/www.ttistanbulspor.org\/index.php\/wp-json\/wp\/v2\/types\/product"}],"replies":[{"embeddable":true,"href":"https:\/\/www.ttistanbulspor.org\/index.php\/wp-json\/wp\/v2\/comments?post=3117"}],"wp:attachment":[{"href":"https:\/\/www.ttistanbulspor.org\/index.php\/wp-json\/wp\/v2\/media?parent=3117"}],"curies":[{"name":"wp","href":"https:\/\/api.w.org\/{rel}","templated":true}]}}