{"id":3084,"date":"2018-04-04T14:12:13","date_gmt":"2018-04-04T11:12:13","guid":{"rendered":"http:\/\/www.ttistanbulspor.org\/?post_type=product&#038;p=3084"},"modified":"2018-04-04T14:17:26","modified_gmt":"2018-04-04T11:17:26","slug":"ben-dunyanin-en-akilli-insaniyim","status":"publish","type":"product","link":"https:\/\/www.ttistanbulspor.org\/index.php\/urun\/ben-dunyanin-en-akilli-insaniyim\/","title":{"rendered":"Ben D\u00fcnyan\u0131n En Ak\u0131ll\u0131 \u0130nsan\u0131y\u0131m"},"content":{"rendered":"<p style=\"text-align: left;\">Buraya \u00f6zge\u00e7mi\u015fimi yazmak isterdim ama benim \u00f6zge\u00e7mi\u015fim yok. CV&#8217;m de yok! Ben d\u00fcnle de\u011fil, daha \u00e7ok bug\u00fcn ve yar\u0131nla ilgilenirim. \u00c7\u00fcnk\u00fc d\u00fcne bakarsam ya\u015fad\u0131\u011f\u0131m negatif olaylar\u0131 referans alabilir ve hareket alan\u0131m\u0131 daraltabilirim. \u00d6rne\u011fin mezun oldu\u011fum okul en iyisi de\u011filse, en iyi okuldan mezun olan birini benden daha iyi g\u00f6rme gafletine d\u00fc\u015febilirim. Oysa ben hen\u00fcz hi\u00e7bir negatifli\u011fe bula\u015fmayan bug\u00fcn ve yar\u0131nla ilgilenirim. Bu beni daima en \u00f6ne g\u00f6t\u00fcr\u00fcr. \u00c7\u00fcnk\u00fc gelece\u011fimi \u015fekillendiren d\u00fcn\u00fcn geyi\u011fi de\u011fil, yar\u0131n\u0131n hayalleridir.<\/p>\n","protected":false},"excerpt":{"rendered":"<p>Buraya \u00f6zge\u00e7mi\u015fimi yazmak isterdim ama benim \u00f6zge\u00e7mi\u015fim yok. CV&#8217;m de yok! Ben d\u00fcnle de\u011fil, daha [&#8230;]<\/p>\n","protected":false},"featured_media":0,"comment_status":"open","ping_status":"closed","template":"","meta":[],"class_list":["post-3084","product","type-product","status-publish","hentry","product_cat-kisiselgelisim"],"_links":{"self":[{"href":"https:\/\/www.ttistanbulspor.org\/index.php\/wp-json\/wp\/v2\/product\/3084","targetHints":{"allow":["GET"]}}],"collection":[{"href":"https:\/\/www.ttistanbulspor.org\/index.php\/wp-json\/wp\/v2\/product"}],"about":[{"href":"https:\/\/www.ttistanbulspor.org\/index.php\/wp-json\/wp\/v2\/types\/product"}],"replies":[{"embeddable":true,"href":"https:\/\/www.ttistanbulspor.org\/index.php\/wp-json\/wp\/v2\/comments?post=3084"}],"wp:attachment":[{"href":"https:\/\/www.ttistanbulspor.org\/index.php\/wp-json\/wp\/v2\/media?parent=3084"}],"curies":[{"name":"wp","href":"https:\/\/api.w.org\/{rel}","templated":true}]}}