{"id":3070,"date":"2018-04-04T11:17:10","date_gmt":"2018-04-04T08:17:10","guid":{"rendered":"http:\/\/www.ttistanbulspor.org\/?post_type=product&#038;p=3070"},"modified":"2018-04-04T11:17:10","modified_gmt":"2018-04-04T08:17:10","slug":"ufak-seyleri-dert-etmeyin","status":"publish","type":"product","link":"https:\/\/www.ttistanbulspor.org\/index.php\/urun\/ufak-seyleri-dert-etmeyin\/","title":{"rendered":"Ufak \u015eeyleri Dert Etmeyin"},"content":{"rendered":"<p>\u2018Ufak \u015feyleri dert etmedi\u011finiz\u2019 zaman ya\u015fam\u0131n\u0131z\u0131n kusursuz olmayacak fakat hayat\u0131n size sunduklar\u0131n\u0131 daha az diren\u00e7le kabullenmeyi \u00f6\u011freneceksiniz. Zen felsefesinin anlatt\u0131\u011f\u0131 gibi, b\u00fct\u00fcn g\u00fcc\u00fcn\u00fczle direnmek yerine, sorunlar\u0131 \u2018b\u0131rakmay\u0131\u2019 \u00f6\u011frendi\u011finiz zaman, ya\u015fam\u0131n\u0131z su gibi akmaya ba\u015flayacakt\u0131r. S\u00fckunet duas\u0131n\u0131n \u00f6nerdi\u011fi gibi siz de \u2018De\u011fi\u015ftirebilece\u011finiz \u015feyleri de\u011fi\u015ftirecek, de\u011fi\u015ftiremediklerinizi kabullenecek ve ikisinin aras\u0131ndaki fark\u0131 anlayacak kadar bilge olacaks\u0131n\u0131z.\u2019<\/p>\n<p>\u2018Ufak \u015eeyleri Dert Etmeyin\u2019 New York Times Besteller Listesinde 100 haftay\u0131 a\u015fk\u0131n bir s\u00fcre boyunca yerini koruyan kitap, 135 \u00fclkede ve 35 dilde yay\u0131nland\u0131. Amerike da ilk defa bir kitap bir y\u0131lda 5.7 Milyon satt\u0131..<\/p>\n<p>Daha huzurlu olman\u0131z dile\u011fiyle<\/p>\n","protected":false},"excerpt":{"rendered":"<p>\u2018Ufak \u015feyleri dert etmedi\u011finiz\u2019 zaman ya\u015fam\u0131n\u0131z\u0131n kusursuz olmayacak fakat hayat\u0131n size sunduklar\u0131n\u0131 daha az diren\u00e7le [&#8230;]<\/p>\n","protected":false},"featured_media":0,"comment_status":"open","ping_status":"closed","template":"","meta":[],"class_list":["post-3070","product","type-product","status-publish","hentry","product_cat-kisiselgelisim"],"_links":{"self":[{"href":"https:\/\/www.ttistanbulspor.org\/index.php\/wp-json\/wp\/v2\/product\/3070","targetHints":{"allow":["GET"]}}],"collection":[{"href":"https:\/\/www.ttistanbulspor.org\/index.php\/wp-json\/wp\/v2\/product"}],"about":[{"href":"https:\/\/www.ttistanbulspor.org\/index.php\/wp-json\/wp\/v2\/types\/product"}],"replies":[{"embeddable":true,"href":"https:\/\/www.ttistanbulspor.org\/index.php\/wp-json\/wp\/v2\/comments?post=3070"}],"wp:attachment":[{"href":"https:\/\/www.ttistanbulspor.org\/index.php\/wp-json\/wp\/v2\/media?parent=3070"}],"curies":[{"name":"wp","href":"https:\/\/api.w.org\/{rel}","templated":true}]}}