{"id":3064,"date":"2018-04-04T10:56:55","date_gmt":"2018-04-04T07:56:55","guid":{"rendered":"http:\/\/www.ttistanbulspor.org\/?post_type=product&#038;p=3064"},"modified":"2018-04-04T10:56:55","modified_gmt":"2018-04-04T07:56:55","slug":"acimasiz-hikaye","status":"publish","type":"product","link":"https:\/\/www.ttistanbulspor.org\/index.php\/urun\/acimasiz-hikaye\/","title":{"rendered":"Ac\u0131mas\u0131z Hikaye"},"content":{"rendered":"<p>Yine sessizlik \u00e7\u00f6km\u00fc\u015ft\u00fc.<br \/>\nO suskunlukta akla gelebilecek<br \/>\nen k\u00f6t\u00fc \u015fey bar\u0131n\u0131yordu.<\/p>\n<p>Armand Gamache, Three Pines k\u00f6y\u00fcne bir cinayet soru\u015fturmas\u0131 i\u00e7in \u00e7a\u011fr\u0131ld\u0131\u011f\u0131nda g\u00f6rd\u00fckleri kar\u015f\u0131s\u0131nda \u015fa\u015fk\u0131na d\u00f6ner. Bir ceset bistronun ortas\u0131nda yatmaktad\u0131r, Gamache\u2019\u0131n en yak\u0131n dostlar\u0131ndan, mek\u00e2n\u0131n sahibi Olivier de ba\u015f \u015f\u00fcphelidir. Ancak olayla hi\u00e7bir ilgisi<br \/>\nbulunmad\u0131\u011f\u0131n\u0131 iddia eder.<\/p>\n<p>Arkada\u015f\u0131n\u0131n ipin ucunda bekledi\u011fi bu soru\u015fturma, Gamache\u2019\u0131 katilin izlerini takip etme ve ger\u00e7e\u011fi g\u00f6rebilme konusunda zora sokar. Maktul\u00fcn ya\u015fad\u0131\u011f\u0131 antika e\u015fyalarla donat\u0131lm\u0131\u015f, k\u00f6hne orman kul\u00fcbesi ise soru i\u015faretlerini \u00e7o\u011faltmaktan ba\u015fka i\u015fe yaramaz. Olay yerinde bulunan \u015fifreler, \u0130kinci D\u00fcnya Sava\u015f\u0131\u2019yla ba\u011flant\u0131l\u0131 gibi g\u00f6r\u00fcnen e\u015fyalar ve ac\u0131mas\u0131z bir hik\u00e2ye s\u0131rlar\u0131n\u0131 ortaya d\u00f6kmek i\u00e7in orman\u0131n derinliklerinde beklemektedir.<\/p>\n","protected":false},"excerpt":{"rendered":"<p>Yine sessizlik \u00e7\u00f6km\u00fc\u015ft\u00fc. O suskunlukta akla gelebilecek en k\u00f6t\u00fc \u015fey bar\u0131n\u0131yordu. Armand Gamache, Three Pines [&#8230;]<\/p>\n","protected":false},"featured_media":0,"comment_status":"open","ping_status":"closed","template":"","meta":[],"class_list":["post-3064","product","type-product","status-publish","hentry","product_cat-polisiye"],"_links":{"self":[{"href":"https:\/\/www.ttistanbulspor.org\/index.php\/wp-json\/wp\/v2\/product\/3064","targetHints":{"allow":["GET"]}}],"collection":[{"href":"https:\/\/www.ttistanbulspor.org\/index.php\/wp-json\/wp\/v2\/product"}],"about":[{"href":"https:\/\/www.ttistanbulspor.org\/index.php\/wp-json\/wp\/v2\/types\/product"}],"replies":[{"embeddable":true,"href":"https:\/\/www.ttistanbulspor.org\/index.php\/wp-json\/wp\/v2\/comments?post=3064"}],"wp:attachment":[{"href":"https:\/\/www.ttistanbulspor.org\/index.php\/wp-json\/wp\/v2\/media?parent=3064"}],"curies":[{"name":"wp","href":"https:\/\/api.w.org\/{rel}","templated":true}]}}