{"id":3062,"date":"2018-04-04T10:45:13","date_gmt":"2018-04-04T07:45:13","guid":{"rendered":"http:\/\/www.ttistanbulspor.org\/?post_type=product&#038;p=3062"},"modified":"2018-04-04T10:45:13","modified_gmt":"2018-04-04T07:45:13","slug":"aeden-bir-dunya-hikayesi","status":"publish","type":"product","link":"https:\/\/www.ttistanbulspor.org\/index.php\/urun\/aeden-bir-dunya-hikayesi\/","title":{"rendered":"Aeden &#8211; Bir D\u00fcnya Hikayesi"},"content":{"rendered":"<p>Geri d\u00f6nm\u00fcyorlard\u0131!<br \/>\nArt\u0131k niye D\u00fcnya&#8217;da olduklar\u0131n\u0131 biliyorlard\u0131.<br \/>\nYa\u015fam enerjisinin bu \u015fekilde ya\u011fmalanmas\u0131na izin vermeyeceklerdi, ne pahas\u0131na olursa olsun ona sahip \u00e7\u0131kacaklard\u0131.<br \/>\nEvrende hata yoktu, tesad\u00fcf yoktu!<br \/>\nNihayet anlam\u0131\u015flard\u0131.<br \/>\n\u0130nsan do\u011fulmaz, insan olunurdu.<br \/>\nMasalla ger\u00e7e\u011fi ay\u0131rt edebilecek okurlara&#8230;<\/p>\n","protected":false},"excerpt":{"rendered":"<p>Geri d\u00f6nm\u00fcyorlard\u0131! Art\u0131k niye D\u00fcnya&#8217;da olduklar\u0131n\u0131 biliyorlard\u0131. Ya\u015fam enerjisinin bu \u015fekilde ya\u011fmalanmas\u0131na izin vermeyeceklerdi, ne [&#8230;]<\/p>\n","protected":false},"featured_media":0,"comment_status":"open","ping_status":"closed","template":"","meta":[],"class_list":["post-3062","product","type-product","status-publish","hentry","product_cat-genel"],"_links":{"self":[{"href":"https:\/\/www.ttistanbulspor.org\/index.php\/wp-json\/wp\/v2\/product\/3062","targetHints":{"allow":["GET"]}}],"collection":[{"href":"https:\/\/www.ttistanbulspor.org\/index.php\/wp-json\/wp\/v2\/product"}],"about":[{"href":"https:\/\/www.ttistanbulspor.org\/index.php\/wp-json\/wp\/v2\/types\/product"}],"replies":[{"embeddable":true,"href":"https:\/\/www.ttistanbulspor.org\/index.php\/wp-json\/wp\/v2\/comments?post=3062"}],"wp:attachment":[{"href":"https:\/\/www.ttistanbulspor.org\/index.php\/wp-json\/wp\/v2\/media?parent=3062"}],"curies":[{"name":"wp","href":"https:\/\/api.w.org\/{rel}","templated":true}]}}