{"id":2831,"date":"2018-03-29T10:02:59","date_gmt":"2018-03-29T07:02:59","guid":{"rendered":"http:\/\/www.ttistanbulspor.org\/?post_type=product&#038;p=2831"},"modified":"2018-03-29T10:02:59","modified_gmt":"2018-03-29T07:02:59","slug":"beyaz-zambaklar-ulkesinde","status":"publish","type":"product","link":"https:\/\/www.ttistanbulspor.org\/index.php\/urun\/beyaz-zambaklar-ulkesinde\/","title":{"rendered":"Beyaz Zambaklar \u00dclkesinde"},"content":{"rendered":"<p>Beyaz Zambaklar \u00dclkesinde, Mustafa Kemal Atat\u00fcrk zaman\u0131nda T\u00fcrk\u00e7eye ilk kez \u00e7evrildi. Atat\u00fcrk, kitab\u0131 okudu\u011funda bu destans\u0131 ba\u015far\u0131ya tek kelimeyle hayran olmu\u015ftu. Derhal kitab\u0131n \u00fclkedeki okullar\u0131n, \u00f6zellikle askeri okullar\u0131n m\u00fcfredat\u0131na dahil edilmesini emretti. T\u00fcrk askerleri \u00fclkelerindeki \u201cya\u015fam\u0131 yenilemek\u201d i\u00e7in mutlaka bu kitab\u0131 okumal\u0131yd\u0131lar. O vakitler, kitap o kadar \u00e7ok ilgi g\u00f6rd\u00fc ki, Kuran-\u0131 Kerim\u2019den sonra en \u00e7ok okunan kitap haline geldi.<\/p>\n<p>&nbsp;<\/p>\n<p>Bu kitap t\u00fcm yoksullu\u011fa, imkans\u0131zl\u0131klara ve elveri\u015fsiz do\u011fa ko\u015fullar\u0131na ra\u011fmen, bir avu\u00e7 ayd\u0131n\u0131n \u00f6nderli\u011finde; askerlerden din adamlar\u0131na, profes\u00f6rlerden \u00f6\u011fretmenlere, doktorlardan i\u015fadamlar\u0131na kadar, her meslekten insan\u0131n omuz omuza bir dayan\u0131\u015fma sergileyerek, Finlandiya\u2019y\u0131, \u00fclkelerini geri kalm\u0131\u015fl\u0131ktan kurtarmak i\u00e7in nas\u0131l b\u00fcy\u00fck bir m\u00fccadele verdiklerini, t\u00fcm insanl\u0131\u011fa \u00f6rnek olacak bi\u00e7imde g\u00f6zler \u00f6n\u00fcne sermektedir. Halklar\u0131n destans\u0131 \u00f6zverisiyle yoksulluktan kurtularak, ekonomik, politik ve k\u00fclt\u00fcrel olarak nas\u0131l m\u00fckemmel bir \u00fclke yarat\u0131labilece\u011fini g\u00f6steren, okurlara dudak \u0131s\u0131rtan \u00f6l\u00fcms\u00fcz bir eser.<\/p>\n","protected":false},"excerpt":{"rendered":"<p>Halklar\u0131n destans\u0131 \u00f6zverisiyle yoksulluktan kurtularak, ekonomik, politik ve k\u00fclt\u00fcrel olarak nas\u0131l m\u00fckemmel bir \u00fclke yarat\u0131labilece\u011fini g\u00f6steren, okurlara dudak \u0131s\u0131rtan \u00f6l\u00fcms\u00fcz bir eser.<\/p>\n","protected":false},"featured_media":0,"comment_status":"open","ping_status":"closed","template":"","meta":[],"class_list":["post-2831","product","type-product","status-publish","hentry","product_cat-romanhikaye"],"_links":{"self":[{"href":"https:\/\/www.ttistanbulspor.org\/index.php\/wp-json\/wp\/v2\/product\/2831","targetHints":{"allow":["GET"]}}],"collection":[{"href":"https:\/\/www.ttistanbulspor.org\/index.php\/wp-json\/wp\/v2\/product"}],"about":[{"href":"https:\/\/www.ttistanbulspor.org\/index.php\/wp-json\/wp\/v2\/types\/product"}],"replies":[{"embeddable":true,"href":"https:\/\/www.ttistanbulspor.org\/index.php\/wp-json\/wp\/v2\/comments?post=2831"}],"wp:attachment":[{"href":"https:\/\/www.ttistanbulspor.org\/index.php\/wp-json\/wp\/v2\/media?parent=2831"}],"curies":[{"name":"wp","href":"https:\/\/api.w.org\/{rel}","templated":true}]}}