{"id":350,"date":"2014-03-10T14:50:20","date_gmt":"2014-03-10T14:50:20","guid":{"rendered":"http:\/\/pixfill.com\/wp-themes\/kingsclub\/?page_id=350"},"modified":"2018-02-28T10:31:25","modified_gmt":"2018-02-28T08:31:25","slug":"iletisim","status":"publish","type":"page","link":"https:\/\/www.ttistanbulspor.org\/index.php\/hakkimizda-2\/hakkimizda\/iletisim\/","title":{"rendered":"\u0130leti\u015fim"},"content":{"rendered":"<p><em>\u0130STANBUL T\u00dcRK TELEKOMSPOR KUL\u00dcB\u00dc DERNE\u011e\u0130<\/em><\/p>\n<p><em>Adres : Akatlar Mh. Prof. Dr. Kaya \u00c7ilingiro\u011flu Cd. No:10 Kat:Z Etiler-Be\u015fikta\u015f\/\u0130stanbul<\/em><\/p>\n<p><em>Tel : 0(212) 267 28 28<\/em><\/p>\n<p><em>Fax : 0(212) 288 64 65<\/em><\/p>\n<p><em>e-posta : istanbulturktelekomspor@turktelekom.com.tr<\/em><\/p>\n<p><em>\u0130STANBUL T\u00dcRK TELEKOMSPOR KUL\u00dcB\u00dc VE SOSYAL TES\u0130SLER\u0130<\/em><\/p>\n<p><em>Adres :\u00a0Be\u015fyol Mahallesi, \u0130n\u00f6n\u00fc Cd. No:21, 34295 K\u00fc\u00e7\u00fck\u00e7ekmece\/\u0130stanbul<\/em><\/p>\n<p><em>HALI SAHA REZERVASYON<\/em><\/p>\n<p><em>Tel : 0(505) 108 79 80<\/em><\/p>\n<p>&nbsp;<\/p>\n<p><iframe loading=\"lazy\" style=\"border: 0;\" src=\"https:\/\/www.google.com\/maps\/embed?pb=!1m18!1m12!1m3!1d3011.5407303582983!2d28.795962315330797!3d40.991536528403806!2m3!1f0!2f0!3f0!3m2!1i1024!2i768!4f13.1!3m3!1m2!1s0x14caa396de79eaa7%3A0xdaa6c8cd415bf04f!2zxLBzdGFuYnVsIFTDvHJrIFRlbGVrb20gU3BvciBLdWzDvGLDvA!5e0!3m2!1str!2str!4v1510303030860\" width=\"400\" height=\"300\" frameborder=\"0\" allowfullscreen=\"allowfullscreen\"><\/iframe><\/p>\n","protected":false},"excerpt":{"rendered":"<p>\u0130STANBUL T\u00dcRK TELEKOMSPOR KUL\u00dcB\u00dc DERNE\u011e\u0130 Adres : Akatlar Mh. Prof. Dr. Kaya \u00c7ilingiro\u011flu Cd. No:10 [&#8230;]<\/p>\n","protected":false},"author":1,"featured_media":0,"parent":1213,"menu_order":0,"comment_status":"closed","ping_status":"closed","template":"","meta":{"footnotes":""},"class_list":["post-350","page","type-page","status-publish","hentry"],"_links":{"self":[{"href":"https:\/\/www.ttistanbulspor.org\/index.php\/wp-json\/wp\/v2\/pages\/350","targetHints":{"allow":["GET"]}}],"collection":[{"href":"https:\/\/www.ttistanbulspor.org\/index.php\/wp-json\/wp\/v2\/pages"}],"about":[{"href":"https:\/\/www.ttistanbulspor.org\/index.php\/wp-json\/wp\/v2\/types\/page"}],"author":[{"embeddable":true,"href":"https:\/\/www.ttistanbulspor.org\/index.php\/wp-json\/wp\/v2\/users\/1"}],"replies":[{"embeddable":true,"href":"https:\/\/www.ttistanbulspor.org\/index.php\/wp-json\/wp\/v2\/comments?post=350"}],"version-history":[{"count":5,"href":"https:\/\/www.ttistanbulspor.org\/index.php\/wp-json\/wp\/v2\/pages\/350\/revisions"}],"predecessor-version":[{"id":2317,"href":"https:\/\/www.ttistanbulspor.org\/index.php\/wp-json\/wp\/v2\/pages\/350\/revisions\/2317"}],"up":[{"embeddable":true,"href":"https:\/\/www.ttistanbulspor.org\/index.php\/wp-json\/wp\/v2\/pages\/1213"}],"wp:attachment":[{"href":"https:\/\/www.ttistanbulspor.org\/index.php\/wp-json\/wp\/v2\/media?parent=350"}],"curies":[{"name":"wp","href":"https:\/\/api.w.org\/{rel}","templated":true}]}}