{"id":1456,"date":"2017-08-03T13:17:53","date_gmt":"2017-08-03T10:17:53","guid":{"rendered":"http:\/\/www.ttistanbulspor.org\/?page_id=1456"},"modified":"2017-11-09T10:34:10","modified_gmt":"2017-11-09T08:34:10","slug":"1-amator-lig-a-takimi-mac-sonuclari","status":"publish","type":"page","link":"https:\/\/www.ttistanbulspor.org\/index.php\/1-amator-lig-a-takimi-mac-sonuclari\/","title":{"rendered":"U 1. Amat\u00f6r Lig (A Tak\u0131m\u0131) Ma\u00e7 Sonu\u00e7lar\u0131"},"content":{"rendered":"<p>1.Hafta (01 Ekim 2017)<\/p>\n<table class=\"table no-border responsiveFont\">\n<tbody>\n<tr>\n<td class=\"text-right col-md-4 col-xs-4\"><a href=\"http:\/\/www.yerelfutbol.com\/takim\/turk-telekomspor\" target=\"_blank\" rel=\"noopener\">T\u00fcrk Telekomspor<\/a><\/td>\n<td class=\"text-center col-md-1 col-xs-1\"><span class=\"label blue font-sm font-weight-300\">6 &#8211; 2<\/span><\/td>\n<td class=\"text-left col-md-4 col-xs-4\"><a href=\"http:\/\/www.yerelfutbol.com\/takim\/bahcelievlerspor\" target=\"_blank\" rel=\"noopener\">Bah\u00e7elievlerspor<\/a><\/td>\n<\/tr>\n<\/tbody>\n<\/table>\n<p>2.Hafta (07 Ekim 2017)<\/p>\n<table class=\"table no-border responsiveFont\" width=\"451\">\n<tbody>\n<tr>\n<td class=\"text-right col-md-4 col-xs-4\"><a href=\"http:\/\/www.yerelfutbol.com\/takim\/yildiz-kanaryalar-sk\" target=\"_blank\" rel=\"noopener\">Y\u0131ld\u0131z Kanaryalar SK<\/a><\/td>\n<td class=\"text-center col-md-1 col-xs-1\"><span class=\"label blue font-sm font-weight-300\">2 &#8211; 2<\/span><\/td>\n<td class=\"text-left col-md-4 col-xs-4\"><a href=\"http:\/\/www.yerelfutbol.com\/takim\/turk-telekomspor\" target=\"_blank\" rel=\"noopener\">T\u00fcrk Telekomspor<\/a><\/td>\n<\/tr>\n<\/tbody>\n<\/table>\n<p>3.Hafta (15 Ekim 2017)<\/p>\n<table class=\"table no-border responsiveFont\">\n<tbody>\n<tr>\n<td class=\"text-right col-md-4 col-xs-4\"><a href=\"http:\/\/www.yerelfutbol.com\/takim\/kucukcekmecespor\" target=\"_blank\" rel=\"noopener\">K\u00fc\u00e7\u00fck\u00e7ekmecespor<\/a><\/td>\n<td class=\"text-center col-md-1 col-xs-1\"><span class=\"label blue font-sm font-weight-300\">0 &#8211; 2<\/span><\/td>\n<td class=\"text-left col-md-4 col-xs-4\"><a href=\"http:\/\/www.yerelfutbol.com\/takim\/turk-telekomspor\" target=\"_blank\" rel=\"noopener\">T\u00fcrk Telekomspor<\/a><\/td>\n<\/tr>\n<\/tbody>\n<\/table>\n<p>4.Hafta (21 Ekim 2017)<\/p>\n<table class=\"table no-border responsiveFont\">\n<tbody>\n<tr>\n<td class=\"text-right col-md-4 col-xs-4\"><a href=\"http:\/\/www.yerelfutbol.com\/takim\/turk-telekomspor\" target=\"_blank\" rel=\"noopener\">T\u00fcrk Telekomspor<\/a><\/td>\n<td class=\"text-center col-md-1 col-xs-1\"><span class=\"label blue font-sm font-weight-300\">3 &#8211; 0<\/span><\/td>\n<td class=\"text-left col-md-4 col-xs-4\"><a href=\"http:\/\/www.yerelfutbol.com\/takim\/gelisimspor\" target=\"_blank\" rel=\"noopener\">Geli\u015fimspor<\/a><\/td>\n<\/tr>\n<\/tbody>\n<\/table>\n<p>5.Hafta (29 Ekim 2017)<\/p>\n<table class=\"table no-border responsiveFont\">\n<tbody>\n<tr>\n<td class=\"text-right col-md-4 col-xs-4\"><a href=\"http:\/\/www.yerelfutbol.com\/takim\/1453-fatih-genclik-sk\" target=\"_blank\" rel=\"noopener\">1453 Fatih Gen\u00e7lik SK<\/a><\/td>\n<td class=\"text-center col-md-1 col-xs-1\"><span class=\"label blue font-sm font-weight-300\">3 &#8211; 1<\/span><\/td>\n<td class=\"text-left col-md-4 col-xs-4\"><a href=\"http:\/\/www.yerelfutbol.com\/takim\/turk-telekomspor\" target=\"_blank\" rel=\"noopener\">T\u00fcrk Telekomspor<\/a><\/td>\n<\/tr>\n<\/tbody>\n<\/table>\n<p>6.Hafta (04 Kas\u0131m 2017)<\/p>\n<table class=\"table no-border responsiveFont\">\n<tbody>\n<tr>\n<td class=\"text-right col-md-4 col-xs-4\"><a href=\"http:\/\/www.yerelfutbol.com\/takim\/turk-telekomspor\" target=\"_blank\" rel=\"noopener\">T\u00fcrk Telekomspor<\/a><\/td>\n<td class=\"text-center col-md-1 col-xs-1\"><span class=\"label blue font-sm font-weight-300\">1 &#8211; 2<\/span><\/td>\n<td class=\"text-left col-md-4 col-xs-4\"><a href=\"http:\/\/www.yerelfutbol.com\/takim\/rumeli-idman-yurdu\" target=\"_blank\" rel=\"noopener\">Rumeli \u0130dman Yurdu<\/a><\/td>\n<\/tr>\n<\/tbody>\n<\/table>\n<p>7.Hafta (12 Kas\u0131m 2017)<\/p>\n<table class=\"table no-border responsiveFont\">\n<tbody>\n<tr>\n<td class=\"text-right col-md-4 col-xs-4\"><a href=\"http:\/\/www.yerelfutbol.com\/takim\/kazim-karabekir-mevlanaspor\" target=\"_blank\" rel=\"noopener\">Kaz\u0131m Karabekir Mevlanaspor<\/a><\/td>\n<td class=\"text-center col-md-1 col-xs-1\"><span class=\"label blue font-sm font-weight-300\">&#8211;<\/span><\/td>\n<td class=\"text-left col-md-4 col-xs-4\"><a href=\"http:\/\/www.yerelfutbol.com\/takim\/turk-telekomspor\" target=\"_blank\" rel=\"noopener\">T\u00fcrk Telekomspor<\/a><\/td>\n<\/tr>\n<\/tbody>\n<\/table>\n<p>8.Hafta (18 Kas\u0131m 2017)<\/p>\n<table class=\"table no-border responsiveFont\">\n<tbody>\n<tr>\n<td class=\"text-right col-md-4 col-xs-4\"><a href=\"http:\/\/www.yerelfutbol.com\/takim\/turk-telekomspor\" target=\"_blank\" rel=\"noopener\">T\u00fcrk Telekomspor<\/a><\/td>\n<td class=\"text-center col-md-1 col-xs-1\"><span class=\"label blue font-sm font-weight-300\">3 &#8211; 0<\/span><\/td>\n<td class=\"text-left col-md-4 col-xs-4\"><a href=\"http:\/\/www.yerelfutbol.com\/takim\/nurtepespor\" target=\"_blank\" rel=\"noopener\">Nurtepespor<\/a><\/td>\n<\/tr>\n<\/tbody>\n<\/table>\n<p>9.Hafta (26 Kas\u0131m 2017)<\/p>\n<table class=\"table no-border responsiveFont\">\n<tbody>\n<tr>\n<td class=\"text-right col-md-4 col-xs-4\"><a href=\"http:\/\/www.yerelfutbol.com\/takim\/vardarspor\" target=\"_blank\" rel=\"noopener\">Vardarspor<\/a><\/td>\n<td class=\"text-center col-md-1 col-xs-1\"><span class=\"label blue font-sm font-weight-300\">&#8211;<\/span><\/td>\n<td class=\"text-left col-md-4 col-xs-4\"><a href=\"http:\/\/www.yerelfutbol.com\/takim\/turk-telekomspor\" target=\"_blank\" rel=\"noopener\">T\u00fcrk Telekomspor<\/a><\/td>\n<\/tr>\n<\/tbody>\n<\/table>\n<p>10.Hafta (02 Aral\u0131k 2017)<\/p>\n<table class=\"table no-border responsiveFont\">\n<tbody>\n<tr>\n<td class=\"text-right col-md-4 col-xs-4\"><a href=\"http:\/\/www.yerelfutbol.com\/takim\/bahcelievlerspor\" target=\"_blank\" rel=\"noopener\">Bah\u00e7elievlerspor<\/a><\/td>\n<td class=\"text-center col-md-1 col-xs-1\"><span class=\"label blue font-sm font-weight-300\">&#8211;<\/span><\/td>\n<td class=\"text-left col-md-4 col-xs-4\"><a href=\"http:\/\/www.yerelfutbol.com\/takim\/turk-telekomspor\" target=\"_blank\" rel=\"noopener\">T\u00fcrk Telekomspor<\/a><\/td>\n<\/tr>\n<\/tbody>\n<\/table>\n<p>11.Hafta (10 Aral\u0131k 2017)<\/p>\n<table class=\"table no-border responsiveFont\">\n<tbody>\n<tr>\n<td class=\"text-right col-md-4 col-xs-4\"><a href=\"http:\/\/www.yerelfutbol.com\/takim\/turk-telekomspor\" target=\"_blank\" rel=\"noopener\">T\u00fcrk Telekomspor<\/a><\/td>\n<td class=\"text-center col-md-1 col-xs-1\"><span class=\"label blue font-sm font-weight-300\">&#8211;<\/span><\/td>\n<td class=\"text-left col-md-4 col-xs-4\"><a href=\"http:\/\/www.yerelfutbol.com\/takim\/yildiz-kanaryalar-sk\" target=\"_blank\" rel=\"noopener\">Y\u0131ld\u0131z Kanaryalar SK<\/a><\/td>\n<\/tr>\n<\/tbody>\n<\/table>\n<p>12.Hafta (16 Aral\u0131k 2017)<\/p>\n<table class=\"table no-border responsiveFont\">\n<tbody>\n<tr>\n<td class=\"text-right col-md-4 col-xs-4\"><a href=\"http:\/\/www.yerelfutbol.com\/takim\/turk-telekomspor\" target=\"_blank\" rel=\"noopener\">T\u00fcrk Telekomspor<\/a><\/td>\n<td class=\"text-center col-md-1 col-xs-1\"><span class=\"label blue font-sm font-weight-300\">&#8211;<\/span><\/td>\n<td class=\"text-left col-md-4 col-xs-4\"><a href=\"http:\/\/www.yerelfutbol.com\/takim\/kucukcekmecespor\" target=\"_blank\" rel=\"noopener\">K\u00fc\u00e7\u00fck\u00e7ekmecespor<\/a><\/td>\n<\/tr>\n<\/tbody>\n<\/table>\n<p>13.Hafta (24 Kas\u0131m 2017)<\/p>\n<table class=\"table no-border responsiveFont\">\n<tbody>\n<tr>\n<td class=\"text-right col-md-4 col-xs-4\"><a href=\"http:\/\/www.yerelfutbol.com\/takim\/gelisimspor\" target=\"_blank\" rel=\"noopener\">Geli\u015fimspor<\/a><\/td>\n<td class=\"text-center col-md-1 col-xs-1\"><span class=\"label blue font-sm font-weight-300\">&#8211;<\/span><\/td>\n<td class=\"text-left col-md-4 col-xs-4\"><a href=\"http:\/\/www.yerelfutbol.com\/takim\/turk-telekomspor\" target=\"_blank\" rel=\"noopener\">T\u00fcrk Telekomspor<\/a><\/td>\n<\/tr>\n<\/tbody>\n<\/table>\n<p>14.Hafta (30 Aral\u0131k 2017)<\/p>\n<table class=\"table no-border responsiveFont\">\n<tbody>\n<tr>\n<td class=\"text-right col-md-4 col-xs-4\"><a href=\"http:\/\/www.yerelfutbol.com\/takim\/turk-telekomspor\" target=\"_blank\" rel=\"noopener\">T\u00fcrk Telekomspor<\/a><\/td>\n<td class=\"text-center col-md-1 col-xs-1\"><span class=\"label blue font-sm font-weight-300\">&#8211;<\/span><\/td>\n<td class=\"text-left col-md-4 col-xs-4\"><a href=\"http:\/\/www.yerelfutbol.com\/takim\/1453-fatih-genclik-sk\" target=\"_blank\" rel=\"noopener\">1453 Fatih Gen\u00e7lik SK<\/a><\/td>\n<\/tr>\n<\/tbody>\n<\/table>\n<p>15.Hafta (07 Ocak 2018)<\/p>\n<table class=\"table no-border responsiveFont\">\n<tbody>\n<tr>\n<td class=\"text-right col-md-4 col-xs-4\"><a href=\"http:\/\/www.yerelfutbol.com\/takim\/rumeli-idman-yurdu\" target=\"_blank\" rel=\"noopener\">Rumeli \u0130dman Yurdu<\/a><\/td>\n<td class=\"text-center col-md-1 col-xs-1\"><span class=\"label blue font-sm font-weight-300\">&#8211;<\/span><\/td>\n<td class=\"text-left col-md-4 col-xs-4\"><a href=\"http:\/\/www.yerelfutbol.com\/takim\/turk-telekomspor\" target=\"_blank\" rel=\"noopener\">T\u00fcrk Telekomspor<\/a><\/td>\n<\/tr>\n<\/tbody>\n<\/table>\n<p>16.Hafta (13 Ocak 2018)<\/p>\n<table class=\"table no-border responsiveFont\">\n<tbody>\n<tr>\n<td class=\"text-right col-md-4 col-xs-4\"><a href=\"http:\/\/www.yerelfutbol.com\/takim\/turk-telekomspor\" target=\"_blank\" rel=\"noopener\">T\u00fcrk Telekomspor<\/a><\/td>\n<td class=\"text-center col-md-1 col-xs-1\"><span class=\"label blue font-sm font-weight-300\">&#8211;<\/span><\/td>\n<td class=\"text-left col-md-4 col-xs-4\"><a href=\"http:\/\/www.yerelfutbol.com\/takim\/kazim-karabekir-mevlanaspor\" target=\"_blank\" rel=\"noopener\">Kaz\u0131m Karabekir Mevlanaspor<\/a><\/td>\n<\/tr>\n<\/tbody>\n<\/table>\n<p>17.Hafta (21 Ocak 2018)<\/p>\n<table class=\"table no-border responsiveFont\">\n<tbody>\n<tr>\n<td class=\"text-right col-md-4 col-xs-4\"><a href=\"http:\/\/www.yerelfutbol.com\/takim\/nurtepespor\" target=\"_blank\" rel=\"noopener\">Nurtepespor<\/a><\/td>\n<td class=\"text-center col-md-1 col-xs-1\"><span class=\"label blue font-sm font-weight-300\">0 &#8211; 3<\/span><\/td>\n<td class=\"text-left col-md-4 col-xs-4\"><a href=\"http:\/\/www.yerelfutbol.com\/takim\/turk-telekomspor\" target=\"_blank\" rel=\"noopener\">T\u00fcrk Telekomspor<\/a><\/td>\n<\/tr>\n<\/tbody>\n<\/table>\n<p>18.Hafta (27 Ocak 2018)<\/p>\n<table class=\"table no-border responsiveFont\">\n<tbody>\n<tr>\n<td class=\"text-right col-md-4 col-xs-4\"><a href=\"http:\/\/www.yerelfutbol.com\/takim\/turk-telekomspor\" target=\"_blank\" rel=\"noopener\">T\u00fcrk Telekomspor<\/a><\/td>\n<td class=\"text-center col-md-1 col-xs-1\"><span class=\"label blue font-sm font-weight-300\">&#8211;<\/span><\/td>\n<td class=\"text-left col-md-4 col-xs-4\"><a href=\"http:\/\/www.yerelfutbol.com\/takim\/vardarspor\" target=\"_blank\" rel=\"noopener\">Vardarspor<\/a><\/td>\n<\/tr>\n<\/tbody>\n<\/table>\n","protected":false},"excerpt":{"rendered":"<p>1.Hafta (01 Ekim 2017) T\u00fcrk Telekomspor 6 &#8211; 2 Bah\u00e7elievlerspor 2.Hafta (07 Ekim 2017) Y\u0131ld\u0131z [&#8230;]<\/p>\n","protected":false},"author":1,"featured_media":0,"parent":0,"menu_order":0,"comment_status":"closed","ping_status":"closed","template":"","meta":{"footnotes":""},"class_list":["post-1456","page","type-page","status-publish","hentry"],"_links":{"self":[{"href":"https:\/\/www.ttistanbulspor.org\/index.php\/wp-json\/wp\/v2\/pages\/1456","targetHints":{"allow":["GET"]}}],"collection":[{"href":"https:\/\/www.ttistanbulspor.org\/index.php\/wp-json\/wp\/v2\/pages"}],"about":[{"href":"https:\/\/www.ttistanbulspor.org\/index.php\/wp-json\/wp\/v2\/types\/page"}],"author":[{"embeddable":true,"href":"https:\/\/www.ttistanbulspor.org\/index.php\/wp-json\/wp\/v2\/users\/1"}],"replies":[{"embeddable":true,"href":"https:\/\/www.ttistanbulspor.org\/index.php\/wp-json\/wp\/v2\/comments?post=1456"}],"version-history":[{"count":1,"href":"https:\/\/www.ttistanbulspor.org\/index.php\/wp-json\/wp\/v2\/pages\/1456\/revisions"}],"predecessor-version":[{"id":1457,"href":"https:\/\/www.ttistanbulspor.org\/index.php\/wp-json\/wp\/v2\/pages\/1456\/revisions\/1457"}],"wp:attachment":[{"href":"https:\/\/www.ttistanbulspor.org\/index.php\/wp-json\/wp\/v2\/media?parent=1456"}],"curies":[{"name":"wp","href":"https:\/\/api.w.org\/{rel}","templated":true}]}}