{"id":1228,"date":"2017-03-08T23:12:29","date_gmt":"2017-03-08T21:12:29","guid":{"rendered":"http:\/\/www.ttistanbulspor.org\/?page_id=1228"},"modified":"2017-08-03T16:48:10","modified_gmt":"2017-08-03T13:48:10","slug":"uyelik","status":"publish","type":"page","link":"https:\/\/www.ttistanbulspor.org\/index.php\/uyelik\/","title":{"rendered":"\u00dcyelik"},"content":{"rendered":"<p>\u00dcYEL\u0130K<\/p>\n","protected":false},"excerpt":{"rendered":"<p>\u00dcYEL\u0130K<\/p>\n","protected":false},"author":1,"featured_media":0,"parent":0,"menu_order":0,"comment_status":"closed","ping_status":"closed","template":"","meta":{"footnotes":""},"class_list":["post-1228","page","type-page","status-publish","hentry"],"_links":{"self":[{"href":"https:\/\/www.ttistanbulspor.org\/index.php\/wp-json\/wp\/v2\/pages\/1228","targetHints":{"allow":["GET"]}}],"collection":[{"href":"https:\/\/www.ttistanbulspor.org\/index.php\/wp-json\/wp\/v2\/pages"}],"about":[{"href":"https:\/\/www.ttistanbulspor.org\/index.php\/wp-json\/wp\/v2\/types\/page"}],"author":[{"embeddable":true,"href":"https:\/\/www.ttistanbulspor.org\/index.php\/wp-json\/wp\/v2\/users\/1"}],"replies":[{"embeddable":true,"href":"https:\/\/www.ttistanbulspor.org\/index.php\/wp-json\/wp\/v2\/comments?post=1228"}],"version-history":[{"count":2,"href":"https:\/\/www.ttistanbulspor.org\/index.php\/wp-json\/wp\/v2\/pages\/1228\/revisions"}],"predecessor-version":[{"id":1615,"href":"https:\/\/www.ttistanbulspor.org\/index.php\/wp-json\/wp\/v2\/pages\/1228\/revisions\/1615"}],"wp:attachment":[{"href":"https:\/\/www.ttistanbulspor.org\/index.php\/wp-json\/wp\/v2\/media?parent=1228"}],"curies":[{"name":"wp","href":"https:\/\/api.w.org\/{rel}","templated":true}]}}