{"id":1213,"date":"2017-03-08T23:08:32","date_gmt":"2017-03-08T20:08:32","guid":{"rendered":"http:\/\/www.ttistanbulspor.org\/?page_id=1213"},"modified":"2021-12-22T21:22:28","modified_gmt":"2021-12-22T18:22:28","slug":"hakkimizda","status":"publish","type":"page","link":"https:\/\/www.ttistanbulspor.org\/index.php\/hakkimizda-2\/hakkimizda\/","title":{"rendered":"Hakk\u0131m\u0131zda"},"content":{"rendered":"<p>\u0130stanbul T\u00fcrk Telekom Spor Kul\u00fcb\u00fc \u0130stanbul\u2019un Be\u015fikta\u015f il\u00e7esinde 2012 y\u0131l\u0131nda kurulmu\u015ftur.<\/p>\n<p>2017 y\u0131l\u0131nda \u0130stanbul T\u00fcrk Telekom Spor Kul\u00fcb\u00fc Derne\u011fi\u2019ne d\u00f6n\u00fc\u015fen kul\u00fcb\u00fcm\u00fcz\u00fcn amac\u0131 \u00e7al\u0131\u015fan motivasyonunu y\u00fcksek tutmak, beden ve ruh sa\u011fl\u0131\u011f\u0131n\u0131 korumak, kurum k\u00fclt\u00fcr\u00fcn\u00fc geli\u015ftirmek ve ya\u015fatmakt\u0131r. Bu ama\u00e7 do\u011frultusunda d\u00fczenledi\u011fi sportif, sosyal ve k\u00fclt\u00fcrel etkinlikler, kurslar ve gezilerle \u00fcyelerinin sosyalle\u015fmesini sa\u011flamakta, bir araya gelemedi\u011fi zamanlarda ise online platformlarda ekip ruhunu ya\u015fatmaya \u00e7al\u0131\u015fmaktad\u0131r.<\/p>\n<p>Kul\u00fcb\u00fcm\u00fcz, d\u00fczenledi\u011fi etkinliklere \u00e7al\u0131\u015fan yak\u0131nlar\u0131n\u0131 da d\u00e2hil ederek her ge\u00e7en g\u00fcn b\u00fcy\u00fcyen bir aile olma yolunda varl\u0131\u011f\u0131n\u0131 devam ettirmektedir.<\/p>\n","protected":false},"excerpt":{"rendered":"<p>\u0130stanbul T\u00fcrk Telekom Spor Kul\u00fcb\u00fc \u0130stanbul\u2019un Be\u015fikta\u015f il\u00e7esinde 2012 y\u0131l\u0131nda kurulmu\u015ftur. 2017 y\u0131l\u0131nda \u0130stanbul T\u00fcrk [&#8230;]<\/p>\n","protected":false},"author":1,"featured_media":0,"parent":38545,"menu_order":0,"comment_status":"closed","ping_status":"closed","template":"","meta":{"footnotes":""},"class_list":["post-1213","page","type-page","status-publish","hentry"],"_links":{"self":[{"href":"https:\/\/www.ttistanbulspor.org\/index.php\/wp-json\/wp\/v2\/pages\/1213","targetHints":{"allow":["GET"]}}],"collection":[{"href":"https:\/\/www.ttistanbulspor.org\/index.php\/wp-json\/wp\/v2\/pages"}],"about":[{"href":"https:\/\/www.ttistanbulspor.org\/index.php\/wp-json\/wp\/v2\/types\/page"}],"author":[{"embeddable":true,"href":"https:\/\/www.ttistanbulspor.org\/index.php\/wp-json\/wp\/v2\/users\/1"}],"replies":[{"embeddable":true,"href":"https:\/\/www.ttistanbulspor.org\/index.php\/wp-json\/wp\/v2\/comments?post=1213"}],"version-history":[{"count":7,"href":"https:\/\/www.ttistanbulspor.org\/index.php\/wp-json\/wp\/v2\/pages\/1213\/revisions"}],"predecessor-version":[{"id":38358,"href":"https:\/\/www.ttistanbulspor.org\/index.php\/wp-json\/wp\/v2\/pages\/1213\/revisions\/38358"}],"up":[{"embeddable":true,"href":"https:\/\/www.ttistanbulspor.org\/index.php\/wp-json\/wp\/v2\/pages\/38545"}],"wp:attachment":[{"href":"https:\/\/www.ttistanbulspor.org\/index.php\/wp-json\/wp\/v2\/media?parent=1213"}],"curies":[{"name":"wp","href":"https:\/\/api.w.org\/{rel}","templated":true}]}}