{"id":1204,"date":"2017-03-08T23:07:43","date_gmt":"2017-03-08T21:07:43","guid":{"rendered":"http:\/\/www.ttistanbulspor.org\/?page_id=1204"},"modified":"2018-02-28T09:23:22","modified_gmt":"2018-02-28T07:23:22","slug":"komisyonlar","status":"publish","type":"page","link":"https:\/\/www.ttistanbulspor.org\/index.php\/komisyonlar\/","title":{"rendered":"Temsilciler"},"content":{"rendered":"<table width=\"660\">\n<tbody>\n<tr>\n<td width=\"330\">\n<h3><strong><em>M\u00dcD\u00dcRL\u00dc\u011e\u00dc<\/em><\/strong><\/h3>\n<\/td>\n<td width=\"330\">\n<h3><strong><em>ADI SOYADI<\/em><\/strong><\/h3>\n<\/td>\n<\/tr>\n<tr>\n<td width=\"330\"><em>AVCILAR TELEKOM M\u00dcD.<\/em><\/td>\n<td><em>\u015eAH\u0130N KARAASLAN<\/em><\/td>\n<\/tr>\n<tr>\n<td width=\"330\"><em>B\u00dcY\u00dcK\u00c7EKMECE TELEKOM M\u00dcD.<\/em><\/td>\n<td><em>SEZG\u0130N \u00c7EL\u0130K<\/em><\/td>\n<\/tr>\n<tr>\n<td width=\"330\"><em>BAH\u00c7EL\u0130EVLER TELEKOM M\u00dcD.<\/em><\/td>\n<td><em>FERD\u0130 DAL\u011eI\u00c7<\/em><\/td>\n<\/tr>\n<tr>\n<td width=\"330\"><em>BA\u011eCILAR TELEKOM M\u00dcD.<\/em><\/td>\n<td><em>SERHAT UYSAL<\/em><\/td>\n<\/tr>\n<tr>\n<td width=\"330\"><em>BAKIRK\u00d6Y TELEKOM M\u00dcD.<\/em><\/td>\n<td><em>NE\u015eE G\u00d6N\u00dcL<\/em><\/td>\n<\/tr>\n<tr>\n<td width=\"330\"><em>BEBEK TELEKOM M\u00dcD.<\/em><\/td>\n<td><em>KAHRAMAN KUVEL<\/em><\/td>\n<\/tr>\n<tr>\n<td width=\"330\"><em>BEYO\u011eLU TELEKOM M\u00dcD.<\/em><\/td>\n<td><em>HAKKI \u00c7EL\u0130KER<\/em><\/td>\n<\/tr>\n<tr>\n<td width=\"330\"><em>EM\u0130N\u00d6N\u00dc TELEKOM M\u00dcD.<\/em><\/td>\n<td><em>FEDAT \u00d6ZDEN<\/em><\/td>\n<\/tr>\n<tr>\n<td width=\"330\"><em>BAYRAMPA\u015eA TELEKOM M\u00dcD.<\/em><\/td>\n<td><em>KEZBAN DO\u011eAN<\/em><\/td>\n<\/tr>\n<tr>\n<td width=\"330\"><em>FAT\u0130H TELEKOM M\u00dcD.<\/em><\/td>\n<td><em>NECAT KUVANCI<\/em><\/td>\n<\/tr>\n<tr>\n<td width=\"330\"><em>GAZ\u0130OSMANPA\u015eA TELEKOM M\u00dcD.<\/em><\/td>\n<td><em>RA\u015e\u0130T TOPKARA<\/em><\/td>\n<\/tr>\n<tr>\n<td width=\"330\"><em>GAYRETTEPE TELEKOM M\u00dcD.<\/em><\/td>\n<td><em>CEREN VAROL<\/em><\/td>\n<\/tr>\n<tr>\n<td width=\"330\"><em>\u0130K\u0130TELL\u0130 TELEKOM M\u00dcD.<\/em><\/td>\n<td><em>SEBAHATT\u0130N SERBES<\/em><\/td>\n<\/tr>\n<tr>\n<td width=\"330\"><em>ERENK\u00d6Y TELEKOM M\u00dcD.<\/em><\/td>\n<td><em>ARZU BEKTA\u015e<\/em><\/td>\n<\/tr>\n<tr>\n<td width=\"330\"><em>K\u00dc\u00c7\u00dcKYALI TELEKOM M\u00dcD.<\/em><\/td>\n<td><em>MEHMET U\u011eUR G\u00dcNG\u00d6R<\/em><\/td>\n<\/tr>\n<tr>\n<td width=\"330\"><em>KADIK\u00d6Y TELEKOM M\u00dcD.<\/em><\/td>\n<td><em>EMEL \u0130KBAL G\u00dcM\u00dc\u015e\u00c7\u00dc<\/em><\/td>\n<\/tr>\n<tr>\n<td width=\"330\"><em>PEND\u0130K TELEKOM M\u00dcD.<\/em><\/td>\n<td><em>SE\u00c7K\u0130N UZUN<\/em><\/td>\n<\/tr>\n<tr>\n<td width=\"330\"><em>\u00dcMRAN\u0130YE TELEKOM M\u00dcD.<\/em><\/td>\n<td><em>EN\u0130S \u00d6ZEN<\/em><\/td>\n<\/tr>\n<tr>\n<td width=\"330\"><em>\u00dcSK\u00dcDAR TELEKOM M\u00dcD.<\/em><\/td>\n<td><em>OSMAN DEM\u0130RHAN<\/em><\/td>\n<\/tr>\n<tr>\n<td width=\"330\"><em>\u0130NSAN KAYNAKLARI M\u00dcD.<\/em><\/td>\n<td><em>MUHAMMED C\u0130HAD B\u00dcY\u00dcK\u00c7OLAK<\/em><\/td>\n<\/tr>\n<tr>\n<td width=\"330\"><em>TES\u0130S ve DESTEK M\u00dcD<\/em><\/td>\n<td><em>KENAN SEYHAN<\/em><\/td>\n<\/tr>\n<tr>\n<td width=\"330\"><em>\u0130N\u015eAAT &#8211; EMLAK M\u00dcD.<\/em><\/td>\n<td><em>ERKAN YILDIZ<\/em><\/td>\n<\/tr>\n<tr>\n<td width=\"330\"><em>ENERJ\u0130 SO\u011eUTMA S\u0130STEMLER\u0130 M\u00dcD.<\/em><\/td>\n<td><em>KEMAL \u00c7AKIR<\/em><\/td>\n<\/tr>\n<tr>\n<td width=\"330\"><em>ER\u0130\u015e\u0130M OPERASYON M\u00dcD.<\/em><\/td>\n<td><em>SERKAN BA\u015e<\/em><\/td>\n<\/tr>\n<tr>\n<td width=\"330\"><em>ER\u0130\u015e\u0130M PLANLAMA ve YATIRIM M\u00dcD.<\/em><\/td>\n<td><em>MEHMET G\u00dcRB\u00dcZ<\/em><\/td>\n<\/tr>\n<tr>\n<td><em>NETWORK S\u0130STEMLER\u0130 KURULUM ve OPERASYON M\u00dcD.<\/em><\/td>\n<td><em>HAL\u0130L \u00d6ZG\u00dcR BAKTIR<\/em><\/td>\n<\/tr>\n<tr>\n<td width=\"330\"><em>NETWORK Y\u00d6NET\u0130M S\u0130STEMLER\u0130 M\u00dcD.<\/em><\/td>\n<td><em>\u00d6ZLEM USLU<\/em><\/td>\n<\/tr>\n<tr>\n<td width=\"330\"><em>MOB\u0130L OPERASYONLAR M\u00dcD.<\/em><\/td>\n<td><em>O\u011eUZHAN ERG\u00dcL<\/em><\/td>\n<\/tr>\n<tr>\n<td width=\"330\"><em>KURUMSAL OPERASYONLAR M\u00dcD.<\/em><\/td>\n<td><em>YILMAZ DURMAZ<\/em><\/td>\n<\/tr>\n<tr>\n<td width=\"330\"><em>M\u00dc\u015eTER\u0130 H\u0130ZMETLER\u0130 M\u00dcD.<\/em><\/td>\n<td><em>MUSTAFA D\u00dcMB\u00dcL<\/em><\/td>\n<\/tr>\n<tr>\n<td width=\"330\"><em>TOPTAN SATI\u015e M\u00dc\u015eTER\u0130 H\u0130ZMETLER\u0130 M\u00dcD.<\/em><\/td>\n<td><em>TU\u011e\u00c7E DEM\u0130RDA\u011e<\/em><\/td>\n<\/tr>\n<\/tbody>\n<\/table>\n","protected":false},"excerpt":{"rendered":"<p>M\u00dcD\u00dcRL\u00dc\u011e\u00dc ADI SOYADI AVCILAR TELEKOM M\u00dcD. \u015eAH\u0130N KARAASLAN B\u00dcY\u00dcK\u00c7EKMECE TELEKOM M\u00dcD. SEZG\u0130N \u00c7EL\u0130K BAH\u00c7EL\u0130EVLER TELEKOM [&#8230;]<\/p>\n","protected":false},"author":1,"featured_media":0,"parent":0,"menu_order":0,"comment_status":"closed","ping_status":"closed","template":"","meta":{"footnotes":""},"class_list":["post-1204","page","type-page","status-publish","hentry"],"_links":{"self":[{"href":"https:\/\/www.ttistanbulspor.org\/index.php\/wp-json\/wp\/v2\/pages\/1204","targetHints":{"allow":["GET"]}}],"collection":[{"href":"https:\/\/www.ttistanbulspor.org\/index.php\/wp-json\/wp\/v2\/pages"}],"about":[{"href":"https:\/\/www.ttistanbulspor.org\/index.php\/wp-json\/wp\/v2\/types\/page"}],"author":[{"embeddable":true,"href":"https:\/\/www.ttistanbulspor.org\/index.php\/wp-json\/wp\/v2\/users\/1"}],"replies":[{"embeddable":true,"href":"https:\/\/www.ttistanbulspor.org\/index.php\/wp-json\/wp\/v2\/comments?post=1204"}],"version-history":[{"count":3,"href":"https:\/\/www.ttistanbulspor.org\/index.php\/wp-json\/wp\/v2\/pages\/1204\/revisions"}],"predecessor-version":[{"id":2300,"href":"https:\/\/www.ttistanbulspor.org\/index.php\/wp-json\/wp\/v2\/pages\/1204\/revisions\/2300"}],"wp:attachment":[{"href":"https:\/\/www.ttistanbulspor.org\/index.php\/wp-json\/wp\/v2\/media?parent=1204"}],"curies":[{"name":"wp","href":"https:\/\/api.w.org\/{rel}","templated":true}]}}