{"id":7423,"date":"2019-10-01T09:27:22","date_gmt":"2019-10-01T06:27:22","guid":{"rendered":"http:\/\/www.ttistanbulspor.org\/?post_type=product&#038;p=7423"},"modified":"2019-10-01T09:27:48","modified_gmt":"2019-10-01T06:27:48","slug":"ezop-masallari","status":"publish","type":"product","link":"http:\/\/www.ttistanbulspor.org\/index.php\/urun\/ezop-masallari\/","title":{"rendered":"Ezop Masallar\u0131"},"content":{"rendered":"<p>Bu seride, d\u00fcnyan\u0131n bilinen en eski masal ustas\u0131 Ezop\u2019un on masal\u0131n\u0131 bulacaks\u0131n\u0131z. 5 tanesi el yaz\u0131l\u0131, 5 tanesi d\u00fcz yaz\u0131l\u0131 olarak, sizlerin okuma seviyeleri g\u00f6zetilerek haz\u0131rland\u0131.<\/p>\n","protected":false},"excerpt":{"rendered":"<p>Bu seride, d\u00fcnyan\u0131n bilinen en eski masal ustas\u0131 Ezop\u2019un on masal\u0131n\u0131 bulacaks\u0131n\u0131z. 5 tanesi el yaz\u0131l\u0131, 5 tanesi d\u00fcz yaz\u0131l\u0131 olarak, sizlerin okuma seviyeleri g\u00f6zetilerek haz\u0131rland\u0131.<\/p>\n","protected":false},"featured_media":7424,"comment_status":"open","ping_status":"closed","template":"","meta":[],"class_list":["post-7423","product","type-product","status-publish","has-post-thumbnail","hentry","product_cat-cocukkitaplari"],"_links":{"self":[{"href":"http:\/\/www.ttistanbulspor.org\/index.php\/wp-json\/wp\/v2\/product\/7423","targetHints":{"allow":["GET"]}}],"collection":[{"href":"http:\/\/www.ttistanbulspor.org\/index.php\/wp-json\/wp\/v2\/product"}],"about":[{"href":"http:\/\/www.ttistanbulspor.org\/index.php\/wp-json\/wp\/v2\/types\/product"}],"replies":[{"embeddable":true,"href":"http:\/\/www.ttistanbulspor.org\/index.php\/wp-json\/wp\/v2\/comments?post=7423"}],"wp:featuredmedia":[{"embeddable":true,"href":"http:\/\/www.ttistanbulspor.org\/index.php\/wp-json\/wp\/v2\/media\/7424"}],"wp:attachment":[{"href":"http:\/\/www.ttistanbulspor.org\/index.php\/wp-json\/wp\/v2\/media?parent=7423"}],"curies":[{"name":"wp","href":"https:\/\/api.w.org\/{rel}","templated":true}]}}