{"id":7421,"date":"2019-10-01T09:23:11","date_gmt":"2019-10-01T06:23:11","guid":{"rendered":"http:\/\/www.ttistanbulspor.org\/?post_type=product&#038;p=7421"},"modified":"2019-10-01T09:23:25","modified_gmt":"2019-10-01T06:23:25","slug":"kolektif","status":"publish","type":"product","link":"http:\/\/www.ttistanbulspor.org\/index.php\/urun\/kolektif\/","title":{"rendered":"Kolektif"},"content":{"rendered":"<p>Fakir bir ayakkab\u0131c\u0131n\u0131n o\u011flu olarak d\u00fcnyaya gelen Hans Christian Andersen ba\u015flang\u0131\u00e7ta tiyatro oyunlar\u0131 yazmak istiyordu. Ancak d\u00fcnya \u00e7ap\u0131ndaki \u00fcn\u00fcn\u00fc, asl\u0131nda \u00e7ocuklar i\u00e7in yazd\u0131\u011f\u0131, ama sonradan d\u00fcnya edebiyat\u0131n\u0131n temel eserlerinden biri olarak kabul edilen Masallar&#8217;la kazand\u0131. Bu masallardan yapt\u0131\u011f\u0131m\u0131z se\u00e7kiye bay\u0131lacaks\u0131n\u0131z, \u00e7\u00fcnk\u00fc onlarda \u00f6zentiden uzak \u00e7ocuksu bir ruh, y\u00fcrek temizli\u011fi ve buruk bir h\u00fcz\u00fcn bulacaks\u0131n\u0131z.<\/p>\n<p>Andersen Masallar\u0131&#8230; &#8220;Hayat, bir g\u00fcn masallardaki gibi olsa&#8230;&#8221; diyenler i\u00e7in.<\/p>\n","protected":false},"excerpt":{"rendered":"<p>Fakir bir ayakkab\u0131c\u0131n\u0131n o\u011flu olarak d\u00fcnyaya gelen Hans Christian Andersen ba\u015flang\u0131\u00e7ta tiyatro oyunlar\u0131 yazmak istiyordu. Ancak d\u00fcnya \u00e7ap\u0131ndaki \u00fcn\u00fcn\u00fc, asl\u0131nda \u00e7ocuklar i\u00e7in yazd\u0131\u011f\u0131, ama sonradan d\u00fcnya edebiyat\u0131n\u0131n temel eserlerinden biri olarak kabul edilen Masallar&#8217;la kazand\u0131. Bu masallardan yapt\u0131\u011f\u0131m\u0131z se\u00e7kiye bay\u0131lacaks\u0131n\u0131z, \u00e7\u00fcnk\u00fc onlarda \u00f6zentiden uzak \u00e7ocuksu bir ruh, y\u00fcrek temizli\u011fi ve buruk bir h\u00fcz\u00fcn bulacaks\u0131n\u0131z.<\/p>\n<p>Andersen Masallar\u0131&#8230; &#8220;Hayat, bir g\u00fcn masallardaki gibi olsa&#8230;&#8221; diyenler i\u00e7in.<\/p>\n","protected":false},"featured_media":7422,"comment_status":"open","ping_status":"closed","template":"","meta":[],"class_list":["post-7421","product","type-product","status-publish","has-post-thumbnail","hentry","product_cat-cocukkitaplari"],"_links":{"self":[{"href":"http:\/\/www.ttistanbulspor.org\/index.php\/wp-json\/wp\/v2\/product\/7421","targetHints":{"allow":["GET"]}}],"collection":[{"href":"http:\/\/www.ttistanbulspor.org\/index.php\/wp-json\/wp\/v2\/product"}],"about":[{"href":"http:\/\/www.ttistanbulspor.org\/index.php\/wp-json\/wp\/v2\/types\/product"}],"replies":[{"embeddable":true,"href":"http:\/\/www.ttistanbulspor.org\/index.php\/wp-json\/wp\/v2\/comments?post=7421"}],"wp:featuredmedia":[{"embeddable":true,"href":"http:\/\/www.ttistanbulspor.org\/index.php\/wp-json\/wp\/v2\/media\/7422"}],"wp:attachment":[{"href":"http:\/\/www.ttistanbulspor.org\/index.php\/wp-json\/wp\/v2\/media?parent=7421"}],"curies":[{"name":"wp","href":"https:\/\/api.w.org\/{rel}","templated":true}]}}