{"id":7417,"date":"2019-10-01T09:12:21","date_gmt":"2019-10-01T06:12:21","guid":{"rendered":"http:\/\/www.ttistanbulspor.org\/?post_type=product&#038;p=7417"},"modified":"2019-10-01T09:12:31","modified_gmt":"2019-10-01T06:12:31","slug":"dedemin-bakkali-cirak","status":"publish","type":"product","link":"http:\/\/www.ttistanbulspor.org\/index.php\/urun\/dedemin-bakkali-cirak\/","title":{"rendered":"Dedemin Bakkal\u0131-\u00c7\u0131rak"},"content":{"rendered":"<p>Dedemin Bakkal\u0131\u2019n\u0131 okuyanlar bilir!<\/p>\n<p>O, tuz ruhu isteyen m\u00fc\u015fteriye yemek tuzu g\u00f6nderip \u201cruhu arkadan gelecek\u201d diyen bir giri\u015fimci\u2026<\/p>\n<p>O, fakir m\u00fc\u015fterilere bedava \u00fcr\u00fcnler sat\u0131p \u00fccreti zenginlerin hesab\u0131na yazan bir kahraman\u2026<\/p>\n<p>O, bakkaldaki i\u00e7ecekleri birbirine kar\u0131\u015ft\u0131r\u0131p daha g\u00fczelini bulmak ve m\u00fc\u015fterilerine sunmak i\u00e7in u\u011fra\u015fan bir sivri zeka\u2026<\/p>\n<p>O, Afrikal\u0131 \u00e7ocuklara yard\u0131m g\u00f6ndermek i\u00e7in arkada\u015flar\u0131n\u0131n ellerinden kandil yiyeceklerini toplayan bir yard\u0131msever\u2026<\/p>\n<p>O, att\u0131\u011f\u0131 her ad\u0131m olay olan, a\u015f\u0131r\u0131 e\u011flenceli, cin fikirli, fena halde yenilik\u00e7i bir bakkal \u00e7\u0131ra\u011f\u0131\u2026<\/p>\n<p>Tiaet hayat\u0131nda tam gaz ko\u015ftu ama her seferinde yeti\u015fkinlerin d\u00fcnyas\u0131na toslad\u0131. Yeti\u015fkinler y\u00fcz\u00fcnden ba\u015f\u0131na gelmeyen kalmad\u0131\u2026<\/p>\n<p>Ama \u015fimdi Bakkal onun eline ge\u00e7ti!<\/p>\n<p>\u00c7\u0131rak i\u015f ba\u015f\u0131nda!<\/p>\n<p>Dedemin Bakkal\u0131-\u00c7\u0131rak gelece\u011fin giri\u015fimcilerine, kahramanlar\u0131na, yazarlar\u0131na, mucitlerine, yard\u0131mseverlerine incelikli bir \u201c\u00e7\u0131rakl\u0131k\u201d rehberi sunuyor. T\u00fcm cin fikirli \u00e7\u0131raklara; yeti\u015fkinlere ra\u011fmen \u00fcretmenin, d\u00fc\u015f\u00fcnmenin, hayal kurman\u0131n, yazman\u0131n yollar\u0131n\u0131 anlat\u0131yor.<\/p>\n<p>Bakkal \u015fimdi senin elinde!<\/p>\n<p>Hadi s\u0131n\u0131rs\u0131zca \u00fcret, hayal et, fikirlerini hayata ge\u00e7ir!<\/p>\n<p>\u015eermin \u00c7arkac\u0131\u2019n\u0131n kendi hat\u0131ralar\u0131ndan ilhamla kaleme ald\u0131\u011f\u0131 Dedemin Bakkal\u0131\u2019n\u0131n, i\u00e7ine okuyucuyu da katan etkinlikli devam kitab\u0131 olan Dedemin Bakkal\u0131-\u00c7\u0131rak\u2019ta, hayal kurmak, yeni fikirler bulmak, yazmak ve \u00fcretmekle ilgili hikayelerin yan\u0131 s\u0131ra hikayeleri okuyucunun hayat\u0131na uygulama imkan\u0131 veren etkinlikler yer al\u0131yor.<\/p>\n","protected":false},"excerpt":{"rendered":"<p>Dedemin Bakkal\u0131\u2019n\u0131 okuyanlar bilir!<\/p>\n<p>O, tuz ruhu isteyen m\u00fc\u015fteriye yemek tuzu g\u00f6nderip \u201cruhu arkadan gelecek\u201d diyen bir giri\u015fimci\u2026<\/p>\n<p>O, fakir m\u00fc\u015fterilere bedava \u00fcr\u00fcnler sat\u0131p \u00fccreti zenginlerin hesab\u0131na yazan bir kahraman\u2026<\/p>\n<p>O, bakkaldaki i\u00e7ecekleri birbirine kar\u0131\u015ft\u0131r\u0131p daha g\u00fczelini bulmak ve m\u00fc\u015fterilerine sunmak i\u00e7in u\u011fra\u015fan bir sivri zeka\u2026<\/p>\n<p>O, Afrikal\u0131 \u00e7ocuklara yard\u0131m g\u00f6ndermek i\u00e7in arkada\u015flar\u0131n\u0131n ellerinden kandil yiyeceklerini toplayan bir yard\u0131msever\u2026<\/p>\n<p>O, att\u0131\u011f\u0131 her ad\u0131m olay olan, a\u015f\u0131r\u0131 e\u011flenceli, cin fikirli, fena halde yenilik\u00e7i bir bakkal \u00e7\u0131ra\u011f\u0131\u2026<\/p>\n<p>Tiaet hayat\u0131nda tam gaz ko\u015ftu ama her seferinde yeti\u015fkinlerin d\u00fcnyas\u0131na toslad\u0131. Yeti\u015fkinler y\u00fcz\u00fcnden ba\u015f\u0131na gelmeyen kalmad\u0131\u2026<\/p>\n<p>Ama \u015fimdi Bakkal onun eline ge\u00e7ti!<\/p>\n<p>\u00c7\u0131rak i\u015f ba\u015f\u0131nda!<\/p>\n<p>Dedemin Bakkal\u0131-\u00c7\u0131rak gelece\u011fin giri\u015fimcilerine, kahramanlar\u0131na, yazarlar\u0131na, mucitlerine, yard\u0131mseverlerine incelikli bir \u201c\u00e7\u0131rakl\u0131k\u201d rehberi sunuyor. T\u00fcm cin fikirli \u00e7\u0131raklara; yeti\u015fkinlere ra\u011fmen \u00fcretmenin, d\u00fc\u015f\u00fcnmenin, hayal kurman\u0131n, yazman\u0131n yollar\u0131n\u0131 anlat\u0131yor.<\/p>\n<p>Bakkal \u015fimdi senin elinde!<\/p>\n<p>Hadi s\u0131n\u0131rs\u0131zca \u00fcret, hayal et, fikirlerini hayata ge\u00e7ir!<\/p>\n<p>\u015eermin \u00c7arkac\u0131\u2019n\u0131n kendi hat\u0131ralar\u0131ndan ilhamla kaleme ald\u0131\u011f\u0131 Dedemin Bakkal\u0131\u2019n\u0131n, i\u00e7ine okuyucuyu da katan etkinlikli devam kitab\u0131 olan Dedemin Bakkal\u0131-\u00c7\u0131rak\u2019ta, hayal kurmak, yeni fikirler bulmak, yazmak ve \u00fcretmekle ilgili hikayelerin yan\u0131 s\u0131ra hikayeleri okuyucunun hayat\u0131na uygulama imkan\u0131 veren etkinlikler yer al\u0131yor.<\/p>\n","protected":false},"featured_media":7418,"comment_status":"open","ping_status":"closed","template":"","meta":[],"class_list":["post-7417","product","type-product","status-publish","has-post-thumbnail","hentry","product_cat-cocukkitaplari"],"_links":{"self":[{"href":"http:\/\/www.ttistanbulspor.org\/index.php\/wp-json\/wp\/v2\/product\/7417","targetHints":{"allow":["GET"]}}],"collection":[{"href":"http:\/\/www.ttistanbulspor.org\/index.php\/wp-json\/wp\/v2\/product"}],"about":[{"href":"http:\/\/www.ttistanbulspor.org\/index.php\/wp-json\/wp\/v2\/types\/product"}],"replies":[{"embeddable":true,"href":"http:\/\/www.ttistanbulspor.org\/index.php\/wp-json\/wp\/v2\/comments?post=7417"}],"wp:featuredmedia":[{"embeddable":true,"href":"http:\/\/www.ttistanbulspor.org\/index.php\/wp-json\/wp\/v2\/media\/7418"}],"wp:attachment":[{"href":"http:\/\/www.ttistanbulspor.org\/index.php\/wp-json\/wp\/v2\/media?parent=7417"}],"curies":[{"name":"wp","href":"https:\/\/api.w.org\/{rel}","templated":true}]}}