{"id":7413,"date":"2019-10-01T09:07:27","date_gmt":"2019-10-01T06:07:27","guid":{"rendered":"http:\/\/www.ttistanbulspor.org\/?post_type=product&#038;p=7413"},"modified":"2019-10-01T09:07:43","modified_gmt":"2019-10-01T06:07:43","slug":"olay-berlinde-geciyor","status":"publish","type":"product","link":"http:\/\/www.ttistanbulspor.org\/index.php\/urun\/olay-berlinde-geciyor\/","title":{"rendered":"Olay Berlin&#8217;de Ge\u00e7iyor"},"content":{"rendered":"<p>Bir \u015fehri, haritalara eklenmesi gereken yeni bir k\u00f6pr\u00fc, ku\u015f c\u0131v\u0131lt\u0131lar\u0131yla t\u0131ka basa dolu ya\u015fl\u0131 bir orman ya da ilkbaharda gen\u00e7lik \u00e7a\u011flar\u0131na d\u00f6n\u00fcp delice akan ama k\u0131\u015f geldi\u011finde her \u015feyi yava\u015flad\u0131\u011f\u0131 ve azald\u0131\u011f\u0131 i\u00e7in ihtiyarlayan bir nehir b\u00f6lebilir. Hepsine tahamm\u00fcl edilir fakat bir duvar\u0131n b\u00f6ld\u00fc\u011f\u00fc \u015fehirlere sadece ac\u0131n\u0131r.<\/p>\n<p>Bir \u015fehir arkas\u0131ndan geldi Naime Erkovan\u2019\u0131n terk ettikten y\u0131llar sonra. Y\u0131k\u0131lm\u0131\u015f bir duvar\u0131, k\u0131r\u0131lm\u0131\u015f bir ayna gibi yap\u0131\u015ft\u0131r\u0131p kendisine tutmas\u0131n\u0131 istedi: Kendisine yani Berlin\u2019e. Kendisine yani \u00e7ocuklu\u011funa. \u015eehir bir \u00e7ocu\u011fun aynas\u0131nda tazelenirken, \u00e7ocuk bir \u015fehrin aynas\u0131nda b\u00fcy\u00fcyecekti.<\/p>\n<p>Olay Berlin\u2019de ge\u00e7ti evet, fakat \u0130stanbul\u2019da \u00f6yk\u00fcye d\u00f6n\u00fc\u015ft\u00fc. Erkovan\u2019\u0131n aynas\u0131ndaki y\u00fczde hepimize ait \u00e7izgiler var.<\/p>\n<p>&nbsp;<\/p>\n","protected":false},"excerpt":{"rendered":"<p>Bir \u015fehri, haritalara eklenmesi gereken yeni bir k\u00f6pr\u00fc, ku\u015f c\u0131v\u0131lt\u0131lar\u0131yla t\u0131ka basa dolu ya\u015fl\u0131 bir orman ya da ilkbaharda gen\u00e7lik \u00e7a\u011flar\u0131na d\u00f6n\u00fcp delice akan ama k\u0131\u015f geldi\u011finde her \u015feyi yava\u015flad\u0131\u011f\u0131 ve azald\u0131\u011f\u0131 i\u00e7in ihtiyarlayan bir nehir b\u00f6lebilir. Hepsine tahamm\u00fcl edilir fakat bir duvar\u0131n b\u00f6ld\u00fc\u011f\u00fc \u015fehirlere sadece ac\u0131n\u0131r.<\/p>\n<p>Bir \u015fehir arkas\u0131ndan geldi Naime Erkovan\u2019\u0131n terk ettikten y\u0131llar sonra. Y\u0131k\u0131lm\u0131\u015f bir duvar\u0131, k\u0131r\u0131lm\u0131\u015f bir ayna gibi yap\u0131\u015ft\u0131r\u0131p kendisine tutmas\u0131n\u0131 istedi: Kendisine yani Berlin\u2019e. Kendisine yani \u00e7ocuklu\u011funa. \u015eehir bir \u00e7ocu\u011fun aynas\u0131nda tazelenirken, \u00e7ocuk bir \u015fehrin aynas\u0131nda b\u00fcy\u00fcyecekti.<\/p>\n<p>Olay Berlin\u2019de ge\u00e7ti evet, fakat \u0130stanbul\u2019da \u00f6yk\u00fcye d\u00f6n\u00fc\u015ft\u00fc. Erkovan\u2019\u0131n aynas\u0131ndaki y\u00fczde hepimize ait \u00e7izgiler var.<\/p>\n<p>&nbsp;<\/p>\n","protected":false},"featured_media":7414,"comment_status":"open","ping_status":"closed","template":"","meta":[],"class_list":["post-7413","product","type-product","status-publish","has-post-thumbnail","hentry","product_cat-turkiye-roman"],"_links":{"self":[{"href":"http:\/\/www.ttistanbulspor.org\/index.php\/wp-json\/wp\/v2\/product\/7413","targetHints":{"allow":["GET"]}}],"collection":[{"href":"http:\/\/www.ttistanbulspor.org\/index.php\/wp-json\/wp\/v2\/product"}],"about":[{"href":"http:\/\/www.ttistanbulspor.org\/index.php\/wp-json\/wp\/v2\/types\/product"}],"replies":[{"embeddable":true,"href":"http:\/\/www.ttistanbulspor.org\/index.php\/wp-json\/wp\/v2\/comments?post=7413"}],"wp:featuredmedia":[{"embeddable":true,"href":"http:\/\/www.ttistanbulspor.org\/index.php\/wp-json\/wp\/v2\/media\/7414"}],"wp:attachment":[{"href":"http:\/\/www.ttistanbulspor.org\/index.php\/wp-json\/wp\/v2\/media?parent=7413"}],"curies":[{"name":"wp","href":"https:\/\/api.w.org\/{rel}","templated":true}]}}