{"id":7398,"date":"2019-09-30T15:46:35","date_gmt":"2019-09-30T12:46:35","guid":{"rendered":"http:\/\/www.ttistanbulspor.org\/?post_type=product&#038;p=7398"},"modified":"2019-09-30T15:46:38","modified_gmt":"2019-09-30T12:46:38","slug":"nureddin-zengi-sarkin-kandili","status":"publish","type":"product","link":"http:\/\/www.ttistanbulspor.org\/index.php\/urun\/nureddin-zengi-sarkin-kandili\/","title":{"rendered":"Nureddin Zengi &#8211; \u015eark&#8217;\u0131n Kandili"},"content":{"rendered":"<p>Ha\u00e7l\u0131 istilalar\u0131n\u0131n d\u00fcnyay\u0131 kas\u0131p kavurdu\u011fu 12. y\u00fczy\u0131lda ya\u015fayan Nureddin Zengi, suyu tersine ak\u0131tmay\u0131 ba\u015faran adam. Bir aya\u011f\u0131n\u0131 Halep&#8217;te tutarak m\u00fcsl\u00fcmanlar\u0131 birle\u015ftiren, zillet \u00f6rt\u00fcs\u00fcn\u00fc \u00fcstlerinden atan, de\u011ferler ba\u011f\u0131n\u0131 yeniden ye\u015ferten m\u00fccahid ve muttaki bir \u00f6nder. M\u00fcsl\u00fcman \u015eark\u0131n kandili, k\u0131l\u0131c\u0131, kalkan\u0131. Elliden fazla beldeyi Frenk i\u015fgalinden kurtarmas\u0131n\u0131n yan\u0131nda, in\u015fa etti\u011fi medreseler ve di\u011fer kurumlarla S\u00fcnni uyan\u0131\u015fa can katan bilge bir y\u00f6netici. Yery\u00fcz\u00fcn\u00fc titre\u015ftiren g\u00fc\u00e7l\u00fc avaz\u0131yla, ac\u0131 ve korku i\u00e7inde \u00f6m\u00fcr t\u00fcketmekten kurtard\u0131\u011f\u0131 h\u00fcnerli ve \u00e7al\u0131\u015fkan kad\u0131nlarla, \u015fehirleri aya\u011fa kald\u0131ran yi\u011fit ve onurlu adamlarla benzerine pek rastlanmayan ger\u00e7ek bir \u0130sl\u00e2m bahar\u0131n\u0131n mimari. Cesareti, adaleti ve merhametiyle herkesin hayranl\u0131\u011f\u0131n\u0131 kazanan bu g\u00fczide kahraman; yeti\u015ftirdi\u011fi ve yol g\u00f6sterdi\u011fi Selahaddin&#8217;e, fetih minberini bile yapt\u0131rd\u0131\u011f\u0131 Kud\u00fcs&#8217;\u00fcn kap\u0131s\u0131n\u0131 aralayan ki\u015fi ayn\u0131 zamanda.<\/p>\n<p>Ali Emre, sanki \u00f6zellikle karanl\u0131\u011fa terk edilen, ders kitaplar\u0131nda ad\u0131 bile an\u0131lmayan bu k\u0131ymetli \u00e7ehreye, yirmi y\u0131ll\u0131k bir \u00e7aban\u0131n \u00fcr\u00fcn\u00fc olan roman\u0131yla \u0131\u015f\u0131k tutuyor. \u0130\u00e7 i\u00e7e ge\u00e7mi\u015f iki anlat\u0131yla ilerleyen romanda; b\u00fcy\u00fck ve karma\u015f\u0131k bir toplumun, farkl\u0131 akt\u00f6r ve geli\u015fmelerle \u00e7alkalanan zorlu bir d\u00f6nemin, tarih ile edebiyat\u0131n temas\u0131yla yeniden devinen bir\u00e7ok ayr\u0131nt\u0131n\u0131n toplu bir foto\u011fraf\u0131n\u0131 g\u00f6rmek de m\u00fcmk\u00fcn<strong>.<\/strong><\/p>\n","protected":false},"excerpt":{"rendered":"<p>Ha\u00e7l\u0131 istilalar\u0131n\u0131n d\u00fcnyay\u0131 kas\u0131p kavurdu\u011fu 12. y\u00fczy\u0131lda ya\u015fayan Nureddin Zengi, suyu tersine ak\u0131tmay\u0131 ba\u015faran adam. Bir aya\u011f\u0131n\u0131 Halep&#8217;te tutarak m\u00fcsl\u00fcmanlar\u0131 birle\u015ftiren, zillet \u00f6rt\u00fcs\u00fcn\u00fc \u00fcstlerinden atan, de\u011ferler ba\u011f\u0131n\u0131 yeniden ye\u015ferten m\u00fccahid ve muttaki bir \u00f6nder. M\u00fcsl\u00fcman \u015eark\u0131n kandili, k\u0131l\u0131c\u0131, kalkan\u0131. Elliden fazla beldeyi Frenk i\u015fgalinden kurtarmas\u0131n\u0131n yan\u0131nda, in\u015fa etti\u011fi medreseler ve di\u011fer kurumlarla S\u00fcnni uyan\u0131\u015fa can katan bilge bir y\u00f6netici. Yery\u00fcz\u00fcn\u00fc titre\u015ftiren g\u00fc\u00e7l\u00fc avaz\u0131yla, ac\u0131 ve korku i\u00e7inde \u00f6m\u00fcr t\u00fcketmekten kurtard\u0131\u011f\u0131 h\u00fcnerli ve \u00e7al\u0131\u015fkan kad\u0131nlarla, \u015fehirleri aya\u011fa kald\u0131ran yi\u011fit ve onurlu adamlarla benzerine pek rastlanmayan ger\u00e7ek bir \u0130sl\u00e2m bahar\u0131n\u0131n mimari. Cesareti, adaleti ve merhametiyle herkesin hayranl\u0131\u011f\u0131n\u0131 kazanan bu g\u00fczide kahraman; yeti\u015ftirdi\u011fi ve yol g\u00f6sterdi\u011fi Selahaddin&#8217;e, fetih minberini bile yapt\u0131rd\u0131\u011f\u0131 Kud\u00fcs&#8217;\u00fcn kap\u0131s\u0131n\u0131 aralayan ki\u015fi ayn\u0131 zamanda.<\/p>\n<p>Ali Emre, sanki \u00f6zellikle karanl\u0131\u011fa terk edilen, ders kitaplar\u0131nda ad\u0131 bile an\u0131lmayan bu k\u0131ymetli \u00e7ehreye, yirmi y\u0131ll\u0131k bir \u00e7aban\u0131n \u00fcr\u00fcn\u00fc olan roman\u0131yla \u0131\u015f\u0131k tutuyor. \u0130\u00e7 i\u00e7e ge\u00e7mi\u015f iki anlat\u0131yla ilerleyen romanda; b\u00fcy\u00fck ve karma\u015f\u0131k bir toplumun, farkl\u0131 akt\u00f6r ve geli\u015fmelerle \u00e7alkalanan zorlu bir d\u00f6nemin, tarih ile edebiyat\u0131n temas\u0131yla yeniden devinen bir\u00e7ok ayr\u0131nt\u0131n\u0131n toplu bir foto\u011fraf\u0131n\u0131 g\u00f6rmek de m\u00fcmk\u00fcn<strong>.<\/strong><\/p>\n","protected":false},"featured_media":7399,"comment_status":"open","ping_status":"closed","template":"","meta":[],"class_list":["post-7398","product","type-product","status-publish","has-post-thumbnail","hentry","product_cat-turkiye-roman"],"_links":{"self":[{"href":"http:\/\/www.ttistanbulspor.org\/index.php\/wp-json\/wp\/v2\/product\/7398","targetHints":{"allow":["GET"]}}],"collection":[{"href":"http:\/\/www.ttistanbulspor.org\/index.php\/wp-json\/wp\/v2\/product"}],"about":[{"href":"http:\/\/www.ttistanbulspor.org\/index.php\/wp-json\/wp\/v2\/types\/product"}],"replies":[{"embeddable":true,"href":"http:\/\/www.ttistanbulspor.org\/index.php\/wp-json\/wp\/v2\/comments?post=7398"}],"wp:featuredmedia":[{"embeddable":true,"href":"http:\/\/www.ttistanbulspor.org\/index.php\/wp-json\/wp\/v2\/media\/7399"}],"wp:attachment":[{"href":"http:\/\/www.ttistanbulspor.org\/index.php\/wp-json\/wp\/v2\/media?parent=7398"}],"curies":[{"name":"wp","href":"https:\/\/api.w.org\/{rel}","templated":true}]}}