{"id":7391,"date":"2019-09-30T15:25:10","date_gmt":"2019-09-30T12:25:10","guid":{"rendered":"http:\/\/www.ttistanbulspor.org\/?post_type=product&#038;p=7391"},"modified":"2019-09-30T15:25:13","modified_gmt":"2019-09-30T12:25:13","slug":"devlet-ana","status":"publish","type":"product","link":"http:\/\/www.ttistanbulspor.org\/index.php\/urun\/devlet-ana\/","title":{"rendered":"Devlet Ana"},"content":{"rendered":"<p>&#8216;Devlet Ana&#8217;, Osmanl\u0131 kurulmadan \u00f6nceki Anadolu&#8217;nun g\u00f6r\u00fcn\u00fcm\u00fcn\u00fc \u00fcve Anadolu insan\u0131n\u0131n \u00f6zlemlerini anlat\u0131rken, onlar\u0131n g\u00fc\u00e7l\u00fc, g\u00fcvenli, adaletli bir devlete duydu\u011fu ihtiyac\u0131 da a\u00e7\u0131\u011fa \u00e7\u0131karmaktad\u0131r. Kemal Tahir&#8217;iin en \u00f6nemli roman\u0131 olarak g\u00f6sterilen &#8216;Devlet Ana&#8217;, onun d\u00fc\u015f\u00fcnce yap\u0131s\u0131n\u0131 da en iyi yans\u0131tan eserlerinden biri say\u0131lmaktad\u0131r.<\/p>\n<p>&#8220;Kemal Tahir, tarihi ve toplumu hakk\u0131ndaki orijinal ve sa\u011flam g\u00f6r\u00fc\u015flerinden hareket etti\u011fi i\u00e7in hem &#8216;mahalli a\u011f\u0131zlar\u0131&#8217;, hem T\u00fcrk\u00e7e&#8217;nin k\u00fc\u00e7\u00fcmsenmi\u015f ve unutulmu\u015f nesir dilini hem de yeni imkanlar\u0131n\u0131 kayna\u015ft\u0131rarak ve a\u015farak kullanabilirmi\u015ftir. Eserlerindeki e\u015fsiz dil ve \u00fcslup g\u00fczelli\u011finin kayna\u011f\u0131 bu davran\u0131\u015ftad\u0131r. Daha \u00f6nceki romanlar\u0131nda da g\u00f6r\u00fclen bu \u00f6zellik &#8216;Devlet Ana&#8217;da en y\u00fcce noktas\u0131na eri\u015fmi\u015ftir. T\u00fcrk\u00e7e&#8217;nin unutulmu\u015f olan dehas\u0131 b\u00fct\u00fcn boyutlar\u0131, zenginli\u011fi ve hasl\u0131\u011f\u0131yla ilk olarak Kemal Tahir&#8217;in eserlerinde kendini g\u00f6stermektedir.&#8221;<\/p>\n","protected":false},"excerpt":{"rendered":"<p>&#8216;Devlet Ana&#8217;, Osmanl\u0131 kurulmadan \u00f6nceki Anadolu&#8217;nun g\u00f6r\u00fcn\u00fcm\u00fcn\u00fc \u00fcve Anadolu insan\u0131n\u0131n \u00f6zlemlerini anlat\u0131rken, onlar\u0131n g\u00fc\u00e7l\u00fc, g\u00fcvenli, adaletli bir devlete duydu\u011fu ihtiyac\u0131 da a\u00e7\u0131\u011fa \u00e7\u0131karmaktad\u0131r. Kemal Tahir&#8217;iin en \u00f6nemli roman\u0131 olarak g\u00f6sterilen &#8216;Devlet Ana&#8217;, onun d\u00fc\u015f\u00fcnce yap\u0131s\u0131n\u0131 da en iyi yans\u0131tan eserlerinden biri say\u0131lmaktad\u0131r.<\/p>\n<p>&#8220;Kemal Tahir, tarihi ve toplumu hakk\u0131ndaki orijinal ve sa\u011flam g\u00f6r\u00fc\u015flerinden hareket etti\u011fi i\u00e7in hem &#8216;mahalli a\u011f\u0131zlar\u0131&#8217;, hem T\u00fcrk\u00e7e&#8217;nin k\u00fc\u00e7\u00fcmsenmi\u015f ve unutulmu\u015f nesir dilini hem de yeni imkanlar\u0131n\u0131 kayna\u015ft\u0131rarak ve a\u015farak kullanabilirmi\u015ftir. Eserlerindeki e\u015fsiz dil ve \u00fcslup g\u00fczelli\u011finin kayna\u011f\u0131 bu davran\u0131\u015ftad\u0131r. Daha \u00f6nceki romanlar\u0131nda da g\u00f6r\u00fclen bu \u00f6zellik &#8216;Devlet Ana&#8217;da en y\u00fcce noktas\u0131na eri\u015fmi\u015ftir. T\u00fcrk\u00e7e&#8217;nin unutulmu\u015f olan dehas\u0131 b\u00fct\u00fcn boyutlar\u0131, zenginli\u011fi ve hasl\u0131\u011f\u0131yla ilk olarak Kemal Tahir&#8217;in eserlerinde kendini g\u00f6stermektedir.&#8221;<\/p>\n","protected":false},"featured_media":7392,"comment_status":"open","ping_status":"closed","template":"","meta":[],"class_list":["post-7391","product","type-product","status-publish","has-post-thumbnail","hentry","product_cat-turkiye-roman"],"_links":{"self":[{"href":"http:\/\/www.ttistanbulspor.org\/index.php\/wp-json\/wp\/v2\/product\/7391","targetHints":{"allow":["GET"]}}],"collection":[{"href":"http:\/\/www.ttistanbulspor.org\/index.php\/wp-json\/wp\/v2\/product"}],"about":[{"href":"http:\/\/www.ttistanbulspor.org\/index.php\/wp-json\/wp\/v2\/types\/product"}],"replies":[{"embeddable":true,"href":"http:\/\/www.ttistanbulspor.org\/index.php\/wp-json\/wp\/v2\/comments?post=7391"}],"wp:featuredmedia":[{"embeddable":true,"href":"http:\/\/www.ttistanbulspor.org\/index.php\/wp-json\/wp\/v2\/media\/7392"}],"wp:attachment":[{"href":"http:\/\/www.ttistanbulspor.org\/index.php\/wp-json\/wp\/v2\/media?parent=7391"}],"curies":[{"name":"wp","href":"https:\/\/api.w.org\/{rel}","templated":true}]}}