{"id":7385,"date":"2019-09-30T15:10:05","date_gmt":"2019-09-30T12:10:05","guid":{"rendered":"http:\/\/www.ttistanbulspor.org\/?post_type=product&#038;p=7385"},"modified":"2019-09-30T15:10:09","modified_gmt":"2019-09-30T12:10:09","slug":"tutunamayanlar-2","status":"publish","type":"product","link":"http:\/\/www.ttistanbulspor.org\/index.php\/urun\/tutunamayanlar-2\/","title":{"rendered":"Tutunamayanlar"},"content":{"rendered":"<p>\u00dclkemizin en de\u011ferli yazarlar\u0131ndan biri olan O\u011fuz Atay\u2019\u0131n yaz\u0131ld\u0131\u011f\u0131 d\u00f6nemde b\u00fcy\u00fck tart\u0131\u015fma konusu olmu\u015f eseri Tutunamayanlar, 1972 y\u0131l\u0131nda yay\u0131mlanm\u0131\u015ft\u0131r. Eser, bilin\u00e7-ak\u0131\u015f\u0131 tekni\u011fiyle d\u00f6neme damgas\u0131n\u0131 vurarak T\u00fcrk Edebiyat\u0131\u2019nda yeni bir \u00e7a\u011f\u0131 ba\u015flatm\u0131\u015ft\u0131r. Pek \u00e7ok ele\u015ftirmen, Tutunamayanlar\u2019\u0131 T\u00fcrk Dili\u2019nde yaz\u0131lm\u0131\u015f en iyi eser olarak de\u011ferlendirmektedir.<\/p>\n<p>Tutunamayanlar O\u011fuz Atay ismiyle \u00f6zde\u015fle\u015fmi\u015f bir roman olarak, b\u00fcy\u00fck yazar\u0131m\u0131z\u0131n hayat\u0131ndan izler ta\u015f\u0131mas\u0131yla da k\u0131smen otobiyografik bir eser olarak da de\u011ferlendirilebilir. Roman, son derece \u00fcst d\u00fczey diliyle \u00e7evirisi en zor romanlar aras\u0131nda yer al\u0131r. Tutunamayanlar, sadece birka\u00e7 dile \u00e7evrilebilmi\u015ftir. \u201c<em>Het leven in stukken\u201d\u00a0<\/em>ad\u0131 alt\u0131nda Flemenk\u00e7eye (Hollanda Dili) \u00e7evrilen eser, eserin Hollandal\u0131 \u00e7evirmenine \u00f6d\u00fcl kazand\u0131rm\u0131\u015ft\u0131r.<\/p>\n<p>Tutunamayanlar konusu itibariyle intihar eden arkada\u015f\u0131n\u0131n ge\u00e7mi\u015fini ara\u015ft\u0131ran Turgut \u00d6zben\u2019in, s\u00f6z konusu arkada\u015f\u0131 Selim I\u015f\u0131k\u2019\u0131n modern hayata neden \u201cTutunamad\u0131\u011f\u0131\u201dn\u0131 \u00f6\u011frenme \u00e7abas\u0131n\u0131 anlatmaktad\u0131r. Romanda Turgut\u2019un kar\u015f\u0131la\u015ft\u0131\u011f\u0131 her ki\u015fi Selim I\u015f\u0131k\u2019\u0131 tan\u0131yan ki\u015filerdir ve her biri Turgut\u2019a Selim\u2019in farkl\u0131 y\u00f6nlerini aktarmaktad\u0131r.<\/p>\n<p>\u0130leti\u015fim Yay\u0131nlar\u0131\u2019n\u0131n en prestijli kitaplar\u0131ndan biri olan Tutunamayanlar, \u00fclkemizde oldu\u011fu kadar D\u00fcnya \u00e7ap\u0131nda da merak konusu olan eserlerden biridir.<\/p>\n<p>Her y\u0131l \u00e7ok satan kitaplar aras\u0131nda yer alan Eser, TRT Roman \u00d6d\u00fcl\u00fc\u2019ne sahiptir. Tutunamayanlar roman\u0131n\u0131n ilk bask\u0131s\u0131 1000 TL gibi bir fiyat ile al\u0131c\u0131 bulmu\u015ftur.<\/p>\n","protected":false},"excerpt":{"rendered":"<p>\u00dclkemizin en de\u011ferli yazarlar\u0131ndan biri olan O\u011fuz Atay\u2019\u0131n yaz\u0131ld\u0131\u011f\u0131 d\u00f6nemde b\u00fcy\u00fck tart\u0131\u015fma konusu olmu\u015f eseri Tutunamayanlar, 1972 y\u0131l\u0131nda yay\u0131mlanm\u0131\u015ft\u0131r. Eser, bilin\u00e7-ak\u0131\u015f\u0131 tekni\u011fiyle d\u00f6neme damgas\u0131n\u0131 vurarak T\u00fcrk Edebiyat\u0131\u2019nda yeni bir \u00e7a\u011f\u0131 ba\u015flatm\u0131\u015ft\u0131r. Pek \u00e7ok ele\u015ftirmen, Tutunamayanlar\u2019\u0131 T\u00fcrk Dili\u2019nde yaz\u0131lm\u0131\u015f en iyi eser olarak de\u011ferlendirmektedir.<\/p>\n<p>Tutunamayanlar O\u011fuz Atay ismiyle \u00f6zde\u015fle\u015fmi\u015f bir roman olarak, b\u00fcy\u00fck yazar\u0131m\u0131z\u0131n hayat\u0131ndan izler ta\u015f\u0131mas\u0131yla da k\u0131smen otobiyografik bir eser olarak da de\u011ferlendirilebilir. Roman, son derece \u00fcst d\u00fczey diliyle \u00e7evirisi en zor romanlar aras\u0131nda yer al\u0131r. Tutunamayanlar, sadece birka\u00e7 dile \u00e7evrilebilmi\u015ftir. \u201c<em>Het leven in stukken\u201d\u00a0<\/em>ad\u0131 alt\u0131nda Flemenk\u00e7eye (Hollanda Dili) \u00e7evrilen eser, eserin Hollandal\u0131 \u00e7evirmenine \u00f6d\u00fcl kazand\u0131rm\u0131\u015ft\u0131r.<\/p>\n<p>Tutunamayanlar konusu itibariyle intihar eden arkada\u015f\u0131n\u0131n ge\u00e7mi\u015fini ara\u015ft\u0131ran Turgut \u00d6zben\u2019in, s\u00f6z konusu arkada\u015f\u0131 Selim I\u015f\u0131k\u2019\u0131n modern hayata neden \u201cTutunamad\u0131\u011f\u0131\u201dn\u0131 \u00f6\u011frenme \u00e7abas\u0131n\u0131 anlatmaktad\u0131r. Romanda Turgut\u2019un kar\u015f\u0131la\u015ft\u0131\u011f\u0131 her ki\u015fi Selim I\u015f\u0131k\u2019\u0131 tan\u0131yan ki\u015filerdir ve her biri Turgut\u2019a Selim\u2019in farkl\u0131 y\u00f6nlerini aktarmaktad\u0131r.<\/p>\n<p>\u0130leti\u015fim Yay\u0131nlar\u0131\u2019n\u0131n en prestijli kitaplar\u0131ndan biri olan Tutunamayanlar, \u00fclkemizde oldu\u011fu kadar D\u00fcnya \u00e7ap\u0131nda da merak konusu olan eserlerden biridir.<\/p>\n<p>Her y\u0131l \u00e7ok satan kitaplar aras\u0131nda yer alan Eser, TRT Roman \u00d6d\u00fcl\u00fc\u2019ne sahiptir. Tutunamayanlar roman\u0131n\u0131n ilk bask\u0131s\u0131 1000 TL gibi bir fiyat ile al\u0131c\u0131 bulmu\u015ftur.<\/p>\n","protected":false},"featured_media":7386,"comment_status":"open","ping_status":"closed","template":"","meta":[],"class_list":["post-7385","product","type-product","status-publish","has-post-thumbnail","hentry","product_cat-turkiye-roman"],"_links":{"self":[{"href":"http:\/\/www.ttistanbulspor.org\/index.php\/wp-json\/wp\/v2\/product\/7385","targetHints":{"allow":["GET"]}}],"collection":[{"href":"http:\/\/www.ttistanbulspor.org\/index.php\/wp-json\/wp\/v2\/product"}],"about":[{"href":"http:\/\/www.ttistanbulspor.org\/index.php\/wp-json\/wp\/v2\/types\/product"}],"replies":[{"embeddable":true,"href":"http:\/\/www.ttistanbulspor.org\/index.php\/wp-json\/wp\/v2\/comments?post=7385"}],"wp:featuredmedia":[{"embeddable":true,"href":"http:\/\/www.ttistanbulspor.org\/index.php\/wp-json\/wp\/v2\/media\/7386"}],"wp:attachment":[{"href":"http:\/\/www.ttistanbulspor.org\/index.php\/wp-json\/wp\/v2\/media?parent=7385"}],"curies":[{"name":"wp","href":"https:\/\/api.w.org\/{rel}","templated":true}]}}