{"id":7380,"date":"2019-09-30T14:18:18","date_gmt":"2019-09-30T11:18:18","guid":{"rendered":"http:\/\/www.ttistanbulspor.org\/?post_type=product&#038;p=7380"},"modified":"2019-09-30T14:18:38","modified_gmt":"2019-09-30T11:18:38","slug":"bozkirda-altmisalti","status":"publish","type":"product","link":"http:\/\/www.ttistanbulspor.org\/index.php\/urun\/bozkirda-altmisalti\/","title":{"rendered":"Bozk\u0131rda Altm\u0131\u015falt\u0131"},"content":{"rendered":"<p>Handan bak\u0131nd\u0131 bak\u0131nd\u0131, &#8220;Yumurta alay\u0131m,&#8221; dedi. &#8220;Ama az olsun. Taze olsun,&#8221; dedi. &#8220;Nas\u0131l olsa buray\u0131 \u00f6\u011frendim. Gelir taze taze al\u0131r\u0131m,&#8221; dedi.<\/p>\n<p>Sen gel tabii. Senin gelmedi\u011fin d\u00fckk\u00e2n\u0131n ben anas\u0131n\u0131 satar\u0131m. Sen gel tabii. Senin almad\u0131\u011f\u0131n yumurtay\u0131 ben yere \u00e7alar\u0131m.<\/p>\n<p>Sen gel tabii, ben t\u00fcm Yozgat&#8217;\u0131 b\u0131rak\u0131r t\u00fcm mal\u0131 sana saklar\u0131m sultan\u0131m, diyemedim. &#8220;Her zaman,&#8221; dedim. &#8220;Her zaman bekleriz.&#8221;<\/p>\n<p>Her i\u015fin ivilini civilini bilen esnaflar, \u00c7aml\u0131\u011fa \u00e7\u0131kan, Yozgat&#8217;a yukar\u0131dan bakan \u00e2\u015f\u0131klar, \u00f6p\u00e7e bebeler, sesi k\u0131lavl\u0131, \u00f6yle ata\u015fl\u0131 \u00f6yle delikanl\u0131 kopiller, iyi pi\u015fmi\u015f g\u00f6zlemeler&#8230; Tina&#8217;n\u0131n \u00e7illeri var. Aziz Efendi ne kokuyor? Ayva, soban\u0131n \u00fcst\u00fcnde d\u00f6ne d\u00f6ne pi\u015fiyor. Mahalleye Bursa&#8217;dan bir Mersedes geliyor, Pi\u00e7 Sevi nas\u0131l da \u00e7al\u0131m at\u0131yor, Refet Efendi nas\u0131l da dertleniyor&#8230; Lan \u015eahin, yaz\u0131k de\u011fil mi Memnune&#8217;ye? Yaz\u0131k de\u011fil mi sana?<\/p>\n<p>Mustafa \u00c7iftci, \u015feker gibi iyimser hik\u00e2yeler anlat\u0131yor ta\u015fradan, k\u0131tl\u0131ktan&#8230; Kara sak\u0131z, kendir, k\u0131na, kaya tuzu, i\u011fde&#8230; &#8220;Vatanda\u015f, ne isterse vereceksin, yok demeyeceksin.&#8221;<\/p>\n<p>Bozk\u0131rda Altm\u0131\u015falt\u0131, g\u00fclerek memlekete bak\u0131yor&#8230; Allah i\u00e7in, Elif de kolay unutulmuyor i\u015fte&#8230;<\/p>\n","protected":false},"excerpt":{"rendered":"<p>Handan bak\u0131nd\u0131 bak\u0131nd\u0131, &#8220;Yumurta alay\u0131m,&#8221; dedi. &#8220;Ama az olsun. Taze olsun,&#8221; dedi. &#8220;Nas\u0131l olsa buray\u0131 \u00f6\u011frendim. Gelir taze taze al\u0131r\u0131m,&#8221; dedi.<\/p>\n<p>Sen gel tabii. Senin gelmedi\u011fin d\u00fckk\u00e2n\u0131n ben anas\u0131n\u0131 satar\u0131m. Sen gel tabii. Senin almad\u0131\u011f\u0131n yumurtay\u0131 ben yere \u00e7alar\u0131m.<\/p>\n<p>Sen gel tabii, ben t\u00fcm Yozgat&#8217;\u0131 b\u0131rak\u0131r t\u00fcm mal\u0131 sana saklar\u0131m sultan\u0131m, diyemedim. &#8220;Her zaman,&#8221; dedim. &#8220;Her zaman bekleriz.&#8221;<\/p>\n<p>Her i\u015fin ivilini civilini bilen esnaflar, \u00c7aml\u0131\u011fa \u00e7\u0131kan, Yozgat&#8217;a yukar\u0131dan bakan \u00e2\u015f\u0131klar, \u00f6p\u00e7e bebeler, sesi k\u0131lavl\u0131, \u00f6yle ata\u015fl\u0131 \u00f6yle delikanl\u0131 kopiller, iyi pi\u015fmi\u015f g\u00f6zlemeler&#8230; Tina&#8217;n\u0131n \u00e7illeri var. Aziz Efendi ne kokuyor? Ayva, soban\u0131n \u00fcst\u00fcnde d\u00f6ne d\u00f6ne pi\u015fiyor. Mahalleye Bursa&#8217;dan bir Mersedes geliyor, Pi\u00e7 Sevi nas\u0131l da \u00e7al\u0131m at\u0131yor, Refet Efendi nas\u0131l da dertleniyor&#8230; Lan \u015eahin, yaz\u0131k de\u011fil mi Memnune&#8217;ye? Yaz\u0131k de\u011fil mi sana?<\/p>\n<p>Mustafa \u00c7iftci, \u015feker gibi iyimser hik\u00e2yeler anlat\u0131yor ta\u015fradan, k\u0131tl\u0131ktan&#8230; Kara sak\u0131z, kendir, k\u0131na, kaya tuzu, i\u011fde&#8230; &#8220;Vatanda\u015f, ne isterse vereceksin, yok demeyeceksin.&#8221;<\/p>\n<p>Bozk\u0131rda Altm\u0131\u015falt\u0131, g\u00fclerek memlekete bak\u0131yor&#8230; Allah i\u00e7in, Elif de kolay unutulmuyor i\u015fte&#8230;<\/p>\n","protected":false},"featured_media":7382,"comment_status":"open","ping_status":"closed","template":"","meta":[],"class_list":["post-7380","product","type-product","status-publish","has-post-thumbnail","hentry","product_cat-turk-oyku"],"_links":{"self":[{"href":"http:\/\/www.ttistanbulspor.org\/index.php\/wp-json\/wp\/v2\/product\/7380","targetHints":{"allow":["GET"]}}],"collection":[{"href":"http:\/\/www.ttistanbulspor.org\/index.php\/wp-json\/wp\/v2\/product"}],"about":[{"href":"http:\/\/www.ttistanbulspor.org\/index.php\/wp-json\/wp\/v2\/types\/product"}],"replies":[{"embeddable":true,"href":"http:\/\/www.ttistanbulspor.org\/index.php\/wp-json\/wp\/v2\/comments?post=7380"}],"wp:featuredmedia":[{"embeddable":true,"href":"http:\/\/www.ttistanbulspor.org\/index.php\/wp-json\/wp\/v2\/media\/7382"}],"wp:attachment":[{"href":"http:\/\/www.ttistanbulspor.org\/index.php\/wp-json\/wp\/v2\/media?parent=7380"}],"curies":[{"name":"wp","href":"https:\/\/api.w.org\/{rel}","templated":true}]}}