{"id":7376,"date":"2019-09-30T14:04:31","date_gmt":"2019-09-30T11:04:31","guid":{"rendered":"http:\/\/www.ttistanbulspor.org\/?post_type=product&#038;p=7376"},"modified":"2019-09-30T14:04:32","modified_gmt":"2019-09-30T11:04:32","slug":"inatci-leke","status":"publish","type":"product","link":"http:\/\/www.ttistanbulspor.org\/index.php\/urun\/inatci-leke\/","title":{"rendered":"\u0130nat\u00e7\u0131 Leke"},"content":{"rendered":"<p>Handan Acar Y\u0131ld\u0131z daha \u00e7ok \u00e7a\u011fr\u0131\u015f\u0131mlarla ilerleyen, felsefi g\u00f6ndermelerle y\u00fckl\u00fc bir \u00f6yk\u00fc anlay\u0131\u015f\u0131 sergiler. S\u0131k\u0131 \u00f6rg\u00fcl\u00fc, d\u00fc\u015f\u00fcnce y\u00fckl\u00fc \u00f6yk\u00fclerinde i\u00e7 monolog, bilin\u00e7 ak\u0131\u015f\u0131, geriye d\u00f6n\u00fc\u015f, sembolik yakla\u015f\u0131m, soyutlama gibi anlat\u0131 y\u00f6ntemlerini kullan\u0131r. \u00d6yk\u00fclerde incinmi\u015f, k\u0131st\u0131r\u0131lm\u0131\u015f hayatlar\u0131n pe\u015fine d\u00fc\u015f\u00fcl\u00fcrken, dostsuz, kimsesiz, dayanaks\u0131z bu insanlar\u0131n topluma, \u00e7evreye ili\u015fkin ele\u015ftirileri \u00f6ne \u00e7\u0131kar. Yayg\u0131n bir karakter \u00e7e\u015fitlili\u011fi vard\u0131r ve hayat\u0131n bir \u015fekilde adaletsizli\u011fine u\u011fram\u0131\u015f, \u00e7ocuk, anne, baba her kesim g\u00fcndeme gelir.<\/p>\n<p>Y\u0131ld\u0131z, hayat\u0131n s\u0131radan bir g\u00fcn\u00fcn\u00fcn s\u0131radan bir \u00e2n\u0131n\u0131 de\u011fil, insan\u0131n hayat\u0131n en u\u00e7 noktas\u0131nda ya\u015fad\u0131\u011f\u0131 ola\u011fan\u00fcst\u00fc h\u00e2lleri, bir y\u0131k\u0131m\u0131, bir bozgunu giderek onun sars\u0131c\u0131, \u00e7arp\u0131c\u0131 \u00e2n\u0131n\u0131 hik\u00e2ye eder. \u00d6yk\u00fclerinde ya\u015fananlar\u0131n en sert, en ac\u0131mas\u0131z anlar\u0131na e\u011filirken bu anlar\u0131n dramatik etkisini kaleme al\u0131r. \u0130nsan\u0131n ya\u015fad\u0131\u011f\u0131 \u00e7eli\u015fkilerin \u00fczerine giderek orada derinle\u015fmeye \u00e7al\u0131\u015f\u0131r, insan ruhunun istekleriyle hayat\u0131n ger\u00e7ekleri aras\u0131ndaki mesafeleri vurgular. T\u00fcm \u00f6yk\u00fclerde, k\u0131r\u0131k, lirik ve giderek ele\u015ftirel dil bask\u0131nd\u0131r. Ama bu tipler t\u00fcm\u00fcyle teslim olmu\u015f, yenilgi i\u00e7inde de\u011fildirler. Bir \u015fekilde ba\u015fkald\u0131r\u0131rlar. \u00d6yk\u00fclerde bask\u0131, bo\u011funtu, k\u0131st\u0131r\u0131lm\u0131\u015f ya\u015famlar ve \u00e7\u0131k\u0131\u015fs\u0131zl\u0131k s\u0131kl\u0131kla<\/p>\n<p>\u0130\u015flenen temalar olmas\u0131na ra\u011fmen melodramatik bir dil tercih edilmez. En sars\u0131c\u0131 dramatik insani durumlarda bile yal\u0131n, sakin, serinkanl\u0131 anlat\u0131m korunur.<\/p>\n<p>&#8211; Necip Tosun &#8211;<\/p>\n<p>&nbsp;<\/p>\n","protected":false},"excerpt":{"rendered":"<p>Handan Acar Y\u0131ld\u0131z daha \u00e7ok \u00e7a\u011fr\u0131\u015f\u0131mlarla ilerleyen, felsefi g\u00f6ndermelerle y\u00fckl\u00fc bir \u00f6yk\u00fc anlay\u0131\u015f\u0131 sergiler. S\u0131k\u0131 \u00f6rg\u00fcl\u00fc, d\u00fc\u015f\u00fcnce y\u00fckl\u00fc \u00f6yk\u00fclerinde i\u00e7 monolog, bilin\u00e7 ak\u0131\u015f\u0131, geriye d\u00f6n\u00fc\u015f, sembolik yakla\u015f\u0131m, soyutlama gibi anlat\u0131 y\u00f6ntemlerini kullan\u0131r. \u00d6yk\u00fclerde incinmi\u015f, k\u0131st\u0131r\u0131lm\u0131\u015f hayatlar\u0131n pe\u015fine d\u00fc\u015f\u00fcl\u00fcrken, dostsuz, kimsesiz, dayanaks\u0131z bu insanlar\u0131n topluma, \u00e7evreye ili\u015fkin ele\u015ftirileri \u00f6ne \u00e7\u0131kar. Yayg\u0131n bir karakter \u00e7e\u015fitlili\u011fi vard\u0131r ve hayat\u0131n bir \u015fekilde adaletsizli\u011fine u\u011fram\u0131\u015f, \u00e7ocuk, anne, baba her kesim g\u00fcndeme gelir.<\/p>\n<p>Y\u0131ld\u0131z, hayat\u0131n s\u0131radan bir g\u00fcn\u00fcn\u00fcn s\u0131radan bir \u00e2n\u0131n\u0131 de\u011fil, insan\u0131n hayat\u0131n en u\u00e7 noktas\u0131nda ya\u015fad\u0131\u011f\u0131 ola\u011fan\u00fcst\u00fc h\u00e2lleri, bir y\u0131k\u0131m\u0131, bir bozgunu giderek onun sars\u0131c\u0131, \u00e7arp\u0131c\u0131 \u00e2n\u0131n\u0131 hik\u00e2ye eder. \u00d6yk\u00fclerinde ya\u015fananlar\u0131n en sert, en ac\u0131mas\u0131z anlar\u0131na e\u011filirken bu anlar\u0131n dramatik etkisini kaleme al\u0131r. \u0130nsan\u0131n ya\u015fad\u0131\u011f\u0131 \u00e7eli\u015fkilerin \u00fczerine giderek orada derinle\u015fmeye \u00e7al\u0131\u015f\u0131r, insan ruhunun istekleriyle hayat\u0131n ger\u00e7ekleri aras\u0131ndaki mesafeleri vurgular. T\u00fcm \u00f6yk\u00fclerde, k\u0131r\u0131k, lirik ve giderek ele\u015ftirel dil bask\u0131nd\u0131r. Ama bu tipler t\u00fcm\u00fcyle teslim olmu\u015f, yenilgi i\u00e7inde de\u011fildirler. Bir \u015fekilde ba\u015fkald\u0131r\u0131rlar. \u00d6yk\u00fclerde bask\u0131, bo\u011funtu, k\u0131st\u0131r\u0131lm\u0131\u015f ya\u015famlar ve \u00e7\u0131k\u0131\u015fs\u0131zl\u0131k s\u0131kl\u0131kla<\/p>\n<p>\u0130\u015flenen temalar olmas\u0131na ra\u011fmen melodramatik bir dil tercih edilmez. En sars\u0131c\u0131 dramatik insani durumlarda bile yal\u0131n, sakin, serinkanl\u0131 anlat\u0131m korunur.<\/p>\n<p>&#8211; Necip Tosun &#8211;<\/p>\n<p>&nbsp;<\/p>\n","protected":false},"featured_media":7377,"comment_status":"open","ping_status":"closed","template":"","meta":[],"class_list":["post-7376","product","type-product","status-publish","has-post-thumbnail","hentry","product_cat-turkiye-roman"],"_links":{"self":[{"href":"http:\/\/www.ttistanbulspor.org\/index.php\/wp-json\/wp\/v2\/product\/7376","targetHints":{"allow":["GET"]}}],"collection":[{"href":"http:\/\/www.ttistanbulspor.org\/index.php\/wp-json\/wp\/v2\/product"}],"about":[{"href":"http:\/\/www.ttistanbulspor.org\/index.php\/wp-json\/wp\/v2\/types\/product"}],"replies":[{"embeddable":true,"href":"http:\/\/www.ttistanbulspor.org\/index.php\/wp-json\/wp\/v2\/comments?post=7376"}],"wp:featuredmedia":[{"embeddable":true,"href":"http:\/\/www.ttistanbulspor.org\/index.php\/wp-json\/wp\/v2\/media\/7377"}],"wp:attachment":[{"href":"http:\/\/www.ttistanbulspor.org\/index.php\/wp-json\/wp\/v2\/media?parent=7376"}],"curies":[{"name":"wp","href":"https:\/\/api.w.org\/{rel}","templated":true}]}}