{"id":7369,"date":"2019-09-30T13:42:35","date_gmt":"2019-09-30T10:42:35","guid":{"rendered":"http:\/\/www.ttistanbulspor.org\/?post_type=product&#038;p=7369"},"modified":"2019-09-30T13:42:42","modified_gmt":"2019-09-30T10:42:42","slug":"ucurtma-avcisi","status":"publish","type":"product","link":"http:\/\/www.ttistanbulspor.org\/index.php\/urun\/ucurtma-avcisi\/","title":{"rendered":"U\u00e7urtma Avc\u0131s\u0131"},"content":{"rendered":"<p>Emir ve Hasan, Kabil&#8217;de monar\u015finin son y\u0131llar\u0131nda birlikte b\u00fcy\u00fcyen iki \u00e7ocuk&#8230; Ayn\u0131 evde b\u00fcy\u00fcy\u00fcp, ayn\u0131 s\u00fctanneyi payla\u015fmalar\u0131na ra\u011fmen Emir&#8217;le Hasan&#8217;\u0131n d\u00fcnyalar\u0131 aras\u0131nda u\u00e7urumlar vard\u0131r: Emir, \u00fcnl\u00fc ve zengin bir i\u015fadam\u0131n\u0131n, Hasan ise onun hizmetk\u00e2r\u0131n\u0131n o\u011fludur. \u00dcstelik Hasan, orada pek sevilmeyen bir etnik az\u0131nl\u0131\u011fa, Hazaralara mensuptur.<\/p>\n<p>\u00c7ocuklar\u0131n birbirleriyle kesi\u015fen ya\u015famlar\u0131 ve kaderleri, \u00e7evrelerindeki d\u00fcnyan\u0131n trajedisini yans\u0131t\u0131r. Sovyetler i\u015fgali s\u0131ras\u0131nda Emir ve babas\u0131 \u00fclkeyi terk edip California&#8217;ya giderler. Emir b\u00f6ylece ge\u00e7mi\u015finden ka\u00e7t\u0131\u011f\u0131n\u0131 d\u00fc\u015f\u00fcn\u00fcr. Her \u015feye ra\u011fmen arkas\u0131nda b\u0131rakt\u0131\u011f\u0131 Hasan&#8217;\u0131n hat\u0131ras\u0131ndan kopamaz.<\/p>\n<p>U\u00e7urtma Avc\u0131s\u0131 arkada\u015fl\u0131k, ihanet ve sadakatin bedeline ili\u015fkin bir roman. Babalar ve o\u011fullar, babalar\u0131n o\u011fullar\u0131na etkileri, sevgileri, fedak\u00e2rl\u0131klar\u0131 ve yalanlar\u0131&#8230; Daha \u00f6nce hi\u00e7bir romanda anlat\u0131lmam\u0131\u015f bir tarihin perde arkas\u0131n\u0131 yans\u0131tan U\u00e7urtma Avc\u0131s\u0131, zengin bir k\u00fclt\u00fcre ve g\u00fczelli\u011fe sahip topraklar\u0131n yok edili\u015fini a\u015fama a\u015fama g\u00f6zler \u00f6n\u00fcne seriyor.<\/p>\n<p>U\u00e7urtma Avc\u0131s\u0131&#8217;nda anlat\u0131lan ola\u011fan\u00fcst\u00fc bir dostluk. Bir insan\u0131n di\u011ferini ne kadar sevebilece\u011finin su gibi ak\u0131p giden \u00f6yk\u00fcs\u00fc&#8230;<\/p>\n","protected":false},"excerpt":{"rendered":"<p>Emir ve Hasan, Kabil&#8217;de monar\u015finin son y\u0131llar\u0131nda birlikte b\u00fcy\u00fcyen iki \u00e7ocuk&#8230; Ayn\u0131 evde b\u00fcy\u00fcy\u00fcp, ayn\u0131 s\u00fctanneyi payla\u015fmalar\u0131na ra\u011fmen Emir&#8217;le Hasan&#8217;\u0131n d\u00fcnyalar\u0131 aras\u0131nda u\u00e7urumlar vard\u0131r: Emir, \u00fcnl\u00fc ve zengin bir i\u015fadam\u0131n\u0131n, Hasan ise onun hizmetk\u00e2r\u0131n\u0131n o\u011fludur. \u00dcstelik Hasan, orada pek sevilmeyen bir etnik az\u0131nl\u0131\u011fa, Hazaralara mensuptur.<\/p>\n<p>\u00c7ocuklar\u0131n birbirleriyle kesi\u015fen ya\u015famlar\u0131 ve kaderleri, \u00e7evrelerindeki d\u00fcnyan\u0131n trajedisini yans\u0131t\u0131r. Sovyetler i\u015fgali s\u0131ras\u0131nda Emir ve babas\u0131 \u00fclkeyi terk edip California&#8217;ya giderler. Emir b\u00f6ylece ge\u00e7mi\u015finden ka\u00e7t\u0131\u011f\u0131n\u0131 d\u00fc\u015f\u00fcn\u00fcr. Her \u015feye ra\u011fmen arkas\u0131nda b\u0131rakt\u0131\u011f\u0131 Hasan&#8217;\u0131n hat\u0131ras\u0131ndan kopamaz.<\/p>\n<p>U\u00e7urtma Avc\u0131s\u0131 arkada\u015fl\u0131k, ihanet ve sadakatin bedeline ili\u015fkin bir roman. Babalar ve o\u011fullar, babalar\u0131n o\u011fullar\u0131na etkileri, sevgileri, fedak\u00e2rl\u0131klar\u0131 ve yalanlar\u0131&#8230; Daha \u00f6nce hi\u00e7bir romanda anlat\u0131lmam\u0131\u015f bir tarihin perde arkas\u0131n\u0131 yans\u0131tan U\u00e7urtma Avc\u0131s\u0131, zengin bir k\u00fclt\u00fcre ve g\u00fczelli\u011fe sahip topraklar\u0131n yok edili\u015fini a\u015fama a\u015fama g\u00f6zler \u00f6n\u00fcne seriyor.<\/p>\n<p>U\u00e7urtma Avc\u0131s\u0131&#8217;nda anlat\u0131lan ola\u011fan\u00fcst\u00fc bir dostluk. Bir insan\u0131n di\u011ferini ne kadar sevebilece\u011finin su gibi ak\u0131p giden \u00f6yk\u00fcs\u00fc&#8230;<\/p>\n","protected":false},"featured_media":7370,"comment_status":"open","ping_status":"closed","template":"","meta":[],"class_list":["post-7369","product","type-product","status-publish","has-post-thumbnail","hentry","product_cat-dunya-roman"],"_links":{"self":[{"href":"http:\/\/www.ttistanbulspor.org\/index.php\/wp-json\/wp\/v2\/product\/7369","targetHints":{"allow":["GET"]}}],"collection":[{"href":"http:\/\/www.ttistanbulspor.org\/index.php\/wp-json\/wp\/v2\/product"}],"about":[{"href":"http:\/\/www.ttistanbulspor.org\/index.php\/wp-json\/wp\/v2\/types\/product"}],"replies":[{"embeddable":true,"href":"http:\/\/www.ttistanbulspor.org\/index.php\/wp-json\/wp\/v2\/comments?post=7369"}],"wp:featuredmedia":[{"embeddable":true,"href":"http:\/\/www.ttistanbulspor.org\/index.php\/wp-json\/wp\/v2\/media\/7370"}],"wp:attachment":[{"href":"http:\/\/www.ttistanbulspor.org\/index.php\/wp-json\/wp\/v2\/media?parent=7369"}],"curies":[{"name":"wp","href":"https:\/\/api.w.org\/{rel}","templated":true}]}}