{"id":7358,"date":"2019-09-30T11:21:47","date_gmt":"2019-09-30T08:21:47","guid":{"rendered":"http:\/\/www.ttistanbulspor.org\/?post_type=product&#038;p=7358"},"modified":"2019-09-30T11:22:24","modified_gmt":"2019-09-30T08:22:24","slug":"masalci","status":"publish","type":"product","link":"http:\/\/www.ttistanbulspor.org\/index.php\/urun\/masalci\/","title":{"rendered":"Masalc\u0131"},"content":{"rendered":"<p>Masallar, anlat\u0131ld\u0131k\u00e7a ger\u00e7ek olurlar&#8230;<\/p>\n<p>&nbsp;<\/p>\n<p>Ger\u00e7eklik nerede ba\u015fl\u0131yor, masal nerede bitiyor belli de\u011fil. Kurguyla hakikatin i\u00e7 i\u00e7e ge\u00e7ti\u011fi, \u015fifrelerle dolu bir labirent Masalc\u0131&#8230;Paganizm ve ezoterik \u00f6\u011fretiler ara\u015ft\u0131rmac\u0131s\u0131 ve yazar\u0131 Erhan Altunay&#8217;\u0131n kaleme ald\u0131\u011f\u0131 e\u015fsiz bir tarihi roman. D\u00fcnya sahnesinde y\u00fczlerce y\u0131ld\u0131r oynanan o b\u00fcy\u00fck oyunun en \u00f6nemli par\u00e7as\u0131d\u0131r T\u00fcrkiye&#8230; \u00d6zellikle \u0130stanbul. Hatta Ayasofya&#8230;Y\u00fczlerce y\u0131l \u00f6nce ya\u015fam\u0131\u015f olan bir Masalc\u0131, bug\u00fcn\u00fcn \u0130stanbul&#8217;unda Balat semtinde dola\u015f\u0131rken se\u00e7ti\u011fi bir adama anlatt\u0131\u011f\u0131 masalla yakla\u015fmakta olan b\u00fcy\u00fck tehlikenin haberini veriyor. Kutsal Emanetler&#8217;in pe\u015finde \u0130stanbul sokaklar\u0131nda \u015f\u00f6valyelere kar\u015f\u0131 ba\u015flayan bu amans\u0131z m\u00fccadelenin sonu ne olacak? Kutsal Emanetler&#8217;i Fatih Sultan Mehmet mi saklad\u0131? \u015e\u00f6valyeler T\u00fcrk topraklar\u0131nda h\u00e2l\u00e2 Kutsal Emanetler&#8217;i mi ar\u0131yorlar? D\u00fcnyan\u0131n her k\u00f6\u015fesinde patlayan her bombadan ya da s\u0131k\u0131lan her kur\u015fundan \u015f\u00f6valyeler mi sorumlu? Kad\u0131k\u00f6y, \u00dcsk\u00fcdar, \u00c7engelk\u00f6y, Balat, Sultanahmet sokaklar\u0131nda kalabal\u0131\u011f\u0131n i\u00e7ine kar\u0131\u015fm\u0131\u015f y\u00fcr\u00fcyen \u015f\u00f6valyeler kim? Masalc\u0131&#8217;n\u0131n anlatt\u0131\u011f\u0131 masal bug\u00fcne \u0131\u015f\u0131k tutmay\u0131 ba\u015farabilecek mi? Yakla\u015fmakta olan b\u00fcy\u00fck tehlikenin \u00f6n\u00fcne ge\u00e7mek m\u00fcmk\u00fcn m\u00fc? Nefes nefese okunacak e\u015fsiz bir tarihsel kurgu, belki de saf ger\u00e7ek<\/p>\n","protected":false},"excerpt":{"rendered":"<p>Masallar, anlat\u0131ld\u0131k\u00e7a ger\u00e7ek olurlar&#8230;<\/p>\n<p>&nbsp;<\/p>\n<p>Ger\u00e7eklik nerede ba\u015fl\u0131yor, masal nerede bitiyor belli de\u011fil. Kurguyla hakikatin i\u00e7 i\u00e7e ge\u00e7ti\u011fi, \u015fifrelerle dolu bir labirent Masalc\u0131&#8230;Paganizm ve ezoterik \u00f6\u011fretiler ara\u015ft\u0131rmac\u0131s\u0131 ve yazar\u0131 Erhan Altunay&#8217;\u0131n kaleme ald\u0131\u011f\u0131 e\u015fsiz bir tarihi roman. D\u00fcnya sahnesinde y\u00fczlerce y\u0131ld\u0131r oynanan o b\u00fcy\u00fck oyunun en \u00f6nemli par\u00e7as\u0131d\u0131r T\u00fcrkiye&#8230; \u00d6zellikle \u0130stanbul. Hatta Ayasofya&#8230;Y\u00fczlerce y\u0131l \u00f6nce ya\u015fam\u0131\u015f olan bir Masalc\u0131, bug\u00fcn\u00fcn \u0130stanbul&#8217;unda Balat semtinde dola\u015f\u0131rken se\u00e7ti\u011fi bir adama anlatt\u0131\u011f\u0131 masalla yakla\u015fmakta olan b\u00fcy\u00fck tehlikenin haberini veriyor. Kutsal Emanetler&#8217;in pe\u015finde \u0130stanbul sokaklar\u0131nda \u015f\u00f6valyelere kar\u015f\u0131 ba\u015flayan bu amans\u0131z m\u00fccadelenin sonu ne olacak? Kutsal Emanetler&#8217;i Fatih Sultan Mehmet mi saklad\u0131? \u015e\u00f6valyeler T\u00fcrk topraklar\u0131nda h\u00e2l\u00e2 Kutsal Emanetler&#8217;i mi ar\u0131yorlar? D\u00fcnyan\u0131n her k\u00f6\u015fesinde patlayan her bombadan ya da s\u0131k\u0131lan her kur\u015fundan \u015f\u00f6valyeler mi sorumlu? Kad\u0131k\u00f6y, \u00dcsk\u00fcdar, \u00c7engelk\u00f6y, Balat, Sultanahmet sokaklar\u0131nda kalabal\u0131\u011f\u0131n i\u00e7ine kar\u0131\u015fm\u0131\u015f y\u00fcr\u00fcyen \u015f\u00f6valyeler kim? Masalc\u0131&#8217;n\u0131n anlatt\u0131\u011f\u0131 masal bug\u00fcne \u0131\u015f\u0131k tutmay\u0131 ba\u015farabilecek mi? Yakla\u015fmakta olan b\u00fcy\u00fck tehlikenin \u00f6n\u00fcne ge\u00e7mek m\u00fcmk\u00fcn m\u00fc? Nefes nefese okunacak e\u015fsiz bir tarihsel kurgu, belki de saf ger\u00e7ek<\/p>\n","protected":false},"featured_media":7359,"comment_status":"open","ping_status":"closed","template":"","meta":[],"class_list":["post-7358","product","type-product","status-publish","has-post-thumbnail","hentry","product_cat-turkiye-roman"],"_links":{"self":[{"href":"http:\/\/www.ttistanbulspor.org\/index.php\/wp-json\/wp\/v2\/product\/7358","targetHints":{"allow":["GET"]}}],"collection":[{"href":"http:\/\/www.ttistanbulspor.org\/index.php\/wp-json\/wp\/v2\/product"}],"about":[{"href":"http:\/\/www.ttistanbulspor.org\/index.php\/wp-json\/wp\/v2\/types\/product"}],"replies":[{"embeddable":true,"href":"http:\/\/www.ttistanbulspor.org\/index.php\/wp-json\/wp\/v2\/comments?post=7358"}],"wp:featuredmedia":[{"embeddable":true,"href":"http:\/\/www.ttistanbulspor.org\/index.php\/wp-json\/wp\/v2\/media\/7359"}],"wp:attachment":[{"href":"http:\/\/www.ttistanbulspor.org\/index.php\/wp-json\/wp\/v2\/media?parent=7358"}],"curies":[{"name":"wp","href":"https:\/\/api.w.org\/{rel}","templated":true}]}}