{"id":7346,"date":"2019-09-30T10:23:28","date_gmt":"2019-09-30T07:23:28","guid":{"rendered":"http:\/\/www.ttistanbulspor.org\/?post_type=product&#038;p=7346"},"modified":"2019-09-30T10:23:30","modified_gmt":"2019-09-30T07:23:30","slug":"suc-ve-ceza","status":"publish","type":"product","link":"http:\/\/www.ttistanbulspor.org\/index.php\/urun\/suc-ve-ceza\/","title":{"rendered":"Su\u00e7 ve Ceza"},"content":{"rendered":"<p>Yoksulluktan \u00f6\u011frenimine devam edemeyen \u00fcniversite \u00f6\u011frencisi Raskolnikov, toplumun yarar\u0131 i\u00e7in kurallar\u0131n ve kanunlar\u0131n yok say\u0131labilece\u011fi d\u00fc\u015f\u00fcncesiyle, toplum i\u00e7inde bir parazit, bir &#8220;bit&#8221; olarak sayd\u0131\u011f\u0131 tefeci kad\u0131n\u0131 \u00f6ld\u00fcr\u00fcr. Toplumu bir parazitten kurtarmak ad\u0131na b\u00f6yle bir olaya cesaret etti\u011fine kendisini inand\u0131rmaya \u00e7al\u0131\u015fsa da vicdan\u0131n\u0131n rahats\u0131z edici sesinden bir t\u00fcrl\u00fc kurtulamaz.<\/p>\n<p>Bu cinayet ve kahraman\u0131n ya\u015fad\u0131\u011f\u0131 vicdan azab\u0131 \u00e7evresinde &#8220;su\u00e7&#8221; ve &#8220;ceza&#8221; kavramlar\u0131n\u0131n derinlemesine tart\u0131\u015f\u0131ld\u0131\u011f\u0131 bu romanda; Raskolnikov&#8217;un ikilemleri ve i\u00e7 \u00e7at\u0131\u015fmalar\u0131ndan yola \u00e7\u0131karak insano\u011flunun toplumsal, ahlaki ve dini de\u011ferleri de sorgulan\u0131r. Ayn\u0131 sorgulamay\u0131 kendi i\u00e7erisinde de fark\u0131nda olmadan yapmaya ba\u015flayan okur, Raskolnikov \u00fczerinden ya\u015fam\u0131n\u0131, d\u00fc\u015f\u00fcncelerini ve sahip oldu\u011fu de\u011ferleri irdelemeye ba\u015flar.<\/p>\n<p>Su\u00e7 ve Ceza Dostoyevski&#8217;nin Sibirya&#8217;daki cezaevinden d\u00f6nd\u00fckten sonra yazd\u0131\u011f\u0131, olgunluk d\u00f6neminin ilk b\u00fcy\u00fck roman\u0131d\u0131r.<\/p>\n<p>&#8220;Su\u00e7 ve Ceza&#8217;y\u0131 okuduktan sonra ilk kez yetene\u011fim hakk\u0131nda bir ku\u015fku duydum. Ciddi olarak bu i\u015ften vazge\u00e7me ihtimali \u00f6l\u00e7\u00fcp tartt\u0131m.&#8221;<br \/>\n-Albert Camus-<\/p>\n","protected":false},"excerpt":{"rendered":"<p>Yoksulluktan \u00f6\u011frenimine devam edemeyen \u00fcniversite \u00f6\u011frencisi Raskolnikov, toplumun yarar\u0131 i\u00e7in kurallar\u0131n ve kanunlar\u0131n yok say\u0131labilece\u011fi d\u00fc\u015f\u00fcncesiyle, toplum i\u00e7inde bir parazit, bir &#8220;bit&#8221; olarak sayd\u0131\u011f\u0131 tefeci kad\u0131n\u0131 \u00f6ld\u00fcr\u00fcr. Toplumu bir parazitten kurtarmak ad\u0131na b\u00f6yle bir olaya cesaret etti\u011fine kendisini inand\u0131rmaya \u00e7al\u0131\u015fsa da vicdan\u0131n\u0131n rahats\u0131z edici sesinden bir t\u00fcrl\u00fc kurtulamaz.<\/p>\n<p>Bu cinayet ve kahraman\u0131n ya\u015fad\u0131\u011f\u0131 vicdan azab\u0131 \u00e7evresinde &#8220;su\u00e7&#8221; ve &#8220;ceza&#8221; kavramlar\u0131n\u0131n derinlemesine tart\u0131\u015f\u0131ld\u0131\u011f\u0131 bu romanda; Raskolnikov&#8217;un ikilemleri ve i\u00e7 \u00e7at\u0131\u015fmalar\u0131ndan yola \u00e7\u0131karak insano\u011flunun toplumsal, ahlaki ve dini de\u011ferleri de sorgulan\u0131r. Ayn\u0131 sorgulamay\u0131 kendi i\u00e7erisinde de fark\u0131nda olmadan yapmaya ba\u015flayan okur, Raskolnikov \u00fczerinden ya\u015fam\u0131n\u0131, d\u00fc\u015f\u00fcncelerini ve sahip oldu\u011fu de\u011ferleri irdelemeye ba\u015flar.<\/p>\n<p>Su\u00e7 ve Ceza Dostoyevski&#8217;nin Sibirya&#8217;daki cezaevinden d\u00f6nd\u00fckten sonra yazd\u0131\u011f\u0131, olgunluk d\u00f6neminin ilk b\u00fcy\u00fck roman\u0131d\u0131r.<\/p>\n<p>&#8220;Su\u00e7 ve Ceza&#8217;y\u0131 okuduktan sonra ilk kez yetene\u011fim hakk\u0131nda bir ku\u015fku duydum. Ciddi olarak bu i\u015ften vazge\u00e7me ihtimali \u00f6l\u00e7\u00fcp tartt\u0131m.&#8221;<br \/>\n-Albert Camus-<\/p>\n","protected":false},"featured_media":7347,"comment_status":"open","ping_status":"closed","template":"","meta":[],"class_list":["post-7346","product","type-product","status-publish","has-post-thumbnail","hentry","product_cat-cocukkitaplari"],"_links":{"self":[{"href":"http:\/\/www.ttistanbulspor.org\/index.php\/wp-json\/wp\/v2\/product\/7346","targetHints":{"allow":["GET"]}}],"collection":[{"href":"http:\/\/www.ttistanbulspor.org\/index.php\/wp-json\/wp\/v2\/product"}],"about":[{"href":"http:\/\/www.ttistanbulspor.org\/index.php\/wp-json\/wp\/v2\/types\/product"}],"replies":[{"embeddable":true,"href":"http:\/\/www.ttistanbulspor.org\/index.php\/wp-json\/wp\/v2\/comments?post=7346"}],"wp:featuredmedia":[{"embeddable":true,"href":"http:\/\/www.ttistanbulspor.org\/index.php\/wp-json\/wp\/v2\/media\/7347"}],"wp:attachment":[{"href":"http:\/\/www.ttistanbulspor.org\/index.php\/wp-json\/wp\/v2\/media?parent=7346"}],"curies":[{"name":"wp","href":"https:\/\/api.w.org\/{rel}","templated":true}]}}