{"id":7319,"date":"2019-09-30T09:08:54","date_gmt":"2019-09-30T06:08:54","guid":{"rendered":"http:\/\/www.ttistanbulspor.org\/?post_type=product&#038;p=7319"},"modified":"2019-09-30T09:09:29","modified_gmt":"2019-09-30T06:09:29","slug":"sah-sultan","status":"publish","type":"product","link":"http:\/\/www.ttistanbulspor.org\/index.php\/urun\/sah-sultan\/","title":{"rendered":"\u015eah &#038; Sultan"},"content":{"rendered":"<p>Tutku&#8230;<br \/>\nG\u00fczellik&#8230;<br \/>\nA\u015fk ve sava\u015f. Sadece g\u00f6n\u00fcllerin de\u011fil al\u0131nlar\u0131n, kemiklerin ve g\u00f6zlerin alev alev yand\u0131\u011f\u0131 sava\u015f.<br \/>\nKahramanlar\u0131n\u0131, Yavuz Sultan Selim&#8217;i de \u015eah \u0130smail&#8217;i de tarihin merdivenlerinde bir basamak a\u015fa\u011f\u0131 indiren bir basamak yukar\u0131 \u00e7\u0131karan sava\u015f.<br \/>\n\u00c7ald\u0131ran&#8230;<br \/>\n\u015eimdi \u00c7ald\u0131ran ne 500 y\u0131l geride ne 500 y\u0131l ileride.<br \/>\nSava\u015f tas\u0131nda b\u00fcy\u00fcc\u00fcn\u00fcn g\u00f6rd\u00fc\u011f\u00fc neydi?<br \/>\nK\u0131z\u0131lba\u015fl\u0131k!<br \/>\nS\u00fcnnilik!<br \/>\n\u0130ktidar h\u0131rs\u0131.<br \/>\nA\u015fk\u0131n bir \u00e7\u00f6kelti gibi dondurdu\u011fu zaman!<br \/>\nKorku? Ya o?<br \/>\nYazar biraz da korkular\u0131n \u00fcst\u00fcne gidendir.<br \/>\nTarih ileriye do\u011fru \u00e7\u00f6z\u00fcld\u00fck\u00e7e a\u011fac\u0131n k\u00f6kleri de g\u00f6r\u00fclecektir.<br \/>\nAlevi de S\u00fcnni de ba\u011fl\u0131d\u0131r o k\u00f6ke. Birdir o toprakta.<br \/>\nG\u00f6lgeler b\u00fcy\u00fcm\u00fc\u015fse \u0131\u015f\u0131\u011f\u0131 de\u011fil korkuyu yenmek gerekir.<br \/>\nKaranl\u0131k ve k\u00f6r \u0131\u015f\u0131\u011f\u0131n egemenli\u011fi bo\u011fmas\u0131n art\u0131k nesilleri.<br \/>\nVe i\u015fte bir kez daha a\u015fk!<br \/>\n\u015eiir kadar iktidar at\u0131nda r\u00fczg\u00e2ra ve ate\u015fe do\u011fru yol alan iki h\u00fck\u00fcmdar.<br \/>\n\u015eah ve Sultan&#8230;<br \/>\nD\u00fcnya incisi zarif ve asil kad\u0131nlar. Yeminlerine ba\u011fl\u0131 erkekler.<br \/>\nMasal kadar ger\u00e7ek.<br \/>\nB\u00fcy\u00fcleyici oldu\u011fu kadar umut verici.<br \/>\n\u015eah&amp;Sultan her c\u00fcmlesi a\u015fkla okunacak bir kitap.<br \/>\n\u0130skender Pala&#8217;dan&#8230;<\/p>\n","protected":false},"excerpt":{"rendered":"<p>Tutku&#8230;<br \/>\nG\u00fczellik&#8230;<br \/>\nA\u015fk ve sava\u015f. Sadece g\u00f6n\u00fcllerin de\u011fil al\u0131nlar\u0131n, kemiklerin ve g\u00f6zlerin alev alev yand\u0131\u011f\u0131 sava\u015f.<br \/>\nKahramanlar\u0131n\u0131, Yavuz Sultan Selim&#8217;i de \u015eah \u0130smail&#8217;i de tarihin merdivenlerinde bir basamak a\u015fa\u011f\u0131 indiren bir basamak yukar\u0131 \u00e7\u0131karan sava\u015f.<br \/>\n\u00c7ald\u0131ran&#8230;<br \/>\n\u015eimdi \u00c7ald\u0131ran ne 500 y\u0131l geride ne 500 y\u0131l ileride.<br \/>\nSava\u015f tas\u0131nda b\u00fcy\u00fcc\u00fcn\u00fcn g\u00f6rd\u00fc\u011f\u00fc neydi?<br \/>\nK\u0131z\u0131lba\u015fl\u0131k!<br \/>\nS\u00fcnnilik!<br \/>\n\u0130ktidar h\u0131rs\u0131.<br \/>\nA\u015fk\u0131n bir \u00e7\u00f6kelti gibi dondurdu\u011fu zaman!<br \/>\nKorku? Ya o?<br \/>\nYazar biraz da korkular\u0131n \u00fcst\u00fcne gidendir.<br \/>\nTarih ileriye do\u011fru \u00e7\u00f6z\u00fcld\u00fck\u00e7e a\u011fac\u0131n k\u00f6kleri de g\u00f6r\u00fclecektir.<br \/>\nAlevi de S\u00fcnni de ba\u011fl\u0131d\u0131r o k\u00f6ke. Birdir o toprakta.<br \/>\nG\u00f6lgeler b\u00fcy\u00fcm\u00fc\u015fse \u0131\u015f\u0131\u011f\u0131 de\u011fil korkuyu yenmek gerekir.<br \/>\nKaranl\u0131k ve k\u00f6r \u0131\u015f\u0131\u011f\u0131n egemenli\u011fi bo\u011fmas\u0131n art\u0131k nesilleri.<br \/>\nVe i\u015fte bir kez daha a\u015fk!<br \/>\n\u015eiir kadar iktidar at\u0131nda r\u00fczg\u00e2ra ve ate\u015fe do\u011fru yol alan iki h\u00fck\u00fcmdar.<br \/>\n\u015eah ve Sultan&#8230;<br \/>\nD\u00fcnya incisi zarif ve asil kad\u0131nlar. Yeminlerine ba\u011fl\u0131 erkekler.<br \/>\nMasal kadar ger\u00e7ek.<br \/>\nB\u00fcy\u00fcleyici oldu\u011fu kadar umut verici.<br \/>\n\u015eah&amp;Sultan her c\u00fcmlesi a\u015fkla okunacak bir kitap.<br \/>\n\u0130skender Pala&#8217;dan&#8230;<\/p>\n","protected":false},"featured_media":7320,"comment_status":"open","ping_status":"closed","template":"","meta":[],"class_list":["post-7319","product","type-product","status-publish","has-post-thumbnail","hentry","product_cat-turkiye-roman"],"_links":{"self":[{"href":"http:\/\/www.ttistanbulspor.org\/index.php\/wp-json\/wp\/v2\/product\/7319","targetHints":{"allow":["GET"]}}],"collection":[{"href":"http:\/\/www.ttistanbulspor.org\/index.php\/wp-json\/wp\/v2\/product"}],"about":[{"href":"http:\/\/www.ttistanbulspor.org\/index.php\/wp-json\/wp\/v2\/types\/product"}],"replies":[{"embeddable":true,"href":"http:\/\/www.ttistanbulspor.org\/index.php\/wp-json\/wp\/v2\/comments?post=7319"}],"wp:featuredmedia":[{"embeddable":true,"href":"http:\/\/www.ttistanbulspor.org\/index.php\/wp-json\/wp\/v2\/media\/7320"}],"wp:attachment":[{"href":"http:\/\/www.ttistanbulspor.org\/index.php\/wp-json\/wp\/v2\/media?parent=7319"}],"curies":[{"name":"wp","href":"https:\/\/api.w.org\/{rel}","templated":true}]}}