{"id":7314,"date":"2019-09-30T09:02:29","date_gmt":"2019-09-30T06:02:29","guid":{"rendered":"http:\/\/www.ttistanbulspor.org\/?post_type=product&#038;p=7314"},"modified":"2019-09-30T09:03:01","modified_gmt":"2019-09-30T06:03:01","slug":"od-bir-yunus-romani","status":"publish","type":"product","link":"http:\/\/www.ttistanbulspor.org\/index.php\/urun\/od-bir-yunus-romani\/","title":{"rendered":"Od Bir &#8216;Yunus&#8217; Roman\u0131"},"content":{"rendered":"<p>Her yazd\u0131\u011f\u0131 romanla y\u00fcz binlerin kalbini feth eden \u0130skender Pala yeni roman\u0131 \u2018OD\u2019 ile yeniden\u00a0 okurlar\u0131n\u0131 selaml\u0131yor. Od bir Yunus Emre roman\u0131.\u00a0 G\u00f6k kubbemizin her zaman parlayan ve hep \u00e7ok sevilen, \u015fiirleri g\u00f6n\u00fclden g\u00f6n\u00fcle dolup dilden dile dola\u015fan Yunus Emre, bu kez OD\u2019un ana kahraman\u0131. \u0130skender Pala\u2019n\u0131n ilim ve k\u00fclt\u00fcr adam\u0131 olmas\u0131n\u0131n yan\u0131nda, yazar ki\u015fili\u011finin imbi\u011finden ge\u00e7irilerek a\u015fk\u0131n taht\u0131na bir kez daha oturtuluyor. 13. y\u00fczy\u0131l\u0131n her bak\u0131mdan kavruk ve yan\u0131p y\u0131k\u0131lan ortam\u0131na Yunus Emre\u2019nin geli\u015fi tarihi atmosfer i\u00e7erisinde hakiki anlam\u0131na kavu\u015fturuluyor. Y\u0131k\u0131nt\u0131lar ve yang\u0131nlar i\u00e7inden bir g\u00f6n\u00fcl ve bir insanl\u0131k an\u0131t\u0131n\u0131n in\u015fa edili\u015fi c\u00fcmle c\u00fcmle anlat\u0131yor ve elbette kalbe dokuna dokuna yol al\u0131yor. Roman\u0131n her sayfas\u0131nda Yunus\u2019un haml\u0131ktan safl\u0131\u011fa ge\u00e7i\u015fi okunuyor.<\/p>\n","protected":false},"excerpt":{"rendered":"<p>Her yazd\u0131\u011f\u0131 romanla y\u00fcz binlerin kalbini feth eden \u0130skender Pala yeni roman\u0131 \u2018OD\u2019 ile yeniden\u00a0 okurlar\u0131n\u0131 selaml\u0131yor. Od bir Yunus Emre roman\u0131.\u00a0 G\u00f6k kubbemizin her zaman parlayan ve hep \u00e7ok sevilen, \u015fiirleri g\u00f6n\u00fclden g\u00f6n\u00fcle dolup dilden dile dola\u015fan Yunus Emre, bu kez OD\u2019un ana kahraman\u0131. \u0130skender Pala\u2019n\u0131n ilim ve k\u00fclt\u00fcr adam\u0131 olmas\u0131n\u0131n yan\u0131nda, yazar ki\u015fili\u011finin imbi\u011finden ge\u00e7irilerek a\u015fk\u0131n taht\u0131na bir kez daha oturtuluyor. 13. y\u00fczy\u0131l\u0131n her bak\u0131mdan kavruk ve yan\u0131p y\u0131k\u0131lan ortam\u0131na Yunus Emre\u2019nin geli\u015fi tarihi atmosfer i\u00e7erisinde hakiki anlam\u0131na kavu\u015fturuluyor. Y\u0131k\u0131nt\u0131lar ve yang\u0131nlar i\u00e7inden bir g\u00f6n\u00fcl ve bir insanl\u0131k an\u0131t\u0131n\u0131n in\u015fa edili\u015fi c\u00fcmle c\u00fcmle anlat\u0131yor ve elbette kalbe dokuna dokuna yol al\u0131yor. Roman\u0131n her sayfas\u0131nda Yunus\u2019un haml\u0131ktan safl\u0131\u011fa ge\u00e7i\u015fi okunuyor.<\/p>\n","protected":false},"featured_media":7316,"comment_status":"open","ping_status":"closed","template":"","meta":[],"class_list":["post-7314","product","type-product","status-publish","has-post-thumbnail","hentry","product_cat-turkiye-roman"],"_links":{"self":[{"href":"http:\/\/www.ttistanbulspor.org\/index.php\/wp-json\/wp\/v2\/product\/7314","targetHints":{"allow":["GET"]}}],"collection":[{"href":"http:\/\/www.ttistanbulspor.org\/index.php\/wp-json\/wp\/v2\/product"}],"about":[{"href":"http:\/\/www.ttistanbulspor.org\/index.php\/wp-json\/wp\/v2\/types\/product"}],"replies":[{"embeddable":true,"href":"http:\/\/www.ttistanbulspor.org\/index.php\/wp-json\/wp\/v2\/comments?post=7314"}],"wp:featuredmedia":[{"embeddable":true,"href":"http:\/\/www.ttistanbulspor.org\/index.php\/wp-json\/wp\/v2\/media\/7316"}],"wp:attachment":[{"href":"http:\/\/www.ttistanbulspor.org\/index.php\/wp-json\/wp\/v2\/media?parent=7314"}],"curies":[{"name":"wp","href":"https:\/\/api.w.org\/{rel}","templated":true}]}}