{"id":7306,"date":"2019-09-30T08:22:59","date_gmt":"2019-09-30T05:22:59","guid":{"rendered":"http:\/\/www.ttistanbulspor.org\/?post_type=product&#038;p=7306"},"modified":"2019-09-30T08:23:12","modified_gmt":"2019-09-30T05:23:12","slug":"bu-ulke-2","status":"publish","type":"product","link":"http:\/\/www.ttistanbulspor.org\/index.php\/urun\/bu-ulke-2\/","title":{"rendered":"Bu \u00dclke"},"content":{"rendered":"<p>Bu \u00fclke, Cemil Meri\u00e7&#8217;in &#8220;ayn\u0131 kaynaktan f\u0131\u015fk\u0131rd\u0131lar&#8221; dedi\u011fi eserler dizisinin \u00f6nemli bir halkas\u0131. &#8220;Bir \u00e7a\u011f\u0131n, daha do\u011frusu bir \u00fclkenin vicdan\u0131 olmak, idrakimize vurulan zincirleri k\u0131rmak, yalanlar\u0131 yok etmek, T\u00fcrk insan\u0131n\u0131 T\u00fcrk insan\u0131ndan ay\u0131ran b\u00fct\u00fcn duvarlar\u0131 y\u0131kmak&#8221; iste\u011fi Cemil Meri\u00e7&#8217;in d\u00fc\u015f\u00fcnme ve yazma \u00e7abas\u0131na her zaman y\u00f6n vermi\u015ftir. Elinizdeki kitap bu iste\u011fin belki de en fazla berrakla\u015ft\u0131\u011f\u0131 eseri: &#8220;Bu sayfalarda, hayat\u0131m\u0131n b\u00fct\u00fcn\u00fc, yani b\u00fct\u00fcn sevgilerim, b\u00fct\u00fcn kinlerim, b\u00fct\u00fcn tecr\u00fcbelerim var. Bana \u00f6yle geliyor ki, hayat denen m\u00fclakata bu kitab\u0131 yazmak i\u00e7in geldim: etimin eti, kemi\u011fimin kemi\u011fi.&#8221; Bu \u00f6zg\u00fcn fikir adam\u0131n\u0131n s\u00fcrekli etraf\u0131nda, i\u00e7inde doland\u0131\u011f\u0131 Do\u011fu-Bat\u0131 sorunu yan\u0131nda, \u00f6zellikle sol-sa\u011f kutupla\u015fmas\u0131na ve kal\u0131pla\u015fmas\u0131na ili\u015fkin \u00f6nemli tesbitlerini ve aforizmalar\u0131n\u0131 i\u00e7eriyor Bu \u00dclke.<\/p>\n","protected":false},"excerpt":{"rendered":"<p>Bu \u00fclke, Cemil Meri\u00e7&#8217;in &#8220;ayn\u0131 kaynaktan f\u0131\u015fk\u0131rd\u0131lar&#8221; dedi\u011fi eserler dizisinin \u00f6nemli bir halkas\u0131. &#8220;Bir \u00e7a\u011f\u0131n, daha do\u011frusu bir \u00fclkenin vicdan\u0131 olmak, idrakimize vurulan zincirleri k\u0131rmak, yalanlar\u0131 yok etmek, T\u00fcrk insan\u0131n\u0131 T\u00fcrk insan\u0131ndan ay\u0131ran b\u00fct\u00fcn duvarlar\u0131 y\u0131kmak&#8221; iste\u011fi Cemil Meri\u00e7&#8217;in d\u00fc\u015f\u00fcnme ve yazma \u00e7abas\u0131na her zaman y\u00f6n vermi\u015ftir. Elinizdeki kitap bu iste\u011fin belki de en fazla berrakla\u015ft\u0131\u011f\u0131 eseri: &#8220;Bu sayfalarda, hayat\u0131m\u0131n b\u00fct\u00fcn\u00fc, yani b\u00fct\u00fcn sevgilerim, b\u00fct\u00fcn kinlerim, b\u00fct\u00fcn tecr\u00fcbelerim var. Bana \u00f6yle geliyor ki, hayat denen m\u00fclakata bu kitab\u0131 yazmak i\u00e7in geldim: etimin eti, kemi\u011fimin kemi\u011fi.&#8221; Bu \u00f6zg\u00fcn fikir adam\u0131n\u0131n s\u00fcrekli etraf\u0131nda, i\u00e7inde doland\u0131\u011f\u0131 Do\u011fu-Bat\u0131 sorunu yan\u0131nda, \u00f6zellikle sol-sa\u011f kutupla\u015fmas\u0131na ve kal\u0131pla\u015fmas\u0131na ili\u015fkin \u00f6nemli tesbitlerini ve aforizmalar\u0131n\u0131 i\u00e7eriyor Bu \u00dclke.<\/p>\n","protected":false},"featured_media":7307,"comment_status":"open","ping_status":"closed","template":"","meta":[],"class_list":["post-7306","product","type-product","status-publish","has-post-thumbnail","hentry","product_cat-sosyoloji"],"_links":{"self":[{"href":"http:\/\/www.ttistanbulspor.org\/index.php\/wp-json\/wp\/v2\/product\/7306","targetHints":{"allow":["GET"]}}],"collection":[{"href":"http:\/\/www.ttistanbulspor.org\/index.php\/wp-json\/wp\/v2\/product"}],"about":[{"href":"http:\/\/www.ttistanbulspor.org\/index.php\/wp-json\/wp\/v2\/types\/product"}],"replies":[{"embeddable":true,"href":"http:\/\/www.ttistanbulspor.org\/index.php\/wp-json\/wp\/v2\/comments?post=7306"}],"wp:featuredmedia":[{"embeddable":true,"href":"http:\/\/www.ttistanbulspor.org\/index.php\/wp-json\/wp\/v2\/media\/7307"}],"wp:attachment":[{"href":"http:\/\/www.ttistanbulspor.org\/index.php\/wp-json\/wp\/v2\/media?parent=7306"}],"curies":[{"name":"wp","href":"https:\/\/api.w.org\/{rel}","templated":true}]}}