{"id":7288,"date":"2019-09-25T15:01:32","date_gmt":"2019-09-25T12:01:32","guid":{"rendered":"http:\/\/www.ttistanbulspor.org\/?post_type=product&#038;p=7288"},"modified":"2019-09-25T15:01:39","modified_gmt":"2019-09-25T12:01:39","slug":"bereketli-topraklar-uzerine","status":"publish","type":"product","link":"http:\/\/www.ttistanbulspor.org\/index.php\/urun\/bereketli-topraklar-uzerine\/","title":{"rendered":"BEREKETL\u0130 TOPRAKLAR \u00dcZER\u0130NE"},"content":{"rendered":"<p>Bu kitap, kendi bilgi ve g\u00f6rg\u00fclerim d\u0131\u015f\u0131nda, bir lokma ekmek i\u00e7in k\u00f6t\u00fc i\u015f \u015fartlar\u0131 i\u00e7inde zehir gibi bir hayat\u0131 ya\u015fayanlardan derlenmi\u015f malzemeyle meydana gelmi\u015ftir. Yay\u0131mlanmadan \u00f6nce, \u00e7e\u015fitli \u0131rgat, usta, usta yard\u0131mc\u0131s\u0131n\u0131 toplayarak bir gece sabaha kadar okudum onlara. Dinlediler. &#8216;Pardon,&#8217; dediler, &#8216;bu bu kadar olur. B\u00fct\u00fcn anlatt\u0131klar\u0131n do\u011fru. Eksik bile. \u00c7ukurova&#8217;n\u0131n bereketli topraklar\u0131nda \u00f6yle i\u015fler olur ki, akl\u0131n durur. Sana anlatsak, bir de\u011fil be\u015f roman \u00e7\u0131kar\u0131rs\u0131n&#8230;'&#8221;<\/p>\n<p>Orhan Kemal&#8217;in kitaplar\u0131 bir okurun hayatta rastlayabilece\u011fi o \u00e7ok nadir hazineler aras\u0131nda yer al\u0131r. \u00c7ok az yazar okurunun d\u00fcnyas\u0131nda onun kadar iz b\u0131rak\u0131r, okurunu onun kadar bi\u00e7imlendirir. Orhan Kemal umudu ve iyimserli\u011fi yeniden kazanmam\u0131z i\u00e7in yol g\u00f6sterir bize. Edebiyat\u0131m\u0131z\u0131n en de\u011ferli ustalar\u0131ndan biri olan Orhan Kemal&#8217;in kitaplar\u0131n\u0131 yay\u0131mlamaktan onur duyuyoruz.<\/p>\n","protected":false},"excerpt":{"rendered":"<p>Bu kitap, kendi bilgi ve g\u00f6rg\u00fclerim d\u0131\u015f\u0131nda, bir lokma ekmek i\u00e7in k\u00f6t\u00fc i\u015f \u015fartlar\u0131 i\u00e7inde zehir gibi bir hayat\u0131 ya\u015fayanlardan derlenmi\u015f malzemeyle meydana gelmi\u015ftir. Yay\u0131mlanmadan \u00f6nce, \u00e7e\u015fitli \u0131rgat, usta, usta yard\u0131mc\u0131s\u0131n\u0131 toplayarak bir gece sabaha kadar okudum onlara. Dinlediler. &#8216;Pardon,&#8217; dediler, &#8216;bu bu kadar olur. B\u00fct\u00fcn anlatt\u0131klar\u0131n do\u011fru. Eksik bile. \u00c7ukurova&#8217;n\u0131n bereketli topraklar\u0131nda \u00f6yle i\u015fler olur ki, akl\u0131n durur. Sana anlatsak, bir de\u011fil be\u015f roman \u00e7\u0131kar\u0131rs\u0131n&#8230;'&#8221;<\/p>\n<p>Orhan Kemal&#8217;in kitaplar\u0131 bir okurun hayatta rastlayabilece\u011fi o \u00e7ok nadir hazineler aras\u0131nda yer al\u0131r. \u00c7ok az yazar okurunun d\u00fcnyas\u0131nda onun kadar iz b\u0131rak\u0131r, okurunu onun kadar bi\u00e7imlendirir. Orhan Kemal umudu ve iyimserli\u011fi yeniden kazanmam\u0131z i\u00e7in yol g\u00f6sterir bize. Edebiyat\u0131m\u0131z\u0131n en de\u011ferli ustalar\u0131ndan biri olan Orhan Kemal&#8217;in kitaplar\u0131n\u0131 yay\u0131mlamaktan onur duyuyoruz.<\/p>\n","protected":false},"featured_media":7289,"comment_status":"open","ping_status":"closed","template":"","meta":[],"class_list":["post-7288","product","type-product","status-publish","has-post-thumbnail","hentry","product_cat-turkiye-roman"],"_links":{"self":[{"href":"http:\/\/www.ttistanbulspor.org\/index.php\/wp-json\/wp\/v2\/product\/7288","targetHints":{"allow":["GET"]}}],"collection":[{"href":"http:\/\/www.ttistanbulspor.org\/index.php\/wp-json\/wp\/v2\/product"}],"about":[{"href":"http:\/\/www.ttistanbulspor.org\/index.php\/wp-json\/wp\/v2\/types\/product"}],"replies":[{"embeddable":true,"href":"http:\/\/www.ttistanbulspor.org\/index.php\/wp-json\/wp\/v2\/comments?post=7288"}],"wp:featuredmedia":[{"embeddable":true,"href":"http:\/\/www.ttistanbulspor.org\/index.php\/wp-json\/wp\/v2\/media\/7289"}],"wp:attachment":[{"href":"http:\/\/www.ttistanbulspor.org\/index.php\/wp-json\/wp\/v2\/media?parent=7288"}],"curies":[{"name":"wp","href":"https:\/\/api.w.org\/{rel}","templated":true}]}}