{"id":7284,"date":"2019-09-25T14:26:29","date_gmt":"2019-09-25T11:26:29","guid":{"rendered":"http:\/\/www.ttistanbulspor.org\/?post_type=product&#038;p=7284"},"modified":"2019-09-25T14:26:34","modified_gmt":"2019-09-25T11:26:34","slug":"4n1k","status":"publish","type":"product","link":"http:\/\/www.ttistanbulspor.org\/index.php\/urun\/4n1k\/","title":{"rendered":"4N1K"},"content":{"rendered":"<p>Yaprak; k\u00fc\u00e7\u00fckken, markette annesinden s\u00fcrpriz yumurta istedi\u011fi i\u00e7in bulgur reyonuna s\u0131k\u0131\u015ft\u0131r\u0131l\u0131p \u00e7imdiklenenler, ilkokul \u00f6nl\u00fc\u011f\u00fcn\u00fcn alt\u0131na e\u015fofman giyip okula gidenler, ye\u015fil silgisini di\u015f izi yapanlar ve k\u0131rm\u0131z\u0131 kapakl\u0131 t\u00fcm dersler kitab\u0131n\u0131n saman sayfalar\u0131n\u0131 silerken y\u0131rtanlar kadar s\u0131radan bir k\u0131z \u00e7ocu\u011fuyken; birlikte b\u00fcy\u00fcd\u00fc\u011f\u00fc d\u00f6rt \u00e7\u0131lg\u0131n erkek arkada\u015f\u0131 y\u00fcz\u00fcnden akranlar\u0131ndan biraz farkl\u0131 bir k\u0131z haline gelmi\u015ftir. D\u00fcnyas\u0131, on iki y\u0131ll\u0131k dostlar\u0131, gamzeli kahraman\u0131 Ali, tek ideolojisi3P (pizza, pijama, pislik) \u00fczerine kurulu bir \u00e7\u0131lg\u0131n, O\u011fuz, sevgilisini kendi vesikal\u0131k resminden bile k\u0131skanan demirli, G\u00f6khan ve notlar\u0131 toplamda bile 100\u2019e ula\u015famayan \u00e7orap feti\u015fisti tatl\u0131 \u00e7apk\u0131n Sinan\u2019dan ibarettir. Kalbi d\u00f6rd\u00fcyle t\u0131ka basa dolu, hayat\u0131 onlarla reng\u00e2renk oldu\u011fu i\u00e7in a\u015fka ne inanc\u0131 vard\u0131r ne de ihtiyac\u0131&#8230; Ama bir g\u00fcn rutin (!) hayat\u0131, do\u011fum g\u00fcn\u00fcnde gelen bir paket ile t\u00fcmden de\u011fi\u015fir. Paketin i\u00e7inde, gizemli bir \u00e2\u015f\u0131ktan gelen, k\u0131z\u0131m\u0131z\u0131n asla giymeyece\u011fi t\u00fcrden g\u00f6steri\u015fli bir elbise ve i\u00e7inde de bir not vard\u0131r.<\/p>\n","protected":false},"excerpt":{"rendered":"<p>Yaprak; k\u00fc\u00e7\u00fckken, markette annesinden s\u00fcrpriz yumurta istedi\u011fi i\u00e7in bulgur reyonuna s\u0131k\u0131\u015ft\u0131r\u0131l\u0131p \u00e7imdiklenenler, ilkokul \u00f6nl\u00fc\u011f\u00fcn\u00fcn alt\u0131na e\u015fofman giyip okula gidenler, ye\u015fil silgisini di\u015f izi yapanlar ve k\u0131rm\u0131z\u0131 kapakl\u0131 t\u00fcm dersler kitab\u0131n\u0131n saman sayfalar\u0131n\u0131 silerken y\u0131rtanlar kadar s\u0131radan bir k\u0131z \u00e7ocu\u011fuyken; birlikte b\u00fcy\u00fcd\u00fc\u011f\u00fc d\u00f6rt \u00e7\u0131lg\u0131n erkek arkada\u015f\u0131 y\u00fcz\u00fcnden akranlar\u0131ndan biraz farkl\u0131 bir k\u0131z haline gelmi\u015ftir. D\u00fcnyas\u0131, on iki y\u0131ll\u0131k dostlar\u0131, gamzeli kahraman\u0131 Ali, tek ideolojisi3P (pizza, pijama, pislik) \u00fczerine kurulu bir \u00e7\u0131lg\u0131n, O\u011fuz, sevgilisini kendi vesikal\u0131k resminden bile k\u0131skanan demirli, G\u00f6khan ve notlar\u0131 toplamda bile 100\u2019e ula\u015famayan \u00e7orap feti\u015fisti tatl\u0131 \u00e7apk\u0131n Sinan\u2019dan ibarettir. Kalbi d\u00f6rd\u00fcyle t\u0131ka basa dolu, hayat\u0131 onlarla reng\u00e2renk oldu\u011fu i\u00e7in a\u015fka ne inanc\u0131 vard\u0131r ne de ihtiyac\u0131&#8230; Ama bir g\u00fcn rutin (!) hayat\u0131, do\u011fum g\u00fcn\u00fcnde gelen bir paket ile t\u00fcmden de\u011fi\u015fir. Paketin i\u00e7inde, gizemli bir \u00e2\u015f\u0131ktan gelen, k\u0131z\u0131m\u0131z\u0131n asla giymeyece\u011fi t\u00fcrden g\u00f6steri\u015fli bir elbise ve i\u00e7inde de bir not vard\u0131r.<\/p>\n","protected":false},"featured_media":7285,"comment_status":"open","ping_status":"closed","template":"","meta":[],"class_list":["post-7284","product","type-product","status-publish","has-post-thumbnail","hentry","product_cat-romanhikaye"],"_links":{"self":[{"href":"http:\/\/www.ttistanbulspor.org\/index.php\/wp-json\/wp\/v2\/product\/7284","targetHints":{"allow":["GET"]}}],"collection":[{"href":"http:\/\/www.ttistanbulspor.org\/index.php\/wp-json\/wp\/v2\/product"}],"about":[{"href":"http:\/\/www.ttistanbulspor.org\/index.php\/wp-json\/wp\/v2\/types\/product"}],"replies":[{"embeddable":true,"href":"http:\/\/www.ttistanbulspor.org\/index.php\/wp-json\/wp\/v2\/comments?post=7284"}],"wp:featuredmedia":[{"embeddable":true,"href":"http:\/\/www.ttistanbulspor.org\/index.php\/wp-json\/wp\/v2\/media\/7285"}],"wp:attachment":[{"href":"http:\/\/www.ttistanbulspor.org\/index.php\/wp-json\/wp\/v2\/media?parent=7284"}],"curies":[{"name":"wp","href":"https:\/\/api.w.org\/{rel}","templated":true}]}}