{"id":7250,"date":"2019-09-25T09:42:34","date_gmt":"2019-09-25T06:42:34","guid":{"rendered":"http:\/\/www.ttistanbulspor.org\/?post_type=product&#038;p=7250"},"modified":"2019-09-25T09:42:42","modified_gmt":"2019-09-25T06:42:42","slug":"yurumek","status":"publish","type":"product","link":"http:\/\/www.ttistanbulspor.org\/index.php\/urun\/yurumek\/","title":{"rendered":"Y\u00dcR\u00dcMEK"},"content":{"rendered":"<p>Y\u00fcr\u00fcmek, Sevgi Soysal&#8217;\u0131n yazarl\u0131k \u00e7izgisinde bir e\u015fik olarak nitelendirilir. Ela ve Memet&#8217;in hayatta kesi\u015fmelerini ve ayr\u0131\u015fmalar\u0131n\u0131 anlatan bu roman\u0131nda Sevgi Soysal, toplumca \u00e7izilen erkeklik, kad\u0131nl\u0131k s\u0131n\u0131rlar\u0131n\u0131 ve s\u0131n\u0131f de\u011ferlerini bireyin g\u00f6z\u00fcnden sorgular. Bir Ege adas\u0131nda bireyselli\u011fin dar \u00e7emberinden \u00e7\u0131k\u0131p, insanca duyarl\u0131l\u0131klar\u0131na sahip \u00e7\u0131kan Ela, 12 Mart&#8217;\u0131n ayak seslerinin duyuldu\u011fu Ankara sokaklar\u0131na y\u00fcr\u00fcy\u00fcp giderek Sevgi Soysal&#8217;\u0131n i\u00e7 sesi olarak da okunabilir&#8230;<\/p>\n","protected":false},"excerpt":{"rendered":"<p>Y\u00fcr\u00fcmek, Sevgi Soysal&#8217;\u0131n yazarl\u0131k \u00e7izgisinde bir e\u015fik olarak nitelendirilir. Ela ve Memet&#8217;in hayatta kesi\u015fmelerini ve ayr\u0131\u015fmalar\u0131n\u0131 anlatan bu roman\u0131nda Sevgi Soysal, toplumca \u00e7izilen erkeklik, kad\u0131nl\u0131k s\u0131n\u0131rlar\u0131n\u0131 ve s\u0131n\u0131f de\u011ferlerini bireyin g\u00f6z\u00fcnden sorgular. Bir Ege adas\u0131nda bireyselli\u011fin dar \u00e7emberinden \u00e7\u0131k\u0131p, insanca duyarl\u0131l\u0131klar\u0131na sahip \u00e7\u0131kan Ela, 12 Mart&#8217;\u0131n ayak seslerinin duyuldu\u011fu Ankara sokaklar\u0131na y\u00fcr\u00fcy\u00fcp giderek Sevgi Soysal&#8217;\u0131n i\u00e7 sesi olarak da okunabilir&#8230;<\/p>\n","protected":false},"featured_media":7251,"comment_status":"open","ping_status":"closed","template":"","meta":[],"class_list":["post-7250","product","type-product","status-publish","has-post-thumbnail","hentry","product_cat-turkiye-roman"],"_links":{"self":[{"href":"http:\/\/www.ttistanbulspor.org\/index.php\/wp-json\/wp\/v2\/product\/7250","targetHints":{"allow":["GET"]}}],"collection":[{"href":"http:\/\/www.ttistanbulspor.org\/index.php\/wp-json\/wp\/v2\/product"}],"about":[{"href":"http:\/\/www.ttistanbulspor.org\/index.php\/wp-json\/wp\/v2\/types\/product"}],"replies":[{"embeddable":true,"href":"http:\/\/www.ttistanbulspor.org\/index.php\/wp-json\/wp\/v2\/comments?post=7250"}],"wp:featuredmedia":[{"embeddable":true,"href":"http:\/\/www.ttistanbulspor.org\/index.php\/wp-json\/wp\/v2\/media\/7251"}],"wp:attachment":[{"href":"http:\/\/www.ttistanbulspor.org\/index.php\/wp-json\/wp\/v2\/media?parent=7250"}],"curies":[{"name":"wp","href":"https:\/\/api.w.org\/{rel}","templated":true}]}}