{"id":7244,"date":"2019-09-25T09:14:22","date_gmt":"2019-09-25T06:14:22","guid":{"rendered":"http:\/\/www.ttistanbulspor.org\/?post_type=product&#038;p=7244"},"modified":"2019-09-25T09:14:28","modified_gmt":"2019-09-25T06:14:28","slug":"olmez-otu","status":"publish","type":"product","link":"http:\/\/www.ttistanbulspor.org\/index.php\/urun\/olmez-otu\/","title":{"rendered":"\u00d6LMEZ OTU"},"content":{"rendered":"<p>.Ba\u015f\u0131 dara d\u00fc\u015fenler, yaratt\u0131klar\u0131 d\u00fc\u015f d\u00fcnyas\u0131nda bulurlar yollar\u0131n\u0131. Ayakta kalabilmek i\u00e7in s\u0131\u011f\u0131nd\u0131klar\u0131 bu d\u00fcnya bir yandan onlar\u0131 ya\u015fat\u0131rken, bir yandan da hikayelerini \u00f6rer. Da\u011f\u0131n \u00d6te y\u00fcz\u00fc \u00fc\u00e7l\u00fcs\u00fc darda kalanlar\u0131n yaratt\u0131klar\u0131 d\u00fc\u015f d\u00fcnyas\u0131n\u0131n b\u00fcy\u00fck bir g\u00f6rkemli hiyakesidir.<br \/>\n\u00dc\u00e7l\u00fcn\u00fcn \u00fc\u00e7\u00fcnc\u00fc kitab\u0131 \u00d6lmez Otu Toros Da\u011flar\u0131ndan \u00c7ukurova&#8217;ya uzanan bir toprakta ye\u015ferir. Pamuk toplamaya inen Yalak k\u00f6yl\u00fclerine kendi yaratt\u0131klar\u0131 efsane e\u015flik eder. Ancak mitin y\u0131k\u0131l\u0131\u015f\u0131n\u0131 anlatan sat\u0131rlar, vah\u015fi oldu\u011fu kadar ola\u011fan\u00fcst\u00fc bir t\u00fcrk\u00fc gibi i\u00e7imize i\u015fler.<\/p>\n","protected":false},"excerpt":{"rendered":"<p>.Ba\u015f\u0131 dara d\u00fc\u015fenler, yaratt\u0131klar\u0131 d\u00fc\u015f d\u00fcnyas\u0131nda bulurlar yollar\u0131n\u0131. Ayakta kalabilmek i\u00e7in s\u0131\u011f\u0131nd\u0131klar\u0131 bu d\u00fcnya bir yandan onlar\u0131 ya\u015fat\u0131rken, bir yandan da hikayelerini \u00f6rer. Da\u011f\u0131n \u00d6te y\u00fcz\u00fc \u00fc\u00e7l\u00fcs\u00fc darda kalanlar\u0131n yaratt\u0131klar\u0131 d\u00fc\u015f d\u00fcnyas\u0131n\u0131n b\u00fcy\u00fck bir g\u00f6rkemli hiyakesidir.<br \/>\n\u00dc\u00e7l\u00fcn\u00fcn \u00fc\u00e7\u00fcnc\u00fc kitab\u0131 \u00d6lmez Otu Toros Da\u011flar\u0131ndan \u00c7ukurova&#8217;ya uzanan bir toprakta ye\u015ferir. Pamuk toplamaya inen Yalak k\u00f6yl\u00fclerine kendi yaratt\u0131klar\u0131 efsane e\u015flik eder. Ancak mitin y\u0131k\u0131l\u0131\u015f\u0131n\u0131 anlatan sat\u0131rlar, vah\u015fi oldu\u011fu kadar ola\u011fan\u00fcst\u00fc bir t\u00fcrk\u00fc gibi i\u00e7imize i\u015fler.<\/p>\n","protected":false},"featured_media":7245,"comment_status":"open","ping_status":"closed","template":"","meta":[],"class_list":["post-7244","product","type-product","status-publish","has-post-thumbnail","hentry","product_cat-turkiye-roman"],"_links":{"self":[{"href":"http:\/\/www.ttistanbulspor.org\/index.php\/wp-json\/wp\/v2\/product\/7244","targetHints":{"allow":["GET"]}}],"collection":[{"href":"http:\/\/www.ttistanbulspor.org\/index.php\/wp-json\/wp\/v2\/product"}],"about":[{"href":"http:\/\/www.ttistanbulspor.org\/index.php\/wp-json\/wp\/v2\/types\/product"}],"replies":[{"embeddable":true,"href":"http:\/\/www.ttistanbulspor.org\/index.php\/wp-json\/wp\/v2\/comments?post=7244"}],"wp:featuredmedia":[{"embeddable":true,"href":"http:\/\/www.ttistanbulspor.org\/index.php\/wp-json\/wp\/v2\/media\/7245"}],"wp:attachment":[{"href":"http:\/\/www.ttistanbulspor.org\/index.php\/wp-json\/wp\/v2\/media?parent=7244"}],"curies":[{"name":"wp","href":"https:\/\/api.w.org\/{rel}","templated":true}]}}