{"id":7238,"date":"2019-09-25T09:07:23","date_gmt":"2019-09-25T06:07:23","guid":{"rendered":"http:\/\/www.ttistanbulspor.org\/?post_type=product&#038;p=7238"},"modified":"2019-09-25T09:07:42","modified_gmt":"2019-09-25T06:07:42","slug":"odullu-hikayeler","status":"publish","type":"product","link":"http:\/\/www.ttistanbulspor.org\/index.php\/urun\/odullu-hikayeler\/","title":{"rendered":"\u00d6D\u00dcLL\u00dc H\u0130KAYELER"},"content":{"rendered":"<p>Bu kitapta, 400 civar\u0131ndaki hik\u00e2yeden \u00f6zenle se\u00e7ilmi\u015f 10 nefis hik\u00e2ye bulunuyor. Eseri okurken hem \u00d6mer Seyfeddin&#8217;in y\u00fcrek paralayan o kalemini yeniden i\u00e7inizde duyacak, hem de onun a\u00e7t\u0131\u011f\u0131 yolda y\u00fcr\u00fcyen \u00e7ok de\u011ferli on yeni hik\u00e2yecimizle tan\u0131\u015facaks\u0131n\u0131z.<\/p>\n<p>Belki sizin h\u00e2let-i ruhiyenize her hik\u00e2ye tam uygun d\u00fc\u015feyecek, fakat en az\u0131ndan biri, sizin mutlaka bam telinizi titretecek ve g\u00f6nl\u00fcn\u00fczde hasretler, co\u015fkular, heyecanlar veya f\u0131rt\u0131nalar do\u011furacakt\u0131r.<\/p>\n","protected":false},"excerpt":{"rendered":"<p>Bu kitapta, 400 civar\u0131ndaki hik\u00e2yeden \u00f6zenle se\u00e7ilmi\u015f 10 nefis hik\u00e2ye bulunuyor. Eseri okurken hem \u00d6mer Seyfeddin&#8217;in y\u00fcrek paralayan o kalemini yeniden i\u00e7inizde duyacak, hem de onun a\u00e7t\u0131\u011f\u0131 yolda y\u00fcr\u00fcyen \u00e7ok de\u011ferli on yeni hik\u00e2yecimizle tan\u0131\u015facaks\u0131n\u0131z.<\/p>\n<p>Belki sizin h\u00e2let-i ruhiyenize her hik\u00e2ye tam uygun d\u00fc\u015feyecek, fakat en az\u0131ndan biri, sizin mutlaka bam telinizi titretecek ve g\u00f6nl\u00fcn\u00fczde hasretler, co\u015fkular, heyecanlar veya f\u0131rt\u0131nalar do\u011furacakt\u0131r.<\/p>\n","protected":false},"featured_media":7239,"comment_status":"open","ping_status":"closed","template":"","meta":[],"class_list":["post-7238","product","type-product","status-publish","has-post-thumbnail","hentry","product_cat-turk-oyku"],"_links":{"self":[{"href":"http:\/\/www.ttistanbulspor.org\/index.php\/wp-json\/wp\/v2\/product\/7238","targetHints":{"allow":["GET"]}}],"collection":[{"href":"http:\/\/www.ttistanbulspor.org\/index.php\/wp-json\/wp\/v2\/product"}],"about":[{"href":"http:\/\/www.ttistanbulspor.org\/index.php\/wp-json\/wp\/v2\/types\/product"}],"replies":[{"embeddable":true,"href":"http:\/\/www.ttistanbulspor.org\/index.php\/wp-json\/wp\/v2\/comments?post=7238"}],"wp:featuredmedia":[{"embeddable":true,"href":"http:\/\/www.ttistanbulspor.org\/index.php\/wp-json\/wp\/v2\/media\/7239"}],"wp:attachment":[{"href":"http:\/\/www.ttistanbulspor.org\/index.php\/wp-json\/wp\/v2\/media?parent=7238"}],"curies":[{"name":"wp","href":"https:\/\/api.w.org\/{rel}","templated":true}]}}