{"id":7231,"date":"2019-09-25T08:40:29","date_gmt":"2019-09-25T05:40:29","guid":{"rendered":"http:\/\/www.ttistanbulspor.org\/?post_type=product&#038;p=7231"},"modified":"2019-09-25T08:40:34","modified_gmt":"2019-09-25T05:40:34","slug":"la-sonsuzluk-hecesi","status":"publish","type":"product","link":"http:\/\/www.ttistanbulspor.org\/index.php\/urun\/la-sonsuzluk-hecesi\/","title":{"rendered":"L\u00e2 Sonsuzluk Hecesi"},"content":{"rendered":"<p>Bir g\u00fcn Sab\u00e2 Melikesi Belk\u0131s&#8217;tan, \u00c2dem&#8217;le Havva&#8217;n\u0131n hik\u00e2yesini anlaman\u0131n b\u00fct\u00fcn bir insanl\u0131\u011f\u0131n da hik\u00e2yesini anlamak manas\u0131na geldi\u011fini \u00f6\u011frendim. \u0130nsan\u0131n b\u00fct\u00fcn halleri \u00c2dem&#8217;de gizliydi ve b\u00fct\u00fcn macera onun hik\u00e2yesinde \u00f6zetlenmi\u015fti.<\/p>\n<p>Bu c\u00fcmleyi y\u0131llarca i\u00e7imde gezdirdim de bir t\u00fcrl\u00fc kalemi elime alamad\u0131m, anlatmaya kalk\u0131\u015famad\u0131m.<\/p>\n<p>Ne zaman ki, kalmak i\u00e7in de\u011fil u\u011fray\u0131p ge\u00e7mek i\u00e7in kadem bast\u0131\u011f\u0131m\u0131z, k\u00f6k att\u0131\u011f\u0131m\u0131z de\u011fil k\u0131sa bir g\u00f6lge sald\u0131\u011f\u0131m\u0131z \u015fu d\u00fcnyada bir cennet s\u00fcrg\u00fcn\u00fcyle yazg\u0131land\u0131\u011f\u0131m\u0131 anlad\u0131m ve Kelimeler Kitab\u0131-\u00e7ift isimler sahifesinde, \u00c2dem&#8217;le Havva&#8217;n\u0131n yan\u0131na bir de Habil&#8217;le Kabil&#8217;i ekledim. O zaman anlad\u0131m anlatma zaman\u0131n\u0131n geldi\u011fini.<\/p>\n<p>Hik\u00e2yenin ismi d\u00fc\u015ft\u00fc dilime bir gece: L\u00c2. \u0130LL\u00c2, dedim.<br \/>\nBir \u00f6m\u00fcr boyu arad\u0131\u011f\u0131m hece harfinin L\u00c2 oldu\u011funu bildim.<\/p>\n","protected":false},"excerpt":{"rendered":"<p>Bir g\u00fcn Sab\u00e2 Melikesi Belk\u0131s&#8217;tan, \u00c2dem&#8217;le Havva&#8217;n\u0131n hik\u00e2yesini anlaman\u0131n b\u00fct\u00fcn bir insanl\u0131\u011f\u0131n da hik\u00e2yesini anlamak manas\u0131na geldi\u011fini \u00f6\u011frendim. \u0130nsan\u0131n b\u00fct\u00fcn halleri \u00c2dem&#8217;de gizliydi ve b\u00fct\u00fcn macera onun hik\u00e2yesinde \u00f6zetlenmi\u015fti.<\/p>\n<p>Bu c\u00fcmleyi y\u0131llarca i\u00e7imde gezdirdim de bir t\u00fcrl\u00fc kalemi elime alamad\u0131m, anlatmaya kalk\u0131\u015famad\u0131m.<\/p>\n<p>Ne zaman ki, kalmak i\u00e7in de\u011fil u\u011fray\u0131p ge\u00e7mek i\u00e7in kadem bast\u0131\u011f\u0131m\u0131z, k\u00f6k att\u0131\u011f\u0131m\u0131z de\u011fil k\u0131sa bir g\u00f6lge sald\u0131\u011f\u0131m\u0131z \u015fu d\u00fcnyada bir cennet s\u00fcrg\u00fcn\u00fcyle yazg\u0131land\u0131\u011f\u0131m\u0131 anlad\u0131m ve Kelimeler Kitab\u0131-\u00e7ift isimler sahifesinde, \u00c2dem&#8217;le Havva&#8217;n\u0131n yan\u0131na bir de Habil&#8217;le Kabil&#8217;i ekledim. O zaman anlad\u0131m anlatma zaman\u0131n\u0131n geldi\u011fini.<\/p>\n<p>Hik\u00e2yenin ismi d\u00fc\u015ft\u00fc dilime bir gece: L\u00c2. \u0130LL\u00c2, dedim.<br \/>\nBir \u00f6m\u00fcr boyu arad\u0131\u011f\u0131m hece harfinin L\u00c2 oldu\u011funu bildim.<\/p>\n","protected":false},"featured_media":7233,"comment_status":"open","ping_status":"closed","template":"","meta":[],"class_list":["post-7231","product","type-product","status-publish","has-post-thumbnail","hentry","product_cat-turkiye-roman"],"_links":{"self":[{"href":"http:\/\/www.ttistanbulspor.org\/index.php\/wp-json\/wp\/v2\/product\/7231","targetHints":{"allow":["GET"]}}],"collection":[{"href":"http:\/\/www.ttistanbulspor.org\/index.php\/wp-json\/wp\/v2\/product"}],"about":[{"href":"http:\/\/www.ttistanbulspor.org\/index.php\/wp-json\/wp\/v2\/types\/product"}],"replies":[{"embeddable":true,"href":"http:\/\/www.ttistanbulspor.org\/index.php\/wp-json\/wp\/v2\/comments?post=7231"}],"wp:featuredmedia":[{"embeddable":true,"href":"http:\/\/www.ttistanbulspor.org\/index.php\/wp-json\/wp\/v2\/media\/7233"}],"wp:attachment":[{"href":"http:\/\/www.ttistanbulspor.org\/index.php\/wp-json\/wp\/v2\/media?parent=7231"}],"curies":[{"name":"wp","href":"https:\/\/api.w.org\/{rel}","templated":true}]}}