{"id":7221,"date":"2019-09-25T08:23:20","date_gmt":"2019-09-25T05:23:20","guid":{"rendered":"http:\/\/www.ttistanbulspor.org\/?post_type=product&#038;p=7221"},"modified":"2019-09-25T08:23:22","modified_gmt":"2019-09-25T05:23:22","slug":"kaplumbagalar","status":"publish","type":"product","link":"http:\/\/www.ttistanbulspor.org\/index.php\/urun\/kaplumbagalar\/","title":{"rendered":"KAPLUMBA\u011eALAR"},"content":{"rendered":"<p>Tozak k\u00f6y\u00fc \u015fu koca yery\u00fcz\u00fcnde, k\u0131y\u0131da k\u00f6\u015fede kalm\u0131\u015f bin yamal\u0131 bir yoksul yorgan\u0131, alabildi\u011fine kurak, bak\u0131ms\u0131z, unutulmu\u015f. Ahalisi desen g\u00fcn\u00fcm\u00fcz k\u00f6yl\u00fcs\u00fc: H\u00e2l\u00e2 devletten medet uman, \u201cH\u00f6k\u00fcmetimiz en iyisini bilir\u201d diyen, cahil, kaba saba ama bir o kadar \u00e7al\u0131\u015fkan, sahici ve vicdanl\u0131. K\u00f6y\u00fcn E\u011fitmen R\u0131za\u2019s\u0131, Muhtar Battal\u2019\u0131 ve ak\u0131ll\u0131 delisi K\u0131r Abbas\u2019\u0131 g\u00fcn olur ak\u0131l y\u00fcr\u00fct\u00fcr, el ele verir, k\u00f6yl\u00fcy\u00fc de pe\u015fine tak\u0131p bir ba\u011f kurar, hem de ta\u015fl\u0131 bir tarlada, bin bir emekle, \u00f6zveriyle ve gece g\u00fcnd\u00fcz \u00e7al\u0131\u015farak. Tam a\u011f\u0131zlar\u0131 \u00fcz\u00fcmlerle tatland\u0131, y\u00fcrekleri umutla doldu derken, hi\u00e7 ummad\u0131klar\u0131 bir anda h\u00fck\u00fcmetin tokad\u0131n\u0131 yerler&#8230; ama ne tokat! Bir anda, b\u00fcrokrasinin \u00e7ark\u0131nda bir \u00e7apak olup \u00e7\u0131karlar. Hak hukuk ararlar aramas\u0131na ama neyin hakk\u0131, neyin hukuku?<\/p>\n","protected":false},"excerpt":{"rendered":"<p>Mazimizde yer etmi\u015f ama bug\u00fcn hala varl\u0131\u011f\u0131n\u0131 s\u00fcrd\u00fcren sorunlara de\u011finen, yal\u0131n ama zengin bir dille yaz\u0131lm\u0131\u015f, \u00f6zg\u00fcn ve ayd\u0131nl\u0131k bir edebiyat eseri olan Kaplumba\u011falar, yarat\u0131c\u0131 \u00fclkemiz k\u00f6yl\u00fcs\u00fcn\u00fcn oldu\u011fu kadar, onun b\u00fcrokrasi kar\u015f\u0131s\u0131ndaki \u00e7aresizli\u011finin ve cehaletinin de hikayesini anlat\u0131yor.<\/p>\n","protected":false},"featured_media":7222,"comment_status":"open","ping_status":"closed","template":"","meta":[],"class_list":["post-7221","product","type-product","status-publish","has-post-thumbnail","hentry","product_cat-turkiye-roman"],"_links":{"self":[{"href":"http:\/\/www.ttistanbulspor.org\/index.php\/wp-json\/wp\/v2\/product\/7221","targetHints":{"allow":["GET"]}}],"collection":[{"href":"http:\/\/www.ttistanbulspor.org\/index.php\/wp-json\/wp\/v2\/product"}],"about":[{"href":"http:\/\/www.ttistanbulspor.org\/index.php\/wp-json\/wp\/v2\/types\/product"}],"replies":[{"embeddable":true,"href":"http:\/\/www.ttistanbulspor.org\/index.php\/wp-json\/wp\/v2\/comments?post=7221"}],"wp:featuredmedia":[{"embeddable":true,"href":"http:\/\/www.ttistanbulspor.org\/index.php\/wp-json\/wp\/v2\/media\/7222"}],"wp:attachment":[{"href":"http:\/\/www.ttistanbulspor.org\/index.php\/wp-json\/wp\/v2\/media?parent=7221"}],"curies":[{"name":"wp","href":"https:\/\/api.w.org\/{rel}","templated":true}]}}