{"id":7195,"date":"2019-09-24T14:19:21","date_gmt":"2019-09-24T11:19:21","guid":{"rendered":"http:\/\/www.ttistanbulspor.org\/?post_type=product&#038;p=7195"},"modified":"2019-09-24T14:19:27","modified_gmt":"2019-09-24T11:19:27","slug":"kardes-siirleri","status":"publish","type":"product","link":"http:\/\/www.ttistanbulspor.org\/index.php\/urun\/kardes-siirleri\/","title":{"rendered":"KARDE\u015e \u015e\u0130\u0130RLER\u0130"},"content":{"rendered":"<p>Umuda \u00d6zlem<\/p>\n<p>Bahar \u00e7i\u00e7ekleri umuttur k\u0131rmay\u0131n<br \/>\nNisan ya\u011fmuru a\u015fk\u0131n g\u00f6zya\u015f\u0131d\u0131r, \u00f6zlemdir<br \/>\nkurutmay\u0131n<\/p>\n<p>Temmuz s\u0131ca\u011f\u0131 \u0131s\u0131t\u0131r d\u00fcnyay\u0131<br \/>\nso\u011futmay\u0131n<br \/>\nSonbahar, yaprak d\u00f6kt\u00fcr\u00fcr umudun yokolu\u015fu gibi<br \/>\nizin vermeyin<\/p>\n<p>Zemheri, bahara \u00f6zlemdir<br \/>\nAyd\u0131nlat\u0131n y\u00fcrekleriniz.<\/p>\n","protected":false},"excerpt":{"rendered":"<p>Umuda \u00d6zlem<\/p>\n<p>Bahar \u00e7i\u00e7ekleri umuttur k\u0131rmay\u0131n<br \/>\nNisan ya\u011fmuru a\u015fk\u0131n g\u00f6zya\u015f\u0131d\u0131r, \u00f6zlemdir<br \/>\nkurutmay\u0131n<\/p>\n<p>Temmuz s\u0131ca\u011f\u0131 \u0131s\u0131t\u0131r d\u00fcnyay\u0131<br \/>\nso\u011futmay\u0131n<br \/>\nSonbahar, yaprak d\u00f6kt\u00fcr\u00fcr umudun yokolu\u015fu gibi<br \/>\nizin vermeyin<\/p>\n<p>Zemheri, bahara \u00f6zlemdir<br \/>\nAyd\u0131nlat\u0131n y\u00fcrekleriniz.<\/p>\n","protected":false},"featured_media":7196,"comment_status":"open","ping_status":"closed","template":"","meta":[],"class_list":["post-7195","product","type-product","status-publish","has-post-thumbnail","hentry","product_cat-siir"],"_links":{"self":[{"href":"http:\/\/www.ttistanbulspor.org\/index.php\/wp-json\/wp\/v2\/product\/7195","targetHints":{"allow":["GET"]}}],"collection":[{"href":"http:\/\/www.ttistanbulspor.org\/index.php\/wp-json\/wp\/v2\/product"}],"about":[{"href":"http:\/\/www.ttistanbulspor.org\/index.php\/wp-json\/wp\/v2\/types\/product"}],"replies":[{"embeddable":true,"href":"http:\/\/www.ttistanbulspor.org\/index.php\/wp-json\/wp\/v2\/comments?post=7195"}],"wp:featuredmedia":[{"embeddable":true,"href":"http:\/\/www.ttistanbulspor.org\/index.php\/wp-json\/wp\/v2\/media\/7196"}],"wp:attachment":[{"href":"http:\/\/www.ttistanbulspor.org\/index.php\/wp-json\/wp\/v2\/media?parent=7195"}],"curies":[{"name":"wp","href":"https:\/\/api.w.org\/{rel}","templated":true}]}}