{"id":7191,"date":"2019-09-24T14:08:49","date_gmt":"2019-09-24T11:08:49","guid":{"rendered":"http:\/\/www.ttistanbulspor.org\/?post_type=product&#038;p=7191"},"modified":"2019-09-24T14:08:56","modified_gmt":"2019-09-24T11:08:56","slug":"gozyasi-konagi-ada-1876","status":"publish","type":"product","link":"http:\/\/www.ttistanbulspor.org\/index.php\/urun\/gozyasi-konagi-ada-1876\/","title":{"rendered":"G\u00f6zya\u015f\u0131 Kona\u011f\u0131: Ada 1876"},"content":{"rendered":"<p>1876 y\u0131l\u0131 bahar\u0131nda gayrime\u015fru bebe\u011fimi do\u011furmak \u00fczere evin erkeklerinden habersiz B\u00fcy\u00fckada&#8217;ya g\u00f6nderildim. Yan\u0131ma Bedriye Kalfa&#8217;y\u0131 verdiler. Evin kad\u0131nlar\u0131 baba ve a\u011fabeyime k\u00fc\u00e7\u00fck bir hik\u00e2ye takdim ettiler. Para kazanma h\u0131rs\u0131yla ya\u015fayan babam yoklu\u011fumu dikkate alacak vaziyette de\u011fildi zaten. Sadece a\u011fabeyim bir s\u00fcre uzaklarda olaca\u011f\u0131m\u0131 duyunca \u015fa\u015f\u0131rm\u0131\u015f. Sofrada k\u0131z\u0131lc\u0131k ho\u015faf\u0131n\u0131 ka\u015f\u0131klarken bir an donup kalm\u0131\u015f. Ona \u00f6yle anlat\u0131ld\u0131\u011f\u0131 \u00fczere, g\u00fcya, talihsiz bir kaza neticesinde sa\u00e7lar\u0131m tutu\u015fup yand\u0131\u011f\u0131ndan, Bedriye Kalfa ile halam\u0131n Beyaz\u0131d&#8217;daki kona\u011f\u0131na gidece\u011fime, bu sayede kendimi biraz olsun toparlayaca\u011f\u0131ma inan\u0131vermi\u015f. B\u00f6yle ba\u015fl\u0131yor G\u00f6zya\u015f\u0131 Kona\u011f\u0131. Gencecik bir kad\u0131n, karn\u0131nda bebe\u011fi, kederli ve ma\u011frur, adaya geliyor. Kaderden, ay\u0131p arayan g\u00f6zlerden, hayata h\u00fckmeden erkeklerden uza\u011fa\u2026 Bir yanda ahl\u00e2ka h\u00fcrmet ve fikri mukaddes masallar\u0131, di\u011fer yanda k\u0131p\u0131r k\u0131p\u0131r h\u00fcrriyet meseleleri\u2026 \u015eebnem \u0130\u015fig\u00fczel, ne\u015feli, a\u015fk dolu, hayat dolu bir romanla yeni bir ses kat\u0131yor, sesine\u2026 edebiyata\u2026<\/p>\n","protected":false},"excerpt":{"rendered":"<p>1876 y\u0131l\u0131 bahar\u0131nda gayrime\u015fru bebe\u011fimi do\u011furmak \u00fczere evin erkeklerinden habersiz B\u00fcy\u00fckada&#8217;ya g\u00f6nderildim. Yan\u0131ma Bedriye Kalfa&#8217;y\u0131 verdiler. Evin kad\u0131nlar\u0131 baba ve a\u011fabeyime k\u00fc\u00e7\u00fck bir hik\u00e2ye takdim ettiler. Para kazanma h\u0131rs\u0131yla ya\u015fayan babam yoklu\u011fumu dikkate alacak vaziyette de\u011fildi zaten. Sadece a\u011fabeyim bir s\u00fcre uzaklarda olaca\u011f\u0131m\u0131 duyunca \u015fa\u015f\u0131rm\u0131\u015f. Sofrada k\u0131z\u0131lc\u0131k ho\u015faf\u0131n\u0131 ka\u015f\u0131klarken bir an donup kalm\u0131\u015f. Ona \u00f6yle anlat\u0131ld\u0131\u011f\u0131 \u00fczere, g\u00fcya, talihsiz bir kaza neticesinde sa\u00e7lar\u0131m tutu\u015fup yand\u0131\u011f\u0131ndan, Bedriye Kalfa ile halam\u0131n Beyaz\u0131d&#8217;daki kona\u011f\u0131na gidece\u011fime, bu sayede kendimi biraz olsun toparlayaca\u011f\u0131ma inan\u0131vermi\u015f. B\u00f6yle ba\u015fl\u0131yor G\u00f6zya\u015f\u0131 Kona\u011f\u0131. Gencecik bir kad\u0131n, karn\u0131nda bebe\u011fi, kederli ve ma\u011frur, adaya geliyor. Kaderden, ay\u0131p arayan g\u00f6zlerden, hayata h\u00fckmeden erkeklerden uza\u011fa\u2026 Bir yanda ahl\u00e2ka h\u00fcrmet ve fikri mukaddes masallar\u0131, di\u011fer yanda k\u0131p\u0131r k\u0131p\u0131r h\u00fcrriyet meseleleri\u2026 \u015eebnem \u0130\u015fig\u00fczel, ne\u015feli, a\u015fk dolu, hayat dolu bir romanla yeni bir ses kat\u0131yor, sesine\u2026 edebiyata\u2026<\/p>\n","protected":false},"featured_media":7192,"comment_status":"open","ping_status":"closed","template":"","meta":[],"class_list":["post-7191","product","type-product","status-publish","has-post-thumbnail","hentry","product_cat-turkiye-roman"],"_links":{"self":[{"href":"http:\/\/www.ttistanbulspor.org\/index.php\/wp-json\/wp\/v2\/product\/7191","targetHints":{"allow":["GET"]}}],"collection":[{"href":"http:\/\/www.ttistanbulspor.org\/index.php\/wp-json\/wp\/v2\/product"}],"about":[{"href":"http:\/\/www.ttistanbulspor.org\/index.php\/wp-json\/wp\/v2\/types\/product"}],"replies":[{"embeddable":true,"href":"http:\/\/www.ttistanbulspor.org\/index.php\/wp-json\/wp\/v2\/comments?post=7191"}],"wp:featuredmedia":[{"embeddable":true,"href":"http:\/\/www.ttistanbulspor.org\/index.php\/wp-json\/wp\/v2\/media\/7192"}],"wp:attachment":[{"href":"http:\/\/www.ttistanbulspor.org\/index.php\/wp-json\/wp\/v2\/media?parent=7191"}],"curies":[{"name":"wp","href":"https:\/\/api.w.org\/{rel}","templated":true}]}}