{"id":7185,"date":"2019-09-24T13:56:34","date_gmt":"2019-09-24T10:56:34","guid":{"rendered":"http:\/\/www.ttistanbulspor.org\/?post_type=product&#038;p=7185"},"modified":"2019-09-24T13:56:42","modified_gmt":"2019-09-24T10:56:42","slug":"kedi-besigi","status":"publish","type":"product","link":"http:\/\/www.ttistanbulspor.org\/index.php\/urun\/kedi-besigi\/","title":{"rendered":"KED\u0130 BE\u015e\u0130\u011e\u0130"},"content":{"rendered":"<p>Dinleyin:<br \/>\nGen\u00e7ken; iki kar\u0131 \u00f6nce, 250.000 sigara \u00f6nce, 3.000 litre i\u00e7ki \u00f6nce&#8230;<br \/>\n\u00c7ok daha gen\u00e7ken,<br \/>\nad\u0131n\u0131 \u2018\u2019D\u00fcnyan\u0131n Sona Erdi\u011fi G\u00fcn\u2019\u2019 koyaca\u011f\u0131m<br \/>\nbir kitap i\u00e7in malzeme toplamaya ba\u015flam\u0131\u015ft\u0131m.<br \/>\nKitap, ger\u00e7eklere dayanacakt\u0131.<br \/>\nKitap, m\u00fchim Amerikal\u0131lar\u0131n, ilk atom bombas\u0131n\u0131n Hiro\u015fima\u2019ya<br \/>\nat\u0131ld\u0131\u011f\u0131 g\u00fcn ne yapt\u0131klar\u0131n\u0131 anlatacakt\u0131.<br \/>\nHristiyan bir kitap olacakt\u0131. Hristiyan\u2019d\u0131m o zamanlar.<br \/>\nArt\u0131k Bokononcuyum.<br \/>\nBokonon\u2019un ac\u0131-tatl\u0131 yalanlar\u0131n\u0131 \u00f6\u011fretecek biri \u00e7\u0131kayd\u0131 kar\u015f\u0131ma,<br \/>\ndaha o zamandan Bokononcu olurdum.<br \/>\nFakat Bokononculuk,<br \/>\nKarayip Denizi\u2019ndeki San Lorenzo Cumhuriyeti isimli<br \/>\nk\u00fc\u00e7\u00fck aday\u0131 \u00e7evreleyen \u00e7ak\u0131l ta\u015fl\u0131 plajlar\u0131n ve sipsivri mercanlar\u0131n \u00f6tesinde hen\u00fcz bilinmiyordu.<br \/>\nBiz Bokononcular insanl\u0131\u011f\u0131n, ne yapt\u0131klar\u0131n\u0131n fark\u0131na varmadan<br \/>\nTanr\u0131\u2019n\u0131n \u0130radesi\u2019ni yerine getiren tak\u0131mlardan olu\u015ftu\u011funa inan\u0131r\u0131z.<\/p>\n<p>Modern insana, deliliklerine dair bir ba\u015fyap\u0131t.<br \/>\nGezegenin sonuna dair apokaliptik bir \u00f6yk\u00fc.<br \/>\nKara mizahla \u00f6r\u00fcl\u00fc bir gelecek tasavvuru.<\/p>\n","protected":false},"excerpt":{"rendered":"<p>Dinleyin:<br \/>\nGen\u00e7ken; iki kar\u0131 \u00f6nce, 250.000 sigara \u00f6nce, 3.000 litre i\u00e7ki \u00f6nce&#8230;<br \/>\n\u00c7ok daha gen\u00e7ken,<br \/>\nad\u0131n\u0131 \u2018\u2019D\u00fcnyan\u0131n Sona Erdi\u011fi G\u00fcn\u2019\u2019 koyaca\u011f\u0131m<br \/>\nbir kitap i\u00e7in malzeme toplamaya ba\u015flam\u0131\u015ft\u0131m.<br \/>\nKitap, ger\u00e7eklere dayanacakt\u0131.<br \/>\nKitap, m\u00fchim Amerikal\u0131lar\u0131n, ilk atom bombas\u0131n\u0131n Hiro\u015fima\u2019ya<br \/>\nat\u0131ld\u0131\u011f\u0131 g\u00fcn ne yapt\u0131klar\u0131n\u0131 anlatacakt\u0131.<br \/>\nHristiyan bir kitap olacakt\u0131. Hristiyan\u2019d\u0131m o zamanlar.<br \/>\nArt\u0131k Bokononcuyum.<br \/>\nBokonon\u2019un ac\u0131-tatl\u0131 yalanlar\u0131n\u0131 \u00f6\u011fretecek biri \u00e7\u0131kayd\u0131 kar\u015f\u0131ma,<br \/>\ndaha o zamandan Bokononcu olurdum.<br \/>\nFakat Bokononculuk,<br \/>\nKarayip Denizi\u2019ndeki San Lorenzo Cumhuriyeti isimli<br \/>\nk\u00fc\u00e7\u00fck aday\u0131 \u00e7evreleyen \u00e7ak\u0131l ta\u015fl\u0131 plajlar\u0131n ve sipsivri mercanlar\u0131n \u00f6tesinde hen\u00fcz bilinmiyordu.<br \/>\nBiz Bokononcular insanl\u0131\u011f\u0131n, ne yapt\u0131klar\u0131n\u0131n fark\u0131na varmadan<br \/>\nTanr\u0131\u2019n\u0131n \u0130radesi\u2019ni yerine getiren tak\u0131mlardan olu\u015ftu\u011funa inan\u0131r\u0131z.<\/p>\n<p>Modern insana, deliliklerine dair bir ba\u015fyap\u0131t.<br \/>\nGezegenin sonuna dair apokaliptik bir \u00f6yk\u00fc.<br \/>\nKara mizahla \u00f6r\u00fcl\u00fc bir gelecek tasavvuru.<\/p>\n","protected":false},"featured_media":7186,"comment_status":"open","ping_status":"closed","template":"","meta":[],"class_list":["post-7185","product","type-product","status-publish","has-post-thumbnail","hentry","product_cat-romanhikaye"],"_links":{"self":[{"href":"http:\/\/www.ttistanbulspor.org\/index.php\/wp-json\/wp\/v2\/product\/7185","targetHints":{"allow":["GET"]}}],"collection":[{"href":"http:\/\/www.ttistanbulspor.org\/index.php\/wp-json\/wp\/v2\/product"}],"about":[{"href":"http:\/\/www.ttistanbulspor.org\/index.php\/wp-json\/wp\/v2\/types\/product"}],"replies":[{"embeddable":true,"href":"http:\/\/www.ttistanbulspor.org\/index.php\/wp-json\/wp\/v2\/comments?post=7185"}],"wp:featuredmedia":[{"embeddable":true,"href":"http:\/\/www.ttistanbulspor.org\/index.php\/wp-json\/wp\/v2\/media\/7186"}],"wp:attachment":[{"href":"http:\/\/www.ttistanbulspor.org\/index.php\/wp-json\/wp\/v2\/media?parent=7185"}],"curies":[{"name":"wp","href":"https:\/\/api.w.org\/{rel}","templated":true}]}}