{"id":7173,"date":"2019-09-24T10:28:34","date_gmt":"2019-09-24T07:28:34","guid":{"rendered":"http:\/\/www.ttistanbulspor.org\/?post_type=product&#038;p=7173"},"modified":"2019-09-24T10:28:35","modified_gmt":"2019-09-24T07:28:35","slug":"esir-sehrin-insanlari","status":"publish","type":"product","link":"http:\/\/www.ttistanbulspor.org\/index.php\/urun\/esir-sehrin-insanlari\/","title":{"rendered":"ES\u0130R \u015eEHR\u0130N \u0130NSANLARI"},"content":{"rendered":"<p>&#8220;Esir \u015eehir \u00dc\u00e7lemesi&#8221; edebiyat\u0131m\u0131z\u0131n g\u00fc\u00e7l\u00fc ve klasikle\u015fmi\u015f ismi Kemal Tahir&#8217;in ba\u015fyap\u0131tlar\u0131ndand\u0131r. Her b\u00fcy\u00fck ve klasik yap\u0131t gibi, bir ya da birden \u00e7ok problemati\u011fi m\u00fckemmel bir bi\u00e7imde i\u015fleyen bu nehir roman dizisinin ilk kitab\u0131 olan &#8220;Esir \u015eehrin \u0130nsanlar\u0131&#8221;nda Kemal Tahir, M\u00fctareke D\u00f6nemi Osmanl\u0131 ayd\u0131n\u0131n\u0131n ve \u0130stanbul&#8217;unun destans\u0131 direni\u015finin ve m\u00fccadelesinin benzersiz bir foto\u011fraf\u0131n\u0131 \u00e7ekmektedir.<\/p>\n<p>Kurtulu\u015f Sava\u015f\u0131 \u00f6ncesinin anlat\u0131ld\u0131\u011f\u0131 pek\u00e7ok roman yaz\u0131lm\u0131\u015ft\u0131r ku\u015fkusuz, ama hi\u00e7biri bu denli edebi ve \u00f6l\u00fcms\u00fcz olamam\u0131\u015ft\u0131r.<\/p>\n<p>&#8220;T\u00fcrkiye&#8217;yi, T\u00fcrkleri sahiden tan\u0131mak isteyen yerli yabanc\u0131 herkes Kemal Tahir&#8217;i okumak,<br \/>\nanlamak zorundad\u0131r.&#8221;<\/p>\n","protected":false},"excerpt":{"rendered":"<p>&#8220;Esir \u015eehir \u00dc\u00e7lemesi&#8221; edebiyat\u0131m\u0131z\u0131n g\u00fc\u00e7l\u00fc ve klasikle\u015fmi\u015f ismi Kemal Tahir&#8217;in ba\u015fyap\u0131tlar\u0131ndand\u0131r. Her b\u00fcy\u00fck ve klasik yap\u0131t gibi, bir ya da birden \u00e7ok problemati\u011fi m\u00fckemmel bir bi\u00e7imde i\u015fleyen bu nehir roman dizisinin ilk kitab\u0131 olan &#8220;Esir \u015eehrin \u0130nsanlar\u0131&#8221;nda Kemal Tahir, M\u00fctareke D\u00f6nemi Osmanl\u0131 ayd\u0131n\u0131n\u0131n ve \u0130stanbul&#8217;unun destans\u0131 direni\u015finin ve m\u00fccadelesinin benzersiz bir foto\u011fraf\u0131n\u0131 \u00e7ekmektedir.<\/p>\n<p>Kurtulu\u015f Sava\u015f\u0131 \u00f6ncesinin anlat\u0131ld\u0131\u011f\u0131 pek\u00e7ok roman yaz\u0131lm\u0131\u015ft\u0131r ku\u015fkusuz, ama hi\u00e7biri bu denli edebi ve \u00f6l\u00fcms\u00fcz olamam\u0131\u015ft\u0131r.<\/p>\n<p>&#8220;T\u00fcrkiye&#8217;yi, T\u00fcrkleri sahiden tan\u0131mak isteyen yerli yabanc\u0131 herkes Kemal Tahir&#8217;i okumak,<br \/>\nanlamak zorundad\u0131r.&#8221;<\/p>\n","protected":false},"featured_media":7174,"comment_status":"open","ping_status":"closed","template":"","meta":[],"class_list":["post-7173","product","type-product","status-publish","has-post-thumbnail","hentry","product_cat-turkiye-roman"],"_links":{"self":[{"href":"http:\/\/www.ttistanbulspor.org\/index.php\/wp-json\/wp\/v2\/product\/7173","targetHints":{"allow":["GET"]}}],"collection":[{"href":"http:\/\/www.ttistanbulspor.org\/index.php\/wp-json\/wp\/v2\/product"}],"about":[{"href":"http:\/\/www.ttistanbulspor.org\/index.php\/wp-json\/wp\/v2\/types\/product"}],"replies":[{"embeddable":true,"href":"http:\/\/www.ttistanbulspor.org\/index.php\/wp-json\/wp\/v2\/comments?post=7173"}],"wp:featuredmedia":[{"embeddable":true,"href":"http:\/\/www.ttistanbulspor.org\/index.php\/wp-json\/wp\/v2\/media\/7174"}],"wp:attachment":[{"href":"http:\/\/www.ttistanbulspor.org\/index.php\/wp-json\/wp\/v2\/media?parent=7173"}],"curies":[{"name":"wp","href":"https:\/\/api.w.org\/{rel}","templated":true}]}}