{"id":7169,"date":"2019-09-24T10:13:52","date_gmt":"2019-09-24T07:13:52","guid":{"rendered":"http:\/\/www.ttistanbulspor.org\/?post_type=product&#038;p=7169"},"modified":"2019-09-24T10:13:57","modified_gmt":"2019-09-24T07:13:57","slug":"ince-memed-2","status":"publish","type":"product","link":"http:\/\/www.ttistanbulspor.org\/index.php\/urun\/ince-memed-2\/","title":{"rendered":"\u0130nce Memed 2"},"content":{"rendered":"<p>\u00d6ld\u00fcr\u00fclen Abdi A\u011fa&#8217;n\u0131n yerini karde\u015fi Hamza al\u0131r. Memed, topraklar\u0131n\u0131 ele ge\u00e7irmek i\u00e7in Vayvay k\u00f6yl\u00fclerine zulmeden Ali Safa Bey&#8217;i ve Hamza&#8217;y\u0131 \u00f6ld\u00fcr\u00fcr. Ancak k\u00f6yl\u00fcler i\u00e7in tam bir efsaneye d\u00f6n\u00fc\u015fmesine ra\u011fmen zulmedenlerin \u00f6ld\u00fcrmekle bitmeyece\u011fi konusunda ku\u015fku duymaya ba\u015flar. Abdi A\u011fa gitmi\u015f, yerine Hamza gelmi\u015ftir, onun yerini de bir ba\u015fkas\u0131 alacakt\u0131r.<br \/>\n&#8220;Kalemi insanl\u0131\u011f\u0131n hizmetinde bir yazar&#8230;&#8221;<br \/>\n&#8211; Henry Lundstr\u00f6m, Sundvalls Tidning, (\u0130sve\u00e7)<br \/>\n&#8220;Ya\u015far Kemal, g\u00f6rkemli bir destan ak\u0131c\u0131l\u0131\u011f\u0131 i\u00e7inde, t\u00fcm ayr\u0131nt\u0131lar\u0131 titizlikle yans\u0131tarak dile getirmi\u015f \u00fclkesini.&#8221;<br \/>\n&#8211; Paul Theroux, The New York Times, (A.B.D.)<br \/>\n&#8220;Korkusuz bir toplum ele\u015ftiricisidir Ya\u015far Kemal. Ve e\u015fsiz bir \u015fair.&#8221;<\/p>\n","protected":false},"excerpt":{"rendered":"<p>\u00d6ld\u00fcr\u00fclen Abdi A\u011fa&#8217;n\u0131n yerini karde\u015fi Hamza al\u0131r. Memed, topraklar\u0131n\u0131 ele ge\u00e7irmek i\u00e7in Vayvay k\u00f6yl\u00fclerine zulmeden Ali Safa Bey&#8217;i ve Hamza&#8217;y\u0131 \u00f6ld\u00fcr\u00fcr. Ancak k\u00f6yl\u00fcler i\u00e7in tam bir efsaneye d\u00f6n\u00fc\u015fmesine ra\u011fmen zulmedenlerin \u00f6ld\u00fcrmekle bitmeyece\u011fi konusunda ku\u015fku duymaya ba\u015flar. Abdi A\u011fa gitmi\u015f, yerine Hamza gelmi\u015ftir, onun yerini de bir ba\u015fkas\u0131 alacakt\u0131r.<br \/>\n&#8220;Kalemi insanl\u0131\u011f\u0131n hizmetinde bir yazar&#8230;&#8221;<br \/>\n&#8211; Henry Lundstr\u00f6m, Sundvalls Tidning, (\u0130sve\u00e7)<br \/>\n&#8220;Ya\u015far Kemal, g\u00f6rkemli bir destan ak\u0131c\u0131l\u0131\u011f\u0131 i\u00e7inde, t\u00fcm ayr\u0131nt\u0131lar\u0131 titizlikle yans\u0131tarak dile getirmi\u015f \u00fclkesini.&#8221;<br \/>\n&#8211; Paul Theroux, The New York Times, (A.B.D.)<br \/>\n&#8220;Korkusuz bir toplum ele\u015ftiricisidir Ya\u015far Kemal. Ve e\u015fsiz bir \u015fair.&#8221;<\/p>\n","protected":false},"featured_media":7170,"comment_status":"open","ping_status":"closed","template":"","meta":[],"class_list":["post-7169","product","type-product","status-publish","has-post-thumbnail","hentry","product_cat-genel","product_cat-turkiye-roman"],"_links":{"self":[{"href":"http:\/\/www.ttistanbulspor.org\/index.php\/wp-json\/wp\/v2\/product\/7169","targetHints":{"allow":["GET"]}}],"collection":[{"href":"http:\/\/www.ttistanbulspor.org\/index.php\/wp-json\/wp\/v2\/product"}],"about":[{"href":"http:\/\/www.ttistanbulspor.org\/index.php\/wp-json\/wp\/v2\/types\/product"}],"replies":[{"embeddable":true,"href":"http:\/\/www.ttistanbulspor.org\/index.php\/wp-json\/wp\/v2\/comments?post=7169"}],"wp:featuredmedia":[{"embeddable":true,"href":"http:\/\/www.ttistanbulspor.org\/index.php\/wp-json\/wp\/v2\/media\/7170"}],"wp:attachment":[{"href":"http:\/\/www.ttistanbulspor.org\/index.php\/wp-json\/wp\/v2\/media?parent=7169"}],"curies":[{"name":"wp","href":"https:\/\/api.w.org\/{rel}","templated":true}]}}