{"id":7165,"date":"2019-09-24T10:05:25","date_gmt":"2019-09-24T07:05:25","guid":{"rendered":"http:\/\/www.ttistanbulspor.org\/?post_type=product&#038;p=7165"},"modified":"2019-09-24T10:05:29","modified_gmt":"2019-09-24T07:05:29","slug":"ince-mehmed-4","status":"publish","type":"product","link":"http:\/\/www.ttistanbulspor.org\/index.php\/urun\/ince-mehmed-4\/","title":{"rendered":"\u0130NCE MEHMED  4"},"content":{"rendered":"<p>Otuz iki y\u0131ll\u0131k bir zaman diliminde yaz\u0131lan \u0130nce Memed d\u00f6rtl\u00fcs\u00fc d\u00fczene ba\u015fkald\u0131ran Memed&#8217;in ve insan ili\u015fkileri, do\u011fas\u0131 ve renkleriyle \u00c7ukurova&#8217;n\u0131n \u00f6yk\u00fcs\u00fcd\u00fcr. Ya\u015far Kemal&#8217;in s\u00f6yleyi\u015fiyle &#8216;i\u00e7inde ba\u015fkald\u0131rma kurduysa do\u011fmu\u015f&#8217; bir insan\u0131n, &#8216;mecbur adam&#8217;\u0131n roman\u0131.<\/p>\n<p>E\u015fk\u0131yal\u0131\u011f\u0131 b\u0131rakarak evlendi\u011fi Seyran ile bir Akdeniz kasabas\u0131na yerle\u015fen Memed, burada milli m\u00fccadele kahramanlar\u0131ndan muallim Zeki Nejad&#8217;la dostluk kurar. Memed, k\u00f6yl\u00fcye zulmeden \u00e7eltik\u00e7ilerle m\u00fccadele eden Zeki Nejad&#8217;\u0131 \u00f6ld\u00fcrten \u015eakir Bey&#8217;i \u00f6ld\u00fcrerek yeniden da\u011fa \u00e7\u0131kar. Kendini yakalamak i\u00e7in k\u00f6yleri bo\u015faltarak k\u00f6yl\u00fcleri \u00c7ukurova&#8217;ya s\u00fcren milletvekili Arif Saim Bey&#8217;i de \u00f6ld\u00fcr\u00fcr. Bu olaydan sonra \u0130nce Memed&#8217;in imi timi belirsiz olur.<\/p>\n<p>&#8220;T\u00fcrk halk\u0131n\u0131n 1950 y\u0131l\u0131nda, \u00e7eyrek y\u00fczy\u0131ll\u0131k bir siyasal iktidar\u0131 ni\u00e7in de\u011fi\u015ftirdi\u011fini anlamak i\u00e7in bence \u0130nce Memed 4&#8217;\u00fc, bu, resmi tarihin d\u0131\u015f\u0131nda yaz\u0131lm\u0131\u015f roman\u0131 okumak yeter.&#8221;<br \/>\n&#8211; Fethi Naci, Bir Romanc\u0131: Ya\u015far Kemal<\/p>\n","protected":false},"excerpt":{"rendered":"<p>&#8220;\u0130nce Memed hem Homeros \u015fiiri, hem orta\u00e7a\u011f t\u00fcrk\u00fcleri, hem de bir proleter destan\u0131 ya da bir ser\u00fcven roman\u0131, hatta toplumsal bir belge niteli\u011fi ta\u015f\u0131yor.&#8221;<\/p>\n","protected":false},"featured_media":7166,"comment_status":"open","ping_status":"closed","template":"","meta":[],"class_list":["post-7165","product","type-product","status-publish","has-post-thumbnail","hentry","product_cat-turkiye-roman"],"_links":{"self":[{"href":"http:\/\/www.ttistanbulspor.org\/index.php\/wp-json\/wp\/v2\/product\/7165","targetHints":{"allow":["GET"]}}],"collection":[{"href":"http:\/\/www.ttistanbulspor.org\/index.php\/wp-json\/wp\/v2\/product"}],"about":[{"href":"http:\/\/www.ttistanbulspor.org\/index.php\/wp-json\/wp\/v2\/types\/product"}],"replies":[{"embeddable":true,"href":"http:\/\/www.ttistanbulspor.org\/index.php\/wp-json\/wp\/v2\/comments?post=7165"}],"wp:featuredmedia":[{"embeddable":true,"href":"http:\/\/www.ttistanbulspor.org\/index.php\/wp-json\/wp\/v2\/media\/7166"}],"wp:attachment":[{"href":"http:\/\/www.ttistanbulspor.org\/index.php\/wp-json\/wp\/v2\/media?parent=7165"}],"curies":[{"name":"wp","href":"https:\/\/api.w.org\/{rel}","templated":true}]}}