{"id":7163,"date":"2019-09-24T10:00:40","date_gmt":"2019-09-24T07:00:40","guid":{"rendered":"http:\/\/www.ttistanbulspor.org\/?post_type=product&#038;p=7163"},"modified":"2019-09-24T10:00:41","modified_gmt":"2019-09-24T07:00:41","slug":"nar-agaci","status":"publish","type":"product","link":"http:\/\/www.ttistanbulspor.org\/index.php\/urun\/nar-agaci\/","title":{"rendered":"NAR A\u011eACI"},"content":{"rendered":"<p>azan Bekiro\u011flu&#8217;ndan Trabzon-Tebriz-Tiflis-Batum-\u0130stanbul hatt\u0131nda ge\u00e7en muhte\u015fem bir roman.<\/p>\n<p>Balkan Sava\u015f\u0131 d\u00f6neminde ba\u015flay\u0131p I. D\u00fcnya Sava\u015f\u0131&#8217;na uzanan bir \u00f6yk\u00fc&#8230;<\/p>\n<p>Trabzon&#8217;dan ve Tebriz&#8217;den do\u011fup birbirlerine do\u011fru yol alan iki hayat; \u00f6nce deli akan sonra durgunla\u015fan iki \u0131rmak&#8230; Asl\u0131nda \u00e7ok \u0131rmak&#8230; Tebriz&#8217;in en b\u00fcy\u00fck, en asil hal\u0131 t\u00fcccar\u0131n\u0131n deli fi\u015fek o\u011flu Settarhan ve Trabzonlu inci tanesi Zehra&#8230;<br \/>\nAte\u015fin bak\u0131\u015fl\u0131 ate\u015fin duru\u015flu; \u0131rma\u011f\u0131n\u0131 kendi bildi\u011fince alev ate\u015f ak\u0131tmay\u0131 se\u00e7en bir gen\u00e7 k\u0131z Azam. Ad\u0131 ne a\u015fk ne de dostluk olan bir duyguyla Settarhan&#8217;\u0131n \u0131rma\u011f\u0131na dolanan Batumlu kitap\u00e7\u0131 Sophia. Ac\u0131yla yo\u011frulan, yo\u011frulduk\u00e7a durula\u015fan, kendi varl\u0131klar\u0131n\u0131 sevdiklerinin varl\u0131\u011f\u0131nda eriten B\u00fcy\u00fckhan\u0131m ve Hac\u0131bey&#8230;<br \/>\nVe hep kendi i\u00e7ine do\u011fru akan, kendi \u0131rma\u011f\u0131n\u0131 gencecik ya\u015fta milleti i\u00e7in kurutan, Trabzon&#8217;un &#8220;k\u0131r\u0131k kafiyesi&#8221; \u0130smail, ah \u0130smail&#8230;<\/p>\n<p>\u0130ki b\u00fcy\u00fck sava\u015f\u0131n savurup yeniden \u015fekillendirdi\u011fi hayatlar, muhaceret, m\u00fccadele, kader, farkl\u0131 inan\u00e7lar\u0131n akt\u0131\u011f\u0131 ortak zemin, \u00fc\u00e7 \u00fclke ve \u00fc\u00e7 sevda Nazan Bekiro\u011flu&#8217;nun m\u00fcrekkebi a\u015fk olan kaleminde bulu\u015ftu. &#8220;Nar A\u011fac\u0131&#8221; hayal kadar zengin, roman kadar g\u00fczel, tarih kadar ger\u00e7ek bir hik\u00e2ye\u2026 \u0130ncelikle i\u015flenmi\u015f karakterleri, son derece zengin detaylar\u0131 ve d\u00f6nemi anlatmadaki maharetiyle okuyan\u0131 \u00e7arpacak ve y\u0131llarca unutulmayacak bir kitap&#8230;<\/p>\n","protected":false},"excerpt":{"rendered":"<p>azan Bekiro\u011flu&#8217;ndan Trabzon-Tebriz-Tiflis-Batum-\u0130stanbul hatt\u0131nda ge\u00e7en muhte\u015fem bir roman.<\/p>\n<p>Balkan Sava\u015f\u0131 d\u00f6neminde ba\u015flay\u0131p I. D\u00fcnya Sava\u015f\u0131&#8217;na uzanan bir \u00f6yk\u00fc&#8230;<\/p>\n<p>Trabzon&#8217;dan ve Tebriz&#8217;den do\u011fup birbirlerine do\u011fru yol alan iki hayat; \u00f6nce deli akan sonra durgunla\u015fan iki \u0131rmak&#8230; Asl\u0131nda \u00e7ok \u0131rmak&#8230; Tebriz&#8217;in en b\u00fcy\u00fck, en asil hal\u0131 t\u00fcccar\u0131n\u0131n deli fi\u015fek o\u011flu Settarhan ve Trabzonlu inci tanesi Zehra&#8230;<br \/>\nAte\u015fin bak\u0131\u015fl\u0131 ate\u015fin duru\u015flu; \u0131rma\u011f\u0131n\u0131 kendi bildi\u011fince alev ate\u015f ak\u0131tmay\u0131 se\u00e7en bir gen\u00e7 k\u0131z Azam. Ad\u0131 ne a\u015fk ne de dostluk olan bir duyguyla Settarhan&#8217;\u0131n \u0131rma\u011f\u0131na dolanan Batumlu kitap\u00e7\u0131 Sophia. Ac\u0131yla yo\u011frulan, yo\u011frulduk\u00e7a durula\u015fan, kendi varl\u0131klar\u0131n\u0131 sevdiklerinin varl\u0131\u011f\u0131nda eriten B\u00fcy\u00fckhan\u0131m ve Hac\u0131bey&#8230;<br \/>\nVe hep kendi i\u00e7ine do\u011fru akan, kendi \u0131rma\u011f\u0131n\u0131 gencecik ya\u015fta milleti i\u00e7in kurutan, Trabzon&#8217;un &#8220;k\u0131r\u0131k kafiyesi&#8221; \u0130smail, ah \u0130smail&#8230;<\/p>\n<p>\u0130ki b\u00fcy\u00fck sava\u015f\u0131n savurup yeniden \u015fekillendirdi\u011fi hayatlar, muhaceret, m\u00fccadele, kader, farkl\u0131 inan\u00e7lar\u0131n akt\u0131\u011f\u0131 ortak zemin, \u00fc\u00e7 \u00fclke ve \u00fc\u00e7 sevda Nazan Bekiro\u011flu&#8217;nun m\u00fcrekkebi a\u015fk olan kaleminde bulu\u015ftu. &#8220;Nar A\u011fac\u0131&#8221; hayal kadar zengin, roman kadar g\u00fczel, tarih kadar ger\u00e7ek bir hik\u00e2ye\u2026 \u0130ncelikle i\u015flenmi\u015f karakterleri, son derece zengin detaylar\u0131 ve d\u00f6nemi anlatmadaki maharetiyle okuyan\u0131 \u00e7arpacak ve y\u0131llarca unutulmayacak bir kitap&#8230;<\/p>\n","protected":false},"featured_media":7164,"comment_status":"open","ping_status":"closed","template":"","meta":[],"class_list":["post-7163","product","type-product","status-publish","has-post-thumbnail","hentry","product_cat-turkiye-roman"],"_links":{"self":[{"href":"http:\/\/www.ttistanbulspor.org\/index.php\/wp-json\/wp\/v2\/product\/7163","targetHints":{"allow":["GET"]}}],"collection":[{"href":"http:\/\/www.ttistanbulspor.org\/index.php\/wp-json\/wp\/v2\/product"}],"about":[{"href":"http:\/\/www.ttistanbulspor.org\/index.php\/wp-json\/wp\/v2\/types\/product"}],"replies":[{"embeddable":true,"href":"http:\/\/www.ttistanbulspor.org\/index.php\/wp-json\/wp\/v2\/comments?post=7163"}],"wp:featuredmedia":[{"embeddable":true,"href":"http:\/\/www.ttistanbulspor.org\/index.php\/wp-json\/wp\/v2\/media\/7164"}],"wp:attachment":[{"href":"http:\/\/www.ttistanbulspor.org\/index.php\/wp-json\/wp\/v2\/media?parent=7163"}],"curies":[{"name":"wp","href":"https:\/\/api.w.org\/{rel}","templated":true}]}}