{"id":7155,"date":"2019-09-24T09:05:54","date_gmt":"2019-09-24T06:05:54","guid":{"rendered":"http:\/\/www.ttistanbulspor.org\/?post_type=product&#038;p=7155"},"modified":"2019-09-24T09:05:56","modified_gmt":"2019-09-24T06:05:56","slug":"yagmurlarla-topraklar","status":"publish","type":"product","link":"http:\/\/www.ttistanbulspor.org\/index.php\/urun\/yagmurlarla-topraklar\/","title":{"rendered":"Ya\u011fmurlarla Topraklar"},"content":{"rendered":"<p>Roman, hik\u00e2ye, \u015fiir. oyun gibi edebiyat\u0131n her dal\u0131nda verdi\u011fi usta i\u015fi \u00fcr\u00fcnlerle \u00e7a\u011fda\u015f T\u00fcrk sanat\u00e7\u0131lar\u0131 aras\u0131nda hakl\u0131 ve b\u00fcy\u00fck bir \u00fcn kazanan ve eserleri \u00fcst \u00fcste yeni bask\u0131lar yapan, yabanc\u0131 dillere \u00e7evrilen Necati Cumal\u0131 &#8220;T\u00fct\u00fcn Zaman\u0131&#8221; genel ad\u0131 alt\u0131nda &#8220;Zeli\u015f&#8221;, &#8220;Ya\u011fmurlarla Topraklar&#8221;, &#8220;Ac\u0131T\u00fct\u00fcn&#8221; \u00fc\u00e7l\u00fcs\u00fcyle Ege y\u00f6resinin ya\u015fam\u0131n\u0131 ger\u00e7ek\u00e7i bir bak\u0131\u015f a\u00e7\u0131s\u0131yla, \u00e7e\u015fitli toplumsal kesitlerden yans\u0131tarak roman\u0131na unutulmaz g\u00fczellikte bir Ege destan\u0131 kazand\u0131rm\u0131\u015ft\u0131r.<\/p>\n<p>&#8220;Ya\u011fmurlarla Topraklar&#8221;da, Cumal\u0131, a\u011f\u0131r a\u011f\u0131r do\u011fan ve birden geli\u015fen bir a\u015fk\u0131 anlat\u0131rken, bir yandan, \u00f6\u011fretmen, avukat, doktor olarak Anadolu&#8217;nun k\u00fc\u00e7\u00fck kentlerinde ya\u015fayan binlerce ayd\u0131n\u0131n ortak \u00e7ilesini, tutucu \u00e7evrelerin bask\u0131s\u0131 alt\u0131nda g\u00fcvensiz ya\u015fay\u0131\u015flar\u0131n\u0131, yaln\u0131zl\u0131klar\u0131n\u0131 yans\u0131t\u0131yor; bir yandan da somut \u00f6rneklerle bizdeki toprak m\u00fclkiyetinin temellerine inerek toprak reformuna; vakitli vakitsiz ya\u011fan ya\u011fmurlar\u0131n yol a\u00e7t\u0131\u011f\u0131 sevin\u00e7ler \u00fcz\u00fcnt\u00fclerle ekicilerin do\u011fa ile olan ili\u015fkilerine \u0131\u015f\u0131k tutuyor Hayat\u0131n \u00f6z\u00fcnde oldu\u011fu gibi de\u011fi\u015fik olaylar\u0131 i\u00e7 i\u00e7e yans\u0131tan, sa\u011flam, usta i\u015fi, b\u00fcy\u00fck bir roman bu.<\/p>\n","protected":false},"excerpt":{"rendered":"<p>Roman, hik\u00e2ye, \u015fiir. oyun gibi edebiyat\u0131n her dal\u0131nda verdi\u011fi usta i\u015fi \u00fcr\u00fcnlerle \u00e7a\u011fda\u015f T\u00fcrk sanat\u00e7\u0131lar\u0131 aras\u0131nda hakl\u0131 ve b\u00fcy\u00fck bir \u00fcn kazanan ve eserleri \u00fcst \u00fcste yeni bask\u0131lar yapan, yabanc\u0131 dillere \u00e7evrilen Necati Cumal\u0131 &#8220;T\u00fct\u00fcn Zaman\u0131&#8221; genel ad\u0131 alt\u0131nda &#8220;Zeli\u015f&#8221;, &#8220;Ya\u011fmurlarla Topraklar&#8221;, &#8220;Ac\u0131T\u00fct\u00fcn&#8221; \u00fc\u00e7l\u00fcs\u00fcyle Ege y\u00f6resinin ya\u015fam\u0131n\u0131 ger\u00e7ek\u00e7i bir bak\u0131\u015f a\u00e7\u0131s\u0131yla, \u00e7e\u015fitli toplumsal kesitlerden yans\u0131tarak roman\u0131na unutulmaz g\u00fczellikte bir Ege destan\u0131 kazand\u0131rm\u0131\u015ft\u0131r.<\/p>\n<p>&#8220;Ya\u011fmurlarla Topraklar&#8221;da, Cumal\u0131, a\u011f\u0131r a\u011f\u0131r do\u011fan ve birden geli\u015fen bir a\u015fk\u0131 anlat\u0131rken, bir yandan, \u00f6\u011fretmen, avukat, doktor olarak Anadolu&#8217;nun k\u00fc\u00e7\u00fck kentlerinde ya\u015fayan binlerce ayd\u0131n\u0131n ortak \u00e7ilesini, tutucu \u00e7evrelerin bask\u0131s\u0131 alt\u0131nda g\u00fcvensiz ya\u015fay\u0131\u015flar\u0131n\u0131, yaln\u0131zl\u0131klar\u0131n\u0131 yans\u0131t\u0131yor; bir yandan da somut \u00f6rneklerle bizdeki toprak m\u00fclkiyetinin temellerine inerek toprak reformuna; vakitli vakitsiz ya\u011fan ya\u011fmurlar\u0131n yol a\u00e7t\u0131\u011f\u0131 sevin\u00e7ler \u00fcz\u00fcnt\u00fclerle ekicilerin do\u011fa ile olan ili\u015fkilerine \u0131\u015f\u0131k tutuyor Hayat\u0131n \u00f6z\u00fcnde oldu\u011fu gibi de\u011fi\u015fik olaylar\u0131 i\u00e7 i\u00e7e yans\u0131tan, sa\u011flam, usta i\u015fi, b\u00fcy\u00fck bir roman bu.<\/p>\n","protected":false},"featured_media":7156,"comment_status":"open","ping_status":"closed","template":"","meta":[],"class_list":["post-7155","product","type-product","status-publish","has-post-thumbnail","hentry","product_cat-turkiye-roman"],"_links":{"self":[{"href":"http:\/\/www.ttistanbulspor.org\/index.php\/wp-json\/wp\/v2\/product\/7155","targetHints":{"allow":["GET"]}}],"collection":[{"href":"http:\/\/www.ttistanbulspor.org\/index.php\/wp-json\/wp\/v2\/product"}],"about":[{"href":"http:\/\/www.ttistanbulspor.org\/index.php\/wp-json\/wp\/v2\/types\/product"}],"replies":[{"embeddable":true,"href":"http:\/\/www.ttistanbulspor.org\/index.php\/wp-json\/wp\/v2\/comments?post=7155"}],"wp:featuredmedia":[{"embeddable":true,"href":"http:\/\/www.ttistanbulspor.org\/index.php\/wp-json\/wp\/v2\/media\/7156"}],"wp:attachment":[{"href":"http:\/\/www.ttistanbulspor.org\/index.php\/wp-json\/wp\/v2\/media?parent=7155"}],"curies":[{"name":"wp","href":"https:\/\/api.w.org\/{rel}","templated":true}]}}