{"id":7137,"date":"2019-09-24T07:55:14","date_gmt":"2019-09-24T04:55:14","guid":{"rendered":"http:\/\/www.ttistanbulspor.org\/?post_type=product&#038;p=7137"},"modified":"2019-09-24T08:36:08","modified_gmt":"2019-09-24T05:36:08","slug":"masumiyet-muzesi","status":"publish","type":"product","link":"http:\/\/www.ttistanbulspor.org\/index.php\/urun\/masumiyet-muzesi\/","title":{"rendered":"Masumiyet M\u00fczesi"},"content":{"rendered":"<p>Nobel \u00d6d\u00fcll\u00fc yazar Orhan Pamuk\u2019un kitab\u0131 Masumuyet M\u00fczesi, 2008 y\u0131l\u0131nda yay\u0131mlanm\u0131\u015ft\u0131r. Orhan Pamuk, kitab\u0131 k\u0131z\u0131 R\u00fcya\u2019ya ithaf etmi\u015ftir. Yazar bu kitab\u0131 on y\u0131ll\u0131k \u00e7al\u0131\u015fma sonucunda olu\u015fturdu\u011fu bilinmektedir.<\/p>\n<p>Kitap New York Times taraf\u0131ndan \u201c2009 Y\u0131l\u0131n\u0131n En \u0130yi Kitaplar\u0131\u201d listesinde yer almaktad\u0131r.<\/p>\n<p>Orhan Pamuk, Masumiyet M\u00fczesi\u2019ni yay\u0131mlad\u0131ktan sonra 2012 y\u0131l\u0131nda bu romandan esinlenerek romanla ayn\u0131 ad\u0131 ta\u015f\u0131yan m\u00fczeyi hayata ge\u00e7irmi\u015ftir. M\u00fcze, \u0130stanbul\u2019da kurulan ilk \u015fehir m\u00fczesidir.<\/p>\n<p>M\u00fczede \u0130stanbul\u2019da ya\u015fanan, 1970\u2019li y\u0131llardan 2000\u2019li y\u0131llara kadar uzanan bir a\u015fk hikayesinin anlat\u0131ld\u0131\u011f\u0131 objelerin yan\u0131 s\u0131ra 1950\u2019li y\u0131llar\u0131ndan itibaren g\u00fcndelik hayat\u0131m\u0131zda kullan\u0131lan pek \u00e7ok say\u0131da obje yer almaktad\u0131r.<\/p>\n<p>Masumuyet M\u00fczesi 2014 senesinde\u00a0 Avrupa M\u00fcze Forumu taraf\u0131ndan \u201cAvrupa Y\u0131l\u0131n M\u00fcze \u00d6d\u00fcl\u00fc\u201dne lay\u0131k g\u00f6r\u00fclm\u00fc\u015ft\u00fcr. Kitap, ayn\u0131 zamanda \u201cHat\u0131ralar\u0131n Masumuyeti\u201d ismiyle beyazperdeye uyarlanarak Venedik Film Festivali\u2019nde izleyicilerle bulu\u015fmu\u015ftur.<\/p>\n<p>1975 y\u0131l\u0131nda ba\u015flayan hikayede varl\u0131kl\u0131 bir ailenin o\u011flu olan Kemal\u2019in uzak akrabas\u0131 Fisun ile ya\u015fad\u0131\u011f\u0131 a\u015fk anlat\u0131lmaktad\u0131r.<\/p>\n","protected":false},"excerpt":{"rendered":"<p>Kitap New York Times taraf\u0131ndan \u201c2009 Y\u0131l\u0131n\u0131n En \u0130yi Kitaplar\u0131\u201d listesinde yer almaktad\u0131r.<\/p>\n<p>Orhan Pamuk, Masumiyet M\u00fczesi\u2019ni yay\u0131mlad\u0131ktan sonra 2012 y\u0131l\u0131nda bu romandan esinlenerek romanla ayn\u0131 ad\u0131 ta\u015f\u0131yan m\u00fczeyi hayata ge\u00e7irmi\u015ftir. M\u00fcze, \u0130stanbul\u2019da kurulan ilk \u015fehir m\u00fczesidir.<\/p>\n<p>M\u00fczede \u0130stanbul\u2019da ya\u015fanan, 1970\u2019li y\u0131llardan 2000\u2019li y\u0131llara kadar uzanan bir a\u015fk hikayesinin anlat\u0131ld\u0131\u011f\u0131 objelerin yan\u0131 s\u0131ra 1950\u2019li y\u0131llar\u0131ndan itibaren g\u00fcndelik hayat\u0131m\u0131zda kullan\u0131lan pek \u00e7ok say\u0131da obje yer almaktad\u0131r.<\/p>\n<p>Masumuyet M\u00fczesi 2014 senesinde\u00a0 Avrupa M\u00fcze Forumu taraf\u0131ndan \u201cAvrupa Y\u0131l\u0131n M\u00fcze \u00d6d\u00fcl\u00fc\u201dne lay\u0131k g\u00f6r\u00fclm\u00fc\u015ft\u00fcr. Kitap, ayn\u0131 zamanda \u201cHat\u0131ralar\u0131n Masumuyeti\u201d ismiyle beyazperdeye uyarlanarak Venedik Film Festivali\u2019nde izleyicilerle bulu\u015fmu\u015ftur.<\/p>\n<p>1975 y\u0131l\u0131nda ba\u015flayan hikayede varl\u0131kl\u0131 bir ailenin o\u011flu olan Kemal\u2019in uzak akrabas\u0131 Fisun ile ya\u015fad\u0131\u011f\u0131 a\u015fk anlat\u0131lmaktad\u0131r.<\/p>\n","protected":false},"featured_media":7138,"comment_status":"open","ping_status":"closed","template":"","meta":[],"class_list":["post-7137","product","type-product","status-publish","has-post-thumbnail","hentry","product_cat-turkiye-roman"],"_links":{"self":[{"href":"http:\/\/www.ttistanbulspor.org\/index.php\/wp-json\/wp\/v2\/product\/7137","targetHints":{"allow":["GET"]}}],"collection":[{"href":"http:\/\/www.ttistanbulspor.org\/index.php\/wp-json\/wp\/v2\/product"}],"about":[{"href":"http:\/\/www.ttistanbulspor.org\/index.php\/wp-json\/wp\/v2\/types\/product"}],"replies":[{"embeddable":true,"href":"http:\/\/www.ttistanbulspor.org\/index.php\/wp-json\/wp\/v2\/comments?post=7137"}],"wp:featuredmedia":[{"embeddable":true,"href":"http:\/\/www.ttistanbulspor.org\/index.php\/wp-json\/wp\/v2\/media\/7138"}],"wp:attachment":[{"href":"http:\/\/www.ttistanbulspor.org\/index.php\/wp-json\/wp\/v2\/media?parent=7137"}],"curies":[{"name":"wp","href":"https:\/\/api.w.org\/{rel}","templated":true}]}}