{"id":7127,"date":"2019-09-23T15:53:19","date_gmt":"2019-09-23T12:53:19","guid":{"rendered":"http:\/\/www.ttistanbulspor.org\/?post_type=product&#038;p=7127"},"modified":"2019-09-23T15:53:26","modified_gmt":"2019-09-23T12:53:26","slug":"veda","status":"publish","type":"product","link":"http:\/\/www.ttistanbulspor.org\/index.php\/urun\/veda\/","title":{"rendered":"VEDA"},"content":{"rendered":"<p>Ay\u015fe Kulin, Osmanl\u0131 \u0130mparatorlu\u011fu&#8217;nun son g\u00fcnlerinde, i\u015fgal alt\u0131ndaki \u0130stanbul&#8217;da bir konakta ya\u015fananlar\u0131 anlat\u0131yor bu kez. Son Maliye Naz\u0131r\u0131 ve ailesi arac\u0131l\u0131\u011f\u0131yla o d\u00f6nemin resmini \u00e7izen Veda, \u00e7\u00f6kmekte olan bir tarih ile yeni bir gelecek arayan Milliciler aras\u0131nda s\u0131k\u0131\u015fan o d\u00f6nem Osmanl\u0131 ayd\u0131n\u0131n\u0131n da \u00f6yk\u00fcs\u00fcn\u00fc dile getiriyor.<\/p>\n<p>Ay\u015fe Kulin&#8217;in her zamanki ustal\u0131kl\u0131 ve s\u00fcr\u00fckleyici \u00fcslubu ile okurlar\u0131n\u0131n elinden b\u0131rakamayacaklar\u0131 bir kitap bu. G\u00fcn\u00fcm\u00fcz T\u00fcrk edebiyat\u0131nda neredeyse e\u015fsiz olan, biyografik veriler ile roman tekni\u011fini birle\u015ftirmekteki ustal\u0131\u011f\u0131n\u0131 bir kez daha sergileyen Kulin, bu kez bir \u0130stanbul \u00f6yk\u00fcs\u00fc bir imparatorluk tarihini birlikte ele al\u0131yor.<\/p>\n","protected":false},"excerpt":{"rendered":"<p>Ay\u015fe Kulin, Osmanl\u0131 \u0130mparatorlu\u011fu&#8217;nun son g\u00fcnlerinde, i\u015fgal alt\u0131ndaki \u0130stanbul&#8217;da bir konakta ya\u015fananlar\u0131 anlat\u0131yor bu kez. Son Maliye Naz\u0131r\u0131 ve ailesi arac\u0131l\u0131\u011f\u0131yla o d\u00f6nemin resmini \u00e7izen Veda, \u00e7\u00f6kmekte olan bir tarih ile yeni bir gelecek arayan Milliciler aras\u0131nda s\u0131k\u0131\u015fan o d\u00f6nem Osmanl\u0131 ayd\u0131n\u0131n\u0131n da \u00f6yk\u00fcs\u00fcn\u00fc dile getiriyor.<\/p>\n<p>Ay\u015fe Kulin&#8217;in her zamanki ustal\u0131kl\u0131 ve s\u00fcr\u00fckleyici \u00fcslubu ile okurlar\u0131n\u0131n elinden b\u0131rakamayacaklar\u0131 bir kitap bu. G\u00fcn\u00fcm\u00fcz T\u00fcrk edebiyat\u0131nda neredeyse e\u015fsiz olan, biyografik veriler ile roman tekni\u011fini birle\u015ftirmekteki ustal\u0131\u011f\u0131n\u0131 bir kez daha sergileyen Kulin, bu kez bir \u0130stanbul \u00f6yk\u00fcs\u00fc bir imparatorluk tarihini birlikte ele al\u0131yor.<\/p>\n","protected":false},"featured_media":7128,"comment_status":"open","ping_status":"closed","template":"","meta":[],"class_list":["post-7127","product","type-product","status-publish","has-post-thumbnail","hentry","product_cat-turkiye-roman"],"_links":{"self":[{"href":"http:\/\/www.ttistanbulspor.org\/index.php\/wp-json\/wp\/v2\/product\/7127","targetHints":{"allow":["GET"]}}],"collection":[{"href":"http:\/\/www.ttistanbulspor.org\/index.php\/wp-json\/wp\/v2\/product"}],"about":[{"href":"http:\/\/www.ttistanbulspor.org\/index.php\/wp-json\/wp\/v2\/types\/product"}],"replies":[{"embeddable":true,"href":"http:\/\/www.ttistanbulspor.org\/index.php\/wp-json\/wp\/v2\/comments?post=7127"}],"wp:featuredmedia":[{"embeddable":true,"href":"http:\/\/www.ttistanbulspor.org\/index.php\/wp-json\/wp\/v2\/media\/7128"}],"wp:attachment":[{"href":"http:\/\/www.ttistanbulspor.org\/index.php\/wp-json\/wp\/v2\/media?parent=7127"}],"curies":[{"name":"wp","href":"https:\/\/api.w.org\/{rel}","templated":true}]}}