{"id":7107,"date":"2019-09-23T13:51:34","date_gmt":"2019-09-23T10:51:34","guid":{"rendered":"http:\/\/www.ttistanbulspor.org\/?post_type=product&#038;p=7107"},"modified":"2019-09-23T13:51:36","modified_gmt":"2019-09-23T10:51:36","slug":"sanzelize-dugun-salonu","status":"publish","type":"product","link":"http:\/\/www.ttistanbulspor.org\/index.php\/urun\/sanzelize-dugun-salonu\/","title":{"rendered":"\u015eANZEL\u0130ZE D\u00dc\u011e\u00dcN SALONU"},"content":{"rendered":"<p>&#8220;\u015eeyh babam\u0131n vefat\u0131ndan hemen sonra, yeni \u015feyhin kim olaca\u011f\u0131n\u0131 g\u00f6rebilmek i\u00e7in r\u00fcyay\u0131 bekleyen dervi\u015fler, r\u00fcyalar\u0131nda ayn\u0131 gece, ayn\u0131 ki\u015fiyi g\u00f6r\u00fcp vaziyetin mahiyetini anlayabilmek i\u00e7in sabah\u0131n erken saatlerinde kap\u0131m\u0131 \u00e7ald\u0131klar\u0131nda, gece boyunca v\u00fccudumun her zerresine sirayet etmi\u015f \u015farab\u0131n etkisinden hen\u00fcz kurtulamam\u0131\u015ft\u0131m.&#8221;<\/p>\n<p>Tar\u0131k Tufan&#8217;dan &#8220;hayat bu, her \u015fey olur&#8221; diyen bir roman!<\/p>\n<p>\u015eanzelize D\u00fc\u011f\u00fcn Salonu&#8217;nun &#8220;isimsiz&#8221; kahraman\u0131 bir a\u015fk i\u00e7in evinden \u00e7\u0131k\u0131p savrulmaya ba\u015flay\u0131nca, kendisini daha \u00f6nce hi\u00e7 ya\u015famad\u0131\u011f\u0131 t\u00fcrden \u015fa\u015f\u0131rt\u0131c\u0131 ve bir o kadar da tuhaf olaylar\u0131n i\u00e7inde buluyor.<\/p>\n<p>Tar\u0131k Tufan sevilen \u00fcslubu, hakiki hayreti ve &#8220;acayip&#8221; kurgusuyla bizi ilgi \u00e7ekici bir yolculu\u011fa \u00e7\u0131kar\u0131yor. Kahraman\u0131n oradan oraya savrulmas\u0131yla geli\u015fen bu yolculuk bir yan\u0131yla da insan\u0131n i\u00e7ine do\u011fru uzanan bir aray\u0131\u015f.<\/p>\n<p>&#8220;A\u015fk bize kefil oluyor bir yerde. Kalan borcumuzu temizliyor. Bor\u00e7 dedi\u011fim, hayata olan borcumuz; iyi insanlara, deftere yazan bakkallara, az isteyince de \u00e7ok veren lokantac\u0131lara, yapt\u0131\u011f\u0131 yemekten bir kap da sana getiren kom\u015fu kad\u0131nlara olan borcumuz. Kalan son can\u0131m\u0131z\u0131 kendi elimizle almam\u0131za m\u00e2ni oluyor. Tesellimiz oluyor. \u0130yi taraf\u0131ndan bakal\u0131m. \u0130nsanlar\u0131 masum oldu\u011fumuza inand\u0131rabiliriz. Ya da insanlar\u0131 bo\u015f verin; Allah&#8217;\u0131 inand\u0131r\u0131r\u0131z. \u00c2\u015f\u0131k adam\u0131n k\u00f6t\u00fcl\u00fc\u011f\u00fc de a\u015fk\u0131 kadar a\u015fik\u00e2r olur. Ne varsa y\u00fcz\u00fcm\u00fczde var. Ba\u015fka da bir \u015fey yok. Bu!&#8221;<\/p>\n","protected":false},"excerpt":{"rendered":"<p>&#8220;\u015eeyh babam\u0131n vefat\u0131ndan hemen sonra, yeni \u015feyhin kim olaca\u011f\u0131n\u0131 g\u00f6rebilmek i\u00e7in r\u00fcyay\u0131 bekleyen dervi\u015fler, r\u00fcyalar\u0131nda ayn\u0131 gece, ayn\u0131 ki\u015fiyi g\u00f6r\u00fcp vaziyetin mahiyetini anlayabilmek i\u00e7in sabah\u0131n erken saatlerinde kap\u0131m\u0131 \u00e7ald\u0131klar\u0131nda, gece boyunca v\u00fccudumun her zerresine sirayet etmi\u015f \u015farab\u0131n etkisinden hen\u00fcz kurtulamam\u0131\u015ft\u0131m.&#8221;<\/p>\n<p>Tar\u0131k Tufan&#8217;dan &#8220;hayat bu, her \u015fey olur&#8221; diyen bir roman!<\/p>\n<p>\u015eanzelize D\u00fc\u011f\u00fcn Salonu&#8217;nun &#8220;isimsiz&#8221; kahraman\u0131 bir a\u015fk i\u00e7in evinden \u00e7\u0131k\u0131p savrulmaya ba\u015flay\u0131nca, kendisini daha \u00f6nce hi\u00e7 ya\u015famad\u0131\u011f\u0131 t\u00fcrden \u015fa\u015f\u0131rt\u0131c\u0131 ve bir o kadar da tuhaf olaylar\u0131n i\u00e7inde buluyor.<\/p>\n<p>Tar\u0131k Tufan sevilen \u00fcslubu, hakiki hayreti ve &#8220;acayip&#8221; kurgusuyla bizi ilgi \u00e7ekici bir yolculu\u011fa \u00e7\u0131kar\u0131yor. Kahraman\u0131n oradan oraya savrulmas\u0131yla geli\u015fen bu yolculuk bir yan\u0131yla da insan\u0131n i\u00e7ine do\u011fru uzanan bir aray\u0131\u015f.<\/p>\n<p>&#8220;A\u015fk bize kefil oluyor bir yerde. Kalan borcumuzu temizliyor. Bor\u00e7 dedi\u011fim, hayata olan borcumuz; iyi insanlara, deftere yazan bakkallara, az isteyince de \u00e7ok veren lokantac\u0131lara, yapt\u0131\u011f\u0131 yemekten bir kap da sana getiren kom\u015fu kad\u0131nlara olan borcumuz. Kalan son can\u0131m\u0131z\u0131 kendi elimizle almam\u0131za m\u00e2ni oluyor. Tesellimiz oluyor. \u0130yi taraf\u0131ndan bakal\u0131m. \u0130nsanlar\u0131 masum oldu\u011fumuza inand\u0131rabiliriz. Ya da insanlar\u0131 bo\u015f verin; Allah&#8217;\u0131 inand\u0131r\u0131r\u0131z. \u00c2\u015f\u0131k adam\u0131n k\u00f6t\u00fcl\u00fc\u011f\u00fc de a\u015fk\u0131 kadar a\u015fik\u00e2r olur. Ne varsa y\u00fcz\u00fcm\u00fczde var. Ba\u015fka da bir \u015fey yok. Bu!&#8221;<\/p>\n","protected":false},"featured_media":7108,"comment_status":"open","ping_status":"closed","template":"","meta":[],"class_list":["post-7107","product","type-product","status-publish","has-post-thumbnail","hentry","product_cat-turkiye-roman"],"_links":{"self":[{"href":"http:\/\/www.ttistanbulspor.org\/index.php\/wp-json\/wp\/v2\/product\/7107","targetHints":{"allow":["GET"]}}],"collection":[{"href":"http:\/\/www.ttistanbulspor.org\/index.php\/wp-json\/wp\/v2\/product"}],"about":[{"href":"http:\/\/www.ttistanbulspor.org\/index.php\/wp-json\/wp\/v2\/types\/product"}],"replies":[{"embeddable":true,"href":"http:\/\/www.ttistanbulspor.org\/index.php\/wp-json\/wp\/v2\/comments?post=7107"}],"wp:featuredmedia":[{"embeddable":true,"href":"http:\/\/www.ttistanbulspor.org\/index.php\/wp-json\/wp\/v2\/media\/7108"}],"wp:attachment":[{"href":"http:\/\/www.ttistanbulspor.org\/index.php\/wp-json\/wp\/v2\/media?parent=7107"}],"curies":[{"name":"wp","href":"https:\/\/api.w.org\/{rel}","templated":true}]}}