{"id":7105,"date":"2019-09-23T13:48:16","date_gmt":"2019-09-23T10:48:16","guid":{"rendered":"http:\/\/www.ttistanbulspor.org\/?post_type=product&#038;p=7105"},"modified":"2019-09-23T13:48:19","modified_gmt":"2019-09-23T10:48:19","slug":"gecede","status":"publish","type":"product","link":"http:\/\/www.ttistanbulspor.org\/index.php\/urun\/gecede\/","title":{"rendered":"GECEDE"},"content":{"rendered":"<p>&#8220;&#8230;\u00e7ift ba\u015fl\u0131 yabanc\u0131la\u015fma canavar\u0131n\u0131 Tanr\u0131 ba\u015fl\u0131kl\u0131<br \/>\nmektup-\u00f6yk\u00fc denli k\u00f6k\u00fcnden kavrayabilen bir ba\u015fka \u00fcr\u00fcn<br \/>\nsonradan da yaz\u0131lamad\u0131ysa bunun nedenini Leyla Erbil&#8217;in<br \/>\n&#8216;bilin\u00e7\/dil\/bilin\u00e7alt\u0131\/yaz\u0131&#8217; denkleminde yakalad\u0131\u011f\u0131 tun\u00e7<br \/>\nkarara bakarak aramak gerekir.&#8221;<br \/>\n-Enis Batur&#8230;<\/p>\n","protected":false},"excerpt":{"rendered":"<p>&#8220;&#8230;\u00e7ift ba\u015fl\u0131 yabanc\u0131la\u015fma canavar\u0131n\u0131 Tanr\u0131 ba\u015fl\u0131kl\u0131<br \/>\nmektup-\u00f6yk\u00fc denli k\u00f6k\u00fcnden kavrayabilen bir ba\u015fka \u00fcr\u00fcn<br \/>\nsonradan da yaz\u0131lamad\u0131ysa bunun nedenini Leyla Erbil&#8217;in<br \/>\n&#8216;bilin\u00e7\/dil\/bilin\u00e7alt\u0131\/yaz\u0131&#8217; denkleminde yakalad\u0131\u011f\u0131 tun\u00e7<br \/>\nkarara bakarak aramak gerekir.&#8221;<br \/>\n-Enis Batur&#8230;<\/p>\n","protected":false},"featured_media":7106,"comment_status":"open","ping_status":"closed","template":"","meta":[],"class_list":["post-7105","product","type-product","status-publish","has-post-thumbnail","hentry","product_cat-turk-oyku"],"_links":{"self":[{"href":"http:\/\/www.ttistanbulspor.org\/index.php\/wp-json\/wp\/v2\/product\/7105","targetHints":{"allow":["GET"]}}],"collection":[{"href":"http:\/\/www.ttistanbulspor.org\/index.php\/wp-json\/wp\/v2\/product"}],"about":[{"href":"http:\/\/www.ttistanbulspor.org\/index.php\/wp-json\/wp\/v2\/types\/product"}],"replies":[{"embeddable":true,"href":"http:\/\/www.ttistanbulspor.org\/index.php\/wp-json\/wp\/v2\/comments?post=7105"}],"wp:featuredmedia":[{"embeddable":true,"href":"http:\/\/www.ttistanbulspor.org\/index.php\/wp-json\/wp\/v2\/media\/7106"}],"wp:attachment":[{"href":"http:\/\/www.ttistanbulspor.org\/index.php\/wp-json\/wp\/v2\/media?parent=7105"}],"curies":[{"name":"wp","href":"https:\/\/api.w.org\/{rel}","templated":true}]}}