{"id":7097,"date":"2019-09-23T11:43:05","date_gmt":"2019-09-23T08:43:05","guid":{"rendered":"http:\/\/www.ttistanbulspor.org\/?post_type=product&#038;p=7097"},"modified":"2019-09-23T11:43:36","modified_gmt":"2019-09-23T08:43:36","slug":"unutkan-ayna","status":"publish","type":"product","link":"http:\/\/www.ttistanbulspor.org\/index.php\/urun\/unutkan-ayna\/","title":{"rendered":"Unutkan Ayna"},"content":{"rendered":"<p><b>&#8220;Bir olay yaz\u0131l\u0131nca zaman kaybolur ve canlanmak i\u00e7in okuyan\u0131n bak\u0131\u015f\u0131n\u0131 bekler&#8230;&#8221;<\/b><\/p>\n<p>12 Haziran 1915 g\u00fcn\u00fc Nev\u015fehir&#8217;de, bir bozk\u0131r sabah\u0131: \u0130\u011fde kokular\u0131 i\u00e7indeyiz, serinlikten \u00fcrpererek g\u00f6zlerimizi ovu\u015fturuyoruz. Ya\u015fam ola\u011fan ak\u0131\u015f\u0131ndad\u0131r, \u00f6l\u00fcm bu d\u00fcnyaya yak\u0131\u015fmaz g\u00f6r\u00fcnmektedir. Oysa her \u015fey ko\u015fup gelecek birazdan. On g\u00fcn i\u00e7inde devran de\u011fi\u015fecek. Hi\u00e7 kimse o sabahtan sonra eskisi gibi olamayacak.<\/p>\n<p>G\u00fcrsel Korat Unutkan Ayna&#8217;da insanl\u0131\u011f\u0131n solu\u011funu tuttu\u011fu ve bak\u0131\u015flar\u0131n\u0131 Anadolu&#8217;ya dikti\u011fi bir zaman par\u00e7as\u0131n\u0131 anlat\u0131yor: &#8220;Unutman\u0131n&#8221; bazen &#8220;her \u015feyi eksiksiz g\u00f6rmek&#8221; anlam\u0131na geldi\u011fini s\u00f6yler gibi.<\/p>\n<p>&#8220;Bana bak&#8221; dedi Mayreni, iyice k\u0131zm\u0131\u015ft\u0131, &#8220;\u00d6n\u00fcm\u00fczde ka\u00e7 g\u00fcn var, onu bile bilmiyoruz. Belki mezar\u0131m\u0131z bile olmayacak. Belki bu \u00e7ocuklar birbirinden murad\u0131n\u0131 alamayacak.&#8221; Mayreni&#8217;nin g\u00f6zleri, ne s\u00f6yledi\u011fini o an anlam\u0131\u015f birinin \u015fa\u015fk\u0131nl\u0131\u011f\u0131yla doldu, y\u00fcz\u00fc deh\u015fetle gerildi, sesi giderek bo\u011fukla\u015ft\u0131: &#8220;Belki en sevdiklerimizin \u00f6l\u00fcs\u00fcn\u00fc elimize alaca\u011f\u0131z.&#8221;<\/p>\n","protected":false},"excerpt":{"rendered":"<p><b>&#8220;Bir olay yaz\u0131l\u0131nca zaman kaybolur ve canlanmak i\u00e7in okuyan\u0131n bak\u0131\u015f\u0131n\u0131 bekler&#8230;&#8221;<\/b><\/p>\n<p>12 Haziran 1915 g\u00fcn\u00fc Nev\u015fehir&#8217;de, bir bozk\u0131r sabah\u0131: \u0130\u011fde kokular\u0131 i\u00e7indeyiz, serinlikten \u00fcrpererek g\u00f6zlerimizi ovu\u015fturuyoruz. Ya\u015fam ola\u011fan ak\u0131\u015f\u0131ndad\u0131r, \u00f6l\u00fcm bu d\u00fcnyaya yak\u0131\u015fmaz g\u00f6r\u00fcnmektedir. Oysa her \u015fey ko\u015fup gelecek birazdan. On g\u00fcn i\u00e7inde devran de\u011fi\u015fecek. Hi\u00e7 kimse o sabahtan sonra eskisi gibi olamayacak.<\/p>\n<p>G\u00fcrsel Korat Unutkan Ayna&#8217;da insanl\u0131\u011f\u0131n solu\u011funu tuttu\u011fu ve bak\u0131\u015flar\u0131n\u0131 Anadolu&#8217;ya dikti\u011fi bir zaman par\u00e7as\u0131n\u0131 anlat\u0131yor: &#8220;Unutman\u0131n&#8221; bazen &#8220;her \u015feyi eksiksiz g\u00f6rmek&#8221; anlam\u0131na geldi\u011fini s\u00f6yler gibi.<\/p>\n<p>&#8220;Bana bak&#8221; dedi Mayreni, iyice k\u0131zm\u0131\u015ft\u0131, &#8220;\u00d6n\u00fcm\u00fczde ka\u00e7 g\u00fcn var, onu bile bilmiyoruz. Belki mezar\u0131m\u0131z bile olmayacak. Belki bu \u00e7ocuklar birbirinden murad\u0131n\u0131 alamayacak.&#8221; Mayreni&#8217;nin g\u00f6zleri, ne s\u00f6yledi\u011fini o an anlam\u0131\u015f birinin \u015fa\u015fk\u0131nl\u0131\u011f\u0131yla doldu, y\u00fcz\u00fc deh\u015fetle gerildi, sesi giderek bo\u011fukla\u015ft\u0131: &#8220;Belki en sevdiklerimizin \u00f6l\u00fcs\u00fcn\u00fc elimize alaca\u011f\u0131z.&#8221;<\/p>\n","protected":false},"featured_media":7098,"comment_status":"open","ping_status":"closed","template":"","meta":[],"class_list":["post-7097","product","type-product","status-publish","has-post-thumbnail","hentry","product_cat-turkiye-roman"],"_links":{"self":[{"href":"http:\/\/www.ttistanbulspor.org\/index.php\/wp-json\/wp\/v2\/product\/7097","targetHints":{"allow":["GET"]}}],"collection":[{"href":"http:\/\/www.ttistanbulspor.org\/index.php\/wp-json\/wp\/v2\/product"}],"about":[{"href":"http:\/\/www.ttistanbulspor.org\/index.php\/wp-json\/wp\/v2\/types\/product"}],"replies":[{"embeddable":true,"href":"http:\/\/www.ttistanbulspor.org\/index.php\/wp-json\/wp\/v2\/comments?post=7097"}],"wp:featuredmedia":[{"embeddable":true,"href":"http:\/\/www.ttistanbulspor.org\/index.php\/wp-json\/wp\/v2\/media\/7098"}],"wp:attachment":[{"href":"http:\/\/www.ttistanbulspor.org\/index.php\/wp-json\/wp\/v2\/media?parent=7097"}],"curies":[{"name":"wp","href":"https:\/\/api.w.org\/{rel}","templated":true}]}}