{"id":7075,"date":"2019-09-23T09:44:12","date_gmt":"2019-09-23T06:44:12","guid":{"rendered":"http:\/\/www.ttistanbulspor.org\/?post_type=product&#038;p=7075"},"modified":"2019-09-23T09:44:22","modified_gmt":"2019-09-23T06:44:22","slug":"eylulun-golgesinde-bir-yazdi","status":"publish","type":"product","link":"http:\/\/www.ttistanbulspor.org\/index.php\/urun\/eylulun-golgesinde-bir-yazdi\/","title":{"rendered":"EYL\u00dcL\u00dcN G\u00d6LGES\u0130NDE B\u0130R YAZDI"},"content":{"rendered":"<p>\u201cEyl\u00fcl\u00fcn G\u00f6lgesinde Bir Yazd\u0131, yaln\u0131zl\u0131\u011f\u0131n roman\u0131, dostluk \u00f6zleminin, iyi insan \u00f6zleminin roman\u0131. Ferit Edg\u00fc, \u00c7ak\u0131r\u2019\u0131 anlat\u0131rken, su yolunda k\u0131r\u0131lan testileri anlat\u0131rken, hepimizin yaln\u0131zl\u0131\u011f\u0131n\u0131, hepimizin dostluk \u00f6zlemini dile getiriyor. \u015eu iyice bunald\u0131\u011f\u0131m\u0131z ko\u015fullarda&#8230; Ve yaln\u0131zl\u0131\u011fa, dostlu\u011fa, iyili\u011fe denk d\u00fc\u015fen bir anlat\u0131mla&#8230; Bir de bak\u0131yorsunuz\u2026 Eyl\u00fcl\u00fcn G\u00f6lgesinde Bir Yazd\u0131, g\u00fcn\u00fcm\u00fcz T\u00fcrkiyesi\u2019nin gayr\u0131insanile\u015fmi\u015f durumunun izd\u00fc\u015f\u00fcm\u00fc oluvermi\u015f\u2026\u201d<\/p>\n","protected":false},"excerpt":{"rendered":"<p>\u201cEyl\u00fcl\u00fcn G\u00f6lgesinde Bir Yazd\u0131, yaln\u0131zl\u0131\u011f\u0131n roman\u0131, dostluk \u00f6zleminin, iyi insan \u00f6zleminin roman\u0131. Ferit Edg\u00fc, \u00c7ak\u0131r\u2019\u0131 anlat\u0131rken, su yolunda k\u0131r\u0131lan testileri anlat\u0131rken, hepimizin yaln\u0131zl\u0131\u011f\u0131n\u0131, hepimizin dostluk \u00f6zlemini dile getiriyor. \u015eu iyice bunald\u0131\u011f\u0131m\u0131z ko\u015fullarda&#8230; Ve yaln\u0131zl\u0131\u011fa, dostlu\u011fa, iyili\u011fe denk d\u00fc\u015fen bir anlat\u0131mla&#8230; Bir de bak\u0131yorsunuz\u2026 Eyl\u00fcl\u00fcn G\u00f6lgesinde Bir Yazd\u0131, g\u00fcn\u00fcm\u00fcz T\u00fcrkiyesi\u2019nin gayr\u0131insanile\u015fmi\u015f durumunun izd\u00fc\u015f\u00fcm\u00fc oluvermi\u015f\u2026\u201d<\/p>\n","protected":false},"featured_media":7076,"comment_status":"open","ping_status":"closed","template":"","meta":[],"class_list":["post-7075","product","type-product","status-publish","has-post-thumbnail","hentry","product_cat-turkiye-roman"],"_links":{"self":[{"href":"http:\/\/www.ttistanbulspor.org\/index.php\/wp-json\/wp\/v2\/product\/7075","targetHints":{"allow":["GET"]}}],"collection":[{"href":"http:\/\/www.ttistanbulspor.org\/index.php\/wp-json\/wp\/v2\/product"}],"about":[{"href":"http:\/\/www.ttistanbulspor.org\/index.php\/wp-json\/wp\/v2\/types\/product"}],"replies":[{"embeddable":true,"href":"http:\/\/www.ttistanbulspor.org\/index.php\/wp-json\/wp\/v2\/comments?post=7075"}],"wp:featuredmedia":[{"embeddable":true,"href":"http:\/\/www.ttistanbulspor.org\/index.php\/wp-json\/wp\/v2\/media\/7076"}],"wp:attachment":[{"href":"http:\/\/www.ttistanbulspor.org\/index.php\/wp-json\/wp\/v2\/media?parent=7075"}],"curies":[{"name":"wp","href":"https:\/\/api.w.org\/{rel}","templated":true}]}}