{"id":7069,"date":"2019-09-23T09:27:36","date_gmt":"2019-09-23T06:27:36","guid":{"rendered":"http:\/\/www.ttistanbulspor.org\/?post_type=product&#038;p=7069"},"modified":"2019-09-23T09:27:50","modified_gmt":"2019-09-23T06:27:50","slug":"yedinci-gun","status":"publish","type":"product","link":"http:\/\/www.ttistanbulspor.org\/index.php\/urun\/yedinci-gun\/","title":{"rendered":"YED\u0130NC\u0130 G\u00dcN"},"content":{"rendered":"<p>\u0130nsan olman\u0131n erdemine vurgu yapan bu roman, en zor ko\u015fullarda bile bireyin ufkunda beliren ya\u015fama sevinci ve umudun ye\u015fermesi konusunda bir ba\u015fyap\u0131t \u00f6zelli\u011fine sahip.<\/p>\n<p>Felsefe alan\u0131nda kal\u0131c\u0131 eserlere imza atm\u0131\u015f olan \u00fcnl\u00fc d\u00fc\u015f\u00fcn\u00fcr ve yazar Orhan Han\u00e7erlio\u011flu&#8217;nun MEB 100 Temel Eser aras\u0131nda yer alan roman\u0131 Yedinci G\u00fcn&#8217;\u00fc yeni bir kapak tasar\u0131m\u0131 ve tek kitap olarak sunuyoruz.\u00fcn&#8217;\u00fc yeni bir kapak tasar\u0131m\u0131 ve tek kitap olarak sunuyoruz.<\/p>\n","protected":false},"excerpt":{"rendered":"<p>\u0130nsan olman\u0131n erdemine vurgu yapan bu roman, en zor ko\u015fullarda bile bireyin ufkunda beliren ya\u015fama sevinci ve umudun ye\u015fermesi konusunda bir ba\u015fyap\u0131t \u00f6zelli\u011fine sahip.<\/p>\n<p>Felsefe alan\u0131nda kal\u0131c\u0131 eserlere imza atm\u0131\u015f olan \u00fcnl\u00fc d\u00fc\u015f\u00fcn\u00fcr ve yazar Orhan Han\u00e7erlio\u011flu&#8217;nun MEB 100 Temel Eser aras\u0131nda yer alan roman\u0131 Yedinci G\u00fcn&#8217;\u00fc yeni bir kapak tasar\u0131m\u0131 ve tek kitap olarak sunuyoruz.<\/p>\n","protected":false},"featured_media":7070,"comment_status":"open","ping_status":"closed","template":"","meta":[],"class_list":["post-7069","product","type-product","status-publish","has-post-thumbnail","hentry","product_cat-turkiye-roman"],"_links":{"self":[{"href":"http:\/\/www.ttistanbulspor.org\/index.php\/wp-json\/wp\/v2\/product\/7069","targetHints":{"allow":["GET"]}}],"collection":[{"href":"http:\/\/www.ttistanbulspor.org\/index.php\/wp-json\/wp\/v2\/product"}],"about":[{"href":"http:\/\/www.ttistanbulspor.org\/index.php\/wp-json\/wp\/v2\/types\/product"}],"replies":[{"embeddable":true,"href":"http:\/\/www.ttistanbulspor.org\/index.php\/wp-json\/wp\/v2\/comments?post=7069"}],"wp:featuredmedia":[{"embeddable":true,"href":"http:\/\/www.ttistanbulspor.org\/index.php\/wp-json\/wp\/v2\/media\/7070"}],"wp:attachment":[{"href":"http:\/\/www.ttistanbulspor.org\/index.php\/wp-json\/wp\/v2\/media?parent=7069"}],"curies":[{"name":"wp","href":"https:\/\/api.w.org\/{rel}","templated":true}]}}